{"id":1106,"date":"2025-09-04T10:05:07","date_gmt":"2025-09-04T08:05:07","guid":{"rendered":"https:\/\/evoabyinstalacionesfontes.com\/?page_id=1106"},"modified":"2025-09-04T10:13:32","modified_gmt":"2025-09-04T08:13:32","slug":"politica-de-devolucion","status":"publish","type":"page","link":"https:\/\/evoabyinstalacionesfontes.com\/ca\/politica-de-devolucion\/","title":{"rendered":"Pol\u00edtica de Devoluci\u00f3"},"content":{"rendered":"<div data-elementor-type=\"wp-page\" data-elementor-id=\"1106\" class=\"elementor elementor-1106\" data-elementor-post-type=\"page\">\n\t\t\t\t<div class=\"elementor-element elementor-element-f637a82 e-flex e-con-boxed e-con e-parent\" data-id=\"f637a82\" data-element_type=\"container\" data-settings=\"{&quot;background_background&quot;:&quot;classic&quot;}\">\n\t\t\t\t\t<div class=\"e-con-inner\">\n\t\t\t\t<div class=\"elementor-element elementor-element-f8ddfed elementor-widget__width-inherit elementor-invisible elementor-widget elementor-widget-heading\" data-id=\"f8ddfed\" data-element_type=\"widget\" data-settings=\"{&quot;_animation&quot;:&quot;fadeIn&quot;}\" data-widget_type=\"heading.default\">\n\t\t\t\t<div class=\"elementor-widget-container\">\n\t\t\t\t\t<h1 class=\"elementor-heading-title elementor-size-default\">Pol\u00edtica de Devoluci\u00f3<\/h1>\t\t\t\t<\/div>\n\t\t\t\t<\/div>\n\t\t\t\t\t<\/div>\n\t\t\t\t<\/div>\n\t\t<div class=\"elementor-element elementor-element-45f14e2 e-flex e-con-boxed e-con e-parent\" data-id=\"45f14e2\" data-element_type=\"container\">\n\t\t\t\t\t<div class=\"e-con-inner\">\n\t\t\t\t<div class=\"elementor-element elementor-element-4914752c elementor-widget elementor-widget-text-editor\" data-id=\"4914752c\" data-element_type=\"widget\" data-widget_type=\"text-editor.default\">\n\t\t\t\t<div class=\"elementor-widget-container\">\n\t\t\t\t\t\t\t\t\t\n<p data-start=\"249\" data-end=\"426\"><em>Aquesta pol\u00edtica de devolucions va ser actualitzada per darrer cop el 04\/09\/2025 i s&#039;aplica als ciutadans i residents legals permanents de l&#039;Espai Econ\u00f2mic Europeu i Su\u00efssa.<\/em><\/p>\n<p data-start=\"428\" data-end=\"448\"><strong>1. Introducci\u00f3<\/strong><\/p>\n<p data-start=\"450\" data-end=\"686\">La nostra web, <a class=\"decorated-link\" href=\"https:\/\/evoabyinstalacionesfontes.com\/ca\/?utm_source=chatgpt.com\" target=\"_new\" rel=\"noopener\" data-start=\"463\" data-end=\"539\">https:\/\/evoabyinstalacionesfontes.com\/<\/a> (d&#039;ara endavant: \u00abla web\u00bb), posa a disposici\u00f3 dels seus clients un sistema de devolucions subjecte a les condicions que es descriuen a continuaci\u00f3.<\/p>\n<p data-start=\"688\" data-end=\"715\"><strong>2. Termini de devoluci\u00f3<\/strong><\/p>\n<p data-start=\"717\" data-end=\"876\">El client disposa d&#039;un <strong data-start=\"742\" data-end=\"779\">termini m\u00e0xim de 15 dies naturals<\/strong> des de la data de recepci\u00f3 de la comanda per sol\u00b7licitar la devoluci\u00f3 d&#039;un o m\u00e9s productes.<\/p>\n<p data-start=\"878\" data-end=\"911\"><strong>3. Condicions de devoluci\u00f3<\/strong><\/p>\n<p data-start=\"913\" data-end=\"1010\">Perqu\u00e8 la devoluci\u00f3 sigui acceptada, els productes han de complir els requisits seg\u00fcents:<\/p>\n<ul data-start=\"1012\" data-end=\"1223\">\n<li data-start=\"1012\" data-end=\"1075\">\n<p data-start=\"1014\" data-end=\"1075\">Estar en perfecte estat, sense haver estat usats ni danyats.<\/p>\n<\/li>\n<li data-start=\"1076\" data-end=\"1173\">\n<p data-start=\"1078\" data-end=\"1173\">Conservar el seu embalatge original i tots els accessoris, manuals i etiquetes corresponents.<\/p>\n<\/li>\n<li data-start=\"1174\" data-end=\"1223\">\n<p data-start=\"1176\" data-end=\"1223\">Presentar el comprovant de compra o factura.<\/p>\n<\/li>\n<\/ul>\n<p data-start=\"1225\" data-end=\"1322\">Ens reservem el dret de rebutjar qualsevol devoluci\u00f3 que no compleixi aquestes condicions.<\/p>\n<p data-start=\"1324\" data-end=\"1352\"><strong>4. Despeses de devoluci\u00f3<\/strong><\/p>\n<p data-start=\"1354\" data-end=\"1528\">Els <strong data-start=\"1358\" data-end=\"1432\">despeses d&#039;enviament associades a la devoluci\u00f3 seran a c\u00e0rrec del client<\/strong>. Nom\u00e9s en cas d&#039;error a l&#039;enviament o producte defectu\u00f3s assumirem els costos de devoluci\u00f3.<\/p>\n<p data-start=\"1530\" data-end=\"1565\"><strong>5. Procediment de devoluci\u00f3<\/strong><\/p>\n<p data-start=\"1567\" data-end=\"1800\">Per tramitar una devoluci\u00f3, el client haur\u00e0 de posar-se en contacte amb nosaltres a trav\u00e9s de les dades indicades a l&#039;apartat 7 d&#039;aquesta pol\u00edtica, indicant el n\u00famero de comanda, el motiu de la devoluci\u00f3 i el producte a tornar.<\/p>\n<p data-start=\"1802\" data-end=\"1996\">Un cop rebut el producte i comprovat el seu estat, es procedir\u00e0 al reemborsament corresponent en un termini m\u00e0xim de 14 dies naturals, mitjan\u00e7ant el mateix m\u00e8tode de pagament utilitzat a la compra.<\/p>\n<p data-start=\"1998\" data-end=\"2017\"><strong>6. Exclusions<\/strong><\/p>\n<p data-start=\"2019\" data-end=\"2063\">No s&#039;admetran devolucions de productes:<\/p>\n<ul data-start=\"2065\" data-end=\"2216\">\n<li data-start=\"2065\" data-end=\"2110\">\n<p data-start=\"2067\" data-end=\"2110\">Personalitzats o confeccionats a mida.<\/p>\n<\/li>\n<li data-start=\"2111\" data-end=\"2216\">\n<p data-start=\"2113\" data-end=\"2216\">Que, per raons d&#039;higiene o protecci\u00f3 de la salut, no puguin ser tornats una vegada desprecintats.<\/p>\n<\/li>\n<\/ul>\n<p data-start=\"2218\" data-end=\"2243\"><strong>7. Dades de contacte<\/strong><\/p>\n<p data-start=\"2218\" data-end=\"2243\">Per a preguntes i\/o comentaris sobre la nostra pol\u00edtica de cookies i aquesta declaraci\u00f3, si us plau, contacta amb nosaltres usant les seg\u00fcents dades de contacte:<\/p>\n<ul>\n<li><strong>Ra\u00f3 Social:<\/strong> Mariana Andrea Supaga<\/li>\n<li><strong>DNI\/NIF\/NIE:<\/strong> Y2715156C<\/li>\n<\/ul>\n<ul class=\"wp-block-list\">\n<li><strong>Nom:<\/strong> Mariana Andrea Supaga<\/li>\n<li><strong>Domicili fiscal:<\/strong> Carrer anyet 43, 17740 Vilafant, Girona<\/li>\n<li><strong>Tel\u00e8fon:<\/strong> 655312428<\/li>\n<li><strong>E-mail:<\/strong> <a class=\"css-1rn59kg\" title=\"mailto:5156c@marketboom.es\" href=\"mailto:5156c@marketboom.es\" target=\"_blank\" rel=\"noopener\" data-testid=\"link-with-safety\" data-renderer-mark=\"true\">5156c@marketboom.es<\/a><\/li>\n<\/ul>\n\t\t\t\t\t\t\t\t<\/div>\n\t\t\t\t<\/div>\n\t\t\t\t\t<\/div>\n\t\t\t\t<\/div>\n\t\t\t\t<\/div>","protected":false},"excerpt":{"rendered":"<p>Esta pol\u00edtica de devoluciones fue actualizada por \u00faltima vez el 04\/09\/2025 y se aplica a los ciudadanos y residentes legales permanentes del Espacio Econ\u00f3mico Europeo y Suiza. 1. Introducci\u00f3n Nuestra web, https:\/\/evoabyinstalacionesfontes.com\/ (en adelante: \u00abla web\u00bb), pone a disposici\u00f3n de sus clientes un sistema de devoluciones sujeto a las condiciones que se describen a continuaci\u00f3n. [&hellip;]<\/p>","protected":false},"author":1,"featured_media":0,"parent":0,"menu_order":0,"comment_status":"closed","ping_status":"closed","template":"","meta":{"footnotes":""},"class_list":["post-1106","page","type-page","status-publish","hentry"],"yoast_head":"<!-- This site is optimized with the Yoast SEO plugin v26.0 - https:\/\/yoast.com\/wordpress\/plugins\/seo\/ -->\n<title>Pol\u00edtica de Devoluci\u00f3n - EVOA<\/title>\n<meta name=\"robots\" content=\"index, follow, max-snippet:-1, max-image-preview:large, max-video-preview:-1\" \/>\n<link rel=\"canonical\" href=\"https:\/\/evoabyinstalacionesfontes.com\/ca\/politica-de-devolucion\/\" \/>\n<meta property=\"og:locale\" content=\"ca_ES\" \/>\n<meta property=\"og:type\" content=\"article\" \/>\n<meta property=\"og:title\" content=\"Pol\u00edtica de Devoluci\u00f3n - EVOA\" \/>\n<meta property=\"og:description\" content=\"Esta pol\u00edtica de devoluciones fue actualizada por \u00faltima vez el 04\/09\/2025 y se aplica a los ciudadanos y residentes legales permanentes del Espacio Econ\u00f3mico Europeo y Suiza. 1. Introducci\u00f3n Nuestra web, https:\/\/evoabyinstalacionesfontes.com\/ (en adelante: \u00abla web\u00bb), pone a disposici\u00f3n de sus clientes un sistema de devoluciones sujeto a las condiciones que se describen a continuaci\u00f3n. [&hellip;]\" \/>\n<meta property=\"og:url\" content=\"https:\/\/evoabyinstalacionesfontes.com\/ca\/politica-de-devolucion\/\" \/>\n<meta property=\"og:site_name\" content=\"EVOA\" \/>\n<meta property=\"article:modified_time\" content=\"2025-09-04T08:13:32+00:00\" \/>\n<meta name=\"twitter:card\" content=\"summary_large_image\" \/>\n<meta name=\"twitter:label1\" content=\"Temps estimat de lectura\" \/>\n\t<meta name=\"twitter:data1\" content=\"2 minuts\" \/>\n<script type=\"application\/ld+json\" class=\"yoast-schema-graph\">{\"@context\":\"https:\/\/schema.org\",\"@graph\":[{\"@type\":\"WebPage\",\"@id\":\"https:\/\/evoabyinstalacionesfontes.com\/politica-de-devolucion\/\",\"url\":\"https:\/\/evoabyinstalacionesfontes.com\/politica-de-devolucion\/\",\"name\":\"Pol\u00edtica de Devoluci\u00f3n - EVOA\",\"isPartOf\":{\"@id\":\"https:\/\/evoabyinstalacionesfontes.com\/#website\"},\"datePublished\":\"2025-09-04T08:05:07+00:00\",\"dateModified\":\"2025-09-04T08:13:32+00:00\",\"breadcrumb\":{\"@id\":\"https:\/\/evoabyinstalacionesfontes.com\/politica-de-devolucion\/#breadcrumb\"},\"inLanguage\":\"ca\",\"potentialAction\":[{\"@type\":\"ReadAction\",\"target\":[\"https:\/\/evoabyinstalacionesfontes.com\/politica-de-devolucion\/\"]}]},{\"@type\":\"BreadcrumbList\",\"@id\":\"https:\/\/evoabyinstalacionesfontes.com\/politica-de-devolucion\/#breadcrumb\",\"itemListElement\":[{\"@type\":\"ListItem\",\"position\":1,\"name\":\"Portada\",\"item\":\"https:\/\/evoabyinstalacionesfontes.com\/\"},{\"@type\":\"ListItem\",\"position\":2,\"name\":\"Pol\u00edtica de Devoluci\u00f3n\"}]},{\"@type\":\"WebSite\",\"@id\":\"https:\/\/evoabyinstalacionesfontes.com\/#website\",\"url\":\"https:\/\/evoabyinstalacionesfontes.com\/\",\"name\":\"EVOA\",\"description\":\"Tu tienda online de iluminaci\u00f3n y electrodom\u00e9sticos\",\"potentialAction\":[{\"@type\":\"SearchAction\",\"target\":{\"@type\":\"EntryPoint\",\"urlTemplate\":\"https:\/\/evoabyinstalacionesfontes.com\/?s={search_term_string}\"},\"query-input\":{\"@type\":\"PropertyValueSpecification\",\"valueRequired\":true,\"valueName\":\"search_term_string\"}}],\"inLanguage\":\"ca\"}]}<\/script>\n<!-- \/ Yoast SEO plugin. -->","yoast_head_json":{"title":"Pol\u00edtica de Devoluci\u00f3n - EVOA","robots":{"index":"index","follow":"follow","max-snippet":"max-snippet:-1","max-image-preview":"max-image-preview:large","max-video-preview":"max-video-preview:-1"},"canonical":"https:\/\/evoabyinstalacionesfontes.com\/ca\/politica-de-devolucion\/","og_locale":"ca_ES","og_type":"article","og_title":"Pol\u00edtica de Devoluci\u00f3n - EVOA","og_description":"Esta pol\u00edtica de devoluciones fue actualizada por \u00faltima vez el 04\/09\/2025 y se aplica a los ciudadanos y residentes legales permanentes del Espacio Econ\u00f3mico Europeo y Suiza. 1. Introducci\u00f3n Nuestra web, https:\/\/evoabyinstalacionesfontes.com\/ (en adelante: \u00abla web\u00bb), pone a disposici\u00f3n de sus clientes un sistema de devoluciones sujeto a las condiciones que se describen a continuaci\u00f3n. [&hellip;]","og_url":"https:\/\/evoabyinstalacionesfontes.com\/ca\/politica-de-devolucion\/","og_site_name":"EVOA","article_modified_time":"2025-09-04T08:13:32+00:00","twitter_card":"summary_large_image","twitter_misc":{"Temps estimat de lectura":"2 minuts"},"schema":{"@context":"https:\/\/schema.org","@graph":[{"@type":"WebPage","@id":"https:\/\/evoabyinstalacionesfontes.com\/politica-de-devolucion\/","url":"https:\/\/evoabyinstalacionesfontes.com\/politica-de-devolucion\/","name":"Pol\u00edtica de Devoluci\u00f3n - EVOA","isPartOf":{"@id":"https:\/\/evoabyinstalacionesfontes.com\/#website"},"datePublished":"2025-09-04T08:05:07+00:00","dateModified":"2025-09-04T08:13:32+00:00","breadcrumb":{"@id":"https:\/\/evoabyinstalacionesfontes.com\/politica-de-devolucion\/#breadcrumb"},"inLanguage":"ca","potentialAction":[{"@type":"ReadAction","target":["https:\/\/evoabyinstalacionesfontes.com\/politica-de-devolucion\/"]}]},{"@type":"BreadcrumbList","@id":"https:\/\/evoabyinstalacionesfontes.com\/politica-de-devolucion\/#breadcrumb","itemListElement":[{"@type":"ListItem","position":1,"name":"Portada","item":"https:\/\/evoabyinstalacionesfontes.com\/"},{"@type":"ListItem","position":2,"name":"Pol\u00edtica de Devoluci\u00f3n"}]},{"@type":"WebSite","@id":"https:\/\/evoabyinstalacionesfontes.com\/#website","url":"https:\/\/evoabyinstalacionesfontes.com\/","name":"EVOA","description":"La teva botiga online d&#039;il\u00b7luminaci\u00f3 i electrodom\u00e8stics","potentialAction":[{"@type":"SearchAction","target":{"@type":"EntryPoint","urlTemplate":"https:\/\/evoabyinstalacionesfontes.com\/?s={search_term_string}"},"query-input":{"@type":"PropertyValueSpecification","valueRequired":true,"valueName":"search_term_string"}}],"inLanguage":"ca"}]}},"_links":{"self":[{"href":"https:\/\/evoabyinstalacionesfontes.com\/ca\/wp-json\/wp\/v2\/pages\/1106","targetHints":{"allow":["GET"]}}],"collection":[{"href":"https:\/\/evoabyinstalacionesfontes.com\/ca\/wp-json\/wp\/v2\/pages"}],"about":[{"href":"https:\/\/evoabyinstalacionesfontes.com\/ca\/wp-json\/wp\/v2\/types\/page"}],"author":[{"embeddable":true,"href":"https:\/\/evoabyinstalacionesfontes.com\/ca\/wp-json\/wp\/v2\/users\/1"}],"replies":[{"embeddable":true,"href":"https:\/\/evoabyinstalacionesfontes.com\/ca\/wp-json\/wp\/v2\/comments?post=1106"}],"version-history":[{"count":5,"href":"https:\/\/evoabyinstalacionesfontes.com\/ca\/wp-json\/wp\/v2\/pages\/1106\/revisions"}],"predecessor-version":[{"id":1114,"href":"https:\/\/evoabyinstalacionesfontes.com\/ca\/wp-json\/wp\/v2\/pages\/1106\/revisions\/1114"}],"wp:attachment":[{"href":"https:\/\/evoabyinstalacionesfontes.com\/ca\/wp-json\/wp\/v2\/media?parent=1106"}],"curies":[{"name":"wp","href":"https:\/\/api.w.org\/{rel}","templated":true}]}}