{"id":202,"date":"2025-06-30T03:24:28","date_gmt":"2025-06-30T01:24:28","guid":{"rendered":"https:\/\/evoabyinstalacionesfontes.com\/?page_id=202"},"modified":"2025-07-15T16:07:24","modified_gmt":"2025-07-15T14:07:24","slug":"instalacion-profesional","status":"publish","type":"page","link":"https:\/\/evoabyinstalacionesfontes.com\/ca\/instalacion-profesional\/","title":{"rendered":"Instal\u00b7laci\u00f3 professional"},"content":{"rendered":"<div data-elementor-type=\"wp-page\" data-elementor-id=\"202\" class=\"elementor elementor-202\" data-elementor-post-type=\"page\">\n\t\t\t\t<div class=\"elementor-element elementor-element-c43decb e-flex e-con-boxed e-con e-parent\" data-id=\"c43decb\" data-element_type=\"container\" data-settings=\"{&quot;background_background&quot;:&quot;classic&quot;}\">\n\t\t\t\t\t<div class=\"e-con-inner\">\n\t\t\t\t<div class=\"elementor-element elementor-element-87bd499 elementor-widget__width-inherit elementor-invisible elementor-widget elementor-widget-heading\" data-id=\"87bd499\" data-element_type=\"widget\" data-settings=\"{&quot;_animation&quot;:&quot;fadeIn&quot;}\" data-widget_type=\"heading.default\">\n\t\t\t\t<div class=\"elementor-widget-container\">\n\t\t\t\t\t<h1 class=\"elementor-heading-title elementor-size-default\">Instal\u00b7laci\u00f3 professional d&#039;il\u00b7luminaci\u00f3 LED i electrodom\u00e8stics per a llars i empreses\n\n<\/h1>\t\t\t\t<\/div>\n\t\t\t\t<\/div>\n\t\t\t\t\t<\/div>\n\t\t\t\t<\/div>\n\t\t<div class=\"elementor-element elementor-element-ebc543f e-flex e-con-boxed e-con e-parent\" data-id=\"ebc543f\" data-element_type=\"container\">\n\t\t\t\t\t<div class=\"e-con-inner\">\n\t\t<div class=\"elementor-element elementor-element-e5343e8 e-con-full e-flex e-con e-child\" data-id=\"e5343e8\" data-element_type=\"container\">\n\t\t\t\t<div class=\"elementor-element elementor-element-24958e5 elementor-invisible elementor-widget elementor-widget-heading\" data-id=\"24958e5\" data-element_type=\"widget\" data-settings=\"{&quot;_animation&quot;:&quot;fadeInLeft&quot;}\" data-widget_type=\"heading.default\">\n\t\t\t\t<div class=\"elementor-widget-container\">\n\t\t\t\t\t<h2 class=\"elementor-heading-title elementor-size-default\">Solucions integrals de muntatge de sistemes de llum LED\n<\/h2>\t\t\t\t<\/div>\n\t\t\t\t<\/div>\n\t\t\t\t<div class=\"elementor-element elementor-element-b3b172e elementor-invisible elementor-widget elementor-widget-text-editor\" data-id=\"b3b172e\" data-element_type=\"widget\" data-settings=\"{&quot;_animation&quot;:&quot;fadeInRight&quot;}\" data-widget_type=\"text-editor.default\">\n\t\t\t\t<div class=\"elementor-widget-container\">\n\t\t\t\t\t\t\t\t\t<p>A EVOA oferim un servei especialitzat en la instal\u00b7laci\u00f3 de sistemes d&#039;il\u00b7luminaci\u00f3 LED adaptats a qualsevol entorn: habitatges, botigues, oficines, instal\u00b7lacions industrials i exteriors. El nostre proc\u00e9s comen\u00e7a amb una valoraci\u00f3 t\u00e8cnica de l&#039;espai, identificant factors com al\u00e7ada, superf\u00edcie, \u00fas de l&#039;estada i necessitats d&#039;efici\u00e8ncia energ\u00e8tica.<\/p><p>La instal\u00b7laci\u00f3 inclou la col\u00b7locaci\u00f3 de llumin\u00e0ries, aplics, tubs LED, panells i accessoris, assegurant una distribuci\u00f3 uniforme i confortable de la llum. Tamb\u00e9 instal\u00b7lem solucions intel\u00b7ligents, com a reguladors, interruptors digitals i sensors de moviment, perqu\u00e8 el control sigui senzill i eficient.<\/p>\t\t\t\t\t\t\t\t<\/div>\n\t\t\t\t<\/div>\n\t\t\t\t<\/div>\n\t\t<div class=\"elementor-element elementor-element-b4528c4 e-con-full e-flex e-con e-child\" data-id=\"b4528c4\" data-element_type=\"container\">\n\t\t\t\t<div class=\"elementor-element elementor-element-6c61ead elementor-widget elementor-widget-image\" data-id=\"6c61ead\" data-element_type=\"widget\" data-widget_type=\"image.default\">\n\t\t\t\t<div class=\"elementor-widget-container\">\n\t\t\t\t\t\t\t\t\t\t\t\t\t\t\t<img fetchpriority=\"high\" decoding=\"async\" width=\"800\" height=\"450\" src=\"https:\/\/evoabyinstalacionesfontes.com\/wp-content\/uploads\/2025\/07\/instalacion-6-1024x576.webp\" class=\"attachment-large size-large wp-image-428\" alt=\"\" srcset=\"https:\/\/evoabyinstalacionesfontes.com\/wp-content\/uploads\/2025\/07\/instalacion-6-1024x576.webp 1024w, https:\/\/evoabyinstalacionesfontes.com\/wp-content\/uploads\/2025\/07\/instalacion-6-300x169.webp 300w, https:\/\/evoabyinstalacionesfontes.com\/wp-content\/uploads\/2025\/07\/instalacion-6-768x432.webp 768w, https:\/\/evoabyinstalacionesfontes.com\/wp-content\/uploads\/2025\/07\/instalacion-6-1536x864.webp 1536w, https:\/\/evoabyinstalacionesfontes.com\/wp-content\/uploads\/2025\/07\/instalacion-6-600x338.webp 600w, https:\/\/evoabyinstalacionesfontes.com\/wp-content\/uploads\/2025\/07\/instalacion-6.webp 1920w\" sizes=\"(max-width: 800px) 100vw, 800px\" \/>\t\t\t\t\t\t\t\t\t\t\t\t\t\t\t<\/div>\n\t\t\t\t<\/div>\n\t\t\t\t<\/div>\n\t\t\t\t\t<\/div>\n\t\t\t\t<\/div>\n\t\t<div class=\"elementor-element elementor-element-228ff2b e-flex e-con-boxed e-con e-parent\" data-id=\"228ff2b\" data-element_type=\"container\" data-settings=\"{&quot;background_background&quot;:&quot;classic&quot;}\">\n\t\t\t\t\t<div class=\"e-con-inner\">\n\t\t\t\t<div class=\"elementor-element elementor-element-d7fe700 elementor-invisible elementor-widget elementor-widget-heading\" data-id=\"d7fe700\" data-element_type=\"widget\" data-settings=\"{&quot;_animation&quot;:&quot;fadeInUp&quot;}\" data-widget_type=\"heading.default\">\n\t\t\t\t<div class=\"elementor-widget-container\">\n\t\t\t\t\t<h2 class=\"elementor-heading-title elementor-size-default\"> Servei professional d&#039;instal\u00b7laci\u00f3 a domicili per a tot tipus d&#039;electrodom\u00e8stics\n\n\n<\/h2>\t\t\t\t<\/div>\n\t\t\t\t<\/div>\n\t\t\t\t<div class=\"elementor-element elementor-element-c733c66 elementor-invisible elementor-widget elementor-widget-text-editor\" data-id=\"c733c66\" data-element_type=\"widget\" data-settings=\"{&quot;_animation&quot;:&quot;fadeInUp&quot;}\" data-widget_type=\"text-editor.default\">\n\t\t\t\t<div class=\"elementor-widget-container\">\n\t\t\t\t\t\t\t\t\t<p>Adquirir un nou electrodom\u00e8stic \u00e9s nom\u00e9s el primer pas. A EVOA pensem en tot i us oferim la instal\u00b7laci\u00f3 a domicili de qualsevol equip comprat a la nostra botiga: rentadores, rentavaixelles, frigor\u00edfics, microones, encimeres, campanes extractores, forns i petits electrodom\u00e8stics. Els nostres t\u00e8cnics acreditats es desplacen al teu domicili o empresa, assegurant un muntatge r\u00e0pid, segur i certificat.<\/p>\t\t\t\t\t\t\t\t<\/div>\n\t\t\t\t<\/div>\n\t\t\t\t\t<\/div>\n\t\t\t\t<\/div>\n\t\t<div class=\"elementor-element elementor-element-5174bcd e-flex e-con-boxed e-con e-parent\" data-id=\"5174bcd\" data-element_type=\"container\">\n\t\t\t\t\t<div class=\"e-con-inner\">\n\t\t<div class=\"elementor-element elementor-element-bb65ef4 e-con-full e-flex e-con e-child\" data-id=\"bb65ef4\" data-element_type=\"container\">\n\t\t\t\t<div class=\"elementor-element elementor-element-117889f elementor-invisible elementor-widget elementor-widget-heading\" data-id=\"117889f\" data-element_type=\"widget\" data-settings=\"{&quot;_animation&quot;:&quot;fadeInLeft&quot;}\" data-widget_type=\"heading.default\">\n\t\t\t\t<div class=\"elementor-widget-container\">\n\t\t\t\t\t<h2 class=\"elementor-heading-title elementor-size-default\">Avantatges de contractar la instal\u00b7laci\u00f3 professional i amb garanties d&#039;EVOA\n\n<\/h2>\t\t\t\t<\/div>\n\t\t\t\t<\/div>\n\t\t\t\t<div class=\"elementor-element elementor-element-feda6ea elementor-invisible elementor-widget elementor-widget-text-editor\" data-id=\"feda6ea\" data-element_type=\"widget\" data-settings=\"{&quot;_animation&quot;:&quot;fadeInRight&quot;}\" data-widget_type=\"text-editor.default\">\n\t\t\t\t<div class=\"elementor-widget-container\">\n\t\t\t\t\t\t\t\t\t<p>La contractaci\u00f3 del servei EVOA garanteix que tots els elements el\u00e8ctrics queden correctament instal\u00b7lats, complint la normativa vigent i evitant riscos de sobrec\u00e0rrega o mala connexi\u00f3. Beneficis clau:<\/p>\t\t\t\t\t\t\t\t<\/div>\n\t\t\t\t<\/div>\n\t\t\t\t<div class=\"elementor-element elementor-element-0158ec6 elementor-icon-list--layout-traditional elementor-list-item-link-full_width elementor-widget elementor-widget-icon-list\" data-id=\"0158ec6\" data-element_type=\"widget\" data-widget_type=\"icon-list.default\">\n\t\t\t\t<div class=\"elementor-widget-container\">\n\t\t\t\t\t\t\t<ul class=\"elementor-icon-list-items\">\n\t\t\t\t\t\t\t<li class=\"elementor-icon-list-item\">\n\t\t\t\t\t\t\t\t\t\t\t<span class=\"elementor-icon-list-icon\">\n\t\t\t\t\t\t\t<svg aria-hidden=\"true\" class=\"e-font-icon-svg e-fas-check\" viewbox=\"0 0 512 512\" xmlns=\"http:\/\/www.w3.org\/2000\/svg\"><path d=\"M173.898 439.404l-166.4-166.4c-9.997-9.997-9.997-26.206 0-36.204l36.203-36.204c9.997-9.998 26.207-9.998 36.204 0L192 312.69 432.095 72.596c9.997-9.997 26.207-9.997 36.204 0l36.203 36.204c9.997 9.997 9.997 26.206 0 36.204l-294.4 294.401c-9.998 9.997-26.207 9.997-36.204-.001z\"><\/path><\/svg>\t\t\t\t\t\t<\/span>\n\t\t\t\t\t\t\t\t\t\t<span class=\"elementor-icon-list-text\">Seguretat el\u00e8ctrica a la instal\u00b7laci\u00f3.<\/span>\n\t\t\t\t\t\t\t\t\t<\/li>\n\t\t\t\t\t\t\t\t<li class=\"elementor-icon-list-item\">\n\t\t\t\t\t\t\t\t\t\t\t<span class=\"elementor-icon-list-icon\">\n\t\t\t\t\t\t\t<svg aria-hidden=\"true\" class=\"e-font-icon-svg e-fas-check\" viewbox=\"0 0 512 512\" xmlns=\"http:\/\/www.w3.org\/2000\/svg\"><path d=\"M173.898 439.404l-166.4-166.4c-9.997-9.997-9.997-26.206 0-36.204l36.203-36.204c9.997-9.998 26.207-9.998 36.204 0L192 312.69 432.095 72.596c9.997-9.997 26.207-9.997 36.204 0l36.203 36.204c9.997 9.997 9.997 26.206 0 36.204l-294.4 294.401c-9.998 9.997-26.207 9.997-36.204-.001z\"><\/path><\/svg>\t\t\t\t\t\t<\/span>\n\t\t\t\t\t\t\t\t\t\t<span class=\"elementor-icon-list-text\"> Estalvi de temps gr\u00e0cies a l&#039;experi\u00e8ncia de l&#039;equip EVOA.<\/span>\n\t\t\t\t\t\t\t\t\t<\/li>\n\t\t\t\t\t\t\t\t<li class=\"elementor-icon-list-item\">\n\t\t\t\t\t\t\t\t\t\t\t<span class=\"elementor-icon-list-icon\">\n\t\t\t\t\t\t\t<svg aria-hidden=\"true\" class=\"e-font-icon-svg e-fas-check\" viewbox=\"0 0 512 512\" xmlns=\"http:\/\/www.w3.org\/2000\/svg\"><path d=\"M173.898 439.404l-166.4-166.4c-9.997-9.997-9.997-26.206 0-36.204l36.203-36.204c9.997-9.998 26.207-9.998 36.204 0L192 312.69 432.095 72.596c9.997-9.997 26.207-9.997 36.204 0l36.203 36.204c9.997 9.997 9.997 26.206 0 36.204l-294.4 294.401c-9.998 9.997-26.207 9.997-36.204-.001z\"><\/path><\/svg>\t\t\t\t\t\t<\/span>\n\t\t\t\t\t\t\t\t\t\t<span class=\"elementor-icon-list-text\">Optimitzaci\u00f3 de consum i longevitat dels equips.<\/span>\n\t\t\t\t\t\t\t\t\t<\/li>\n\t\t\t\t\t\t\t\t<li class=\"elementor-icon-list-item\">\n\t\t\t\t\t\t\t\t\t\t\t<span class=\"elementor-icon-list-icon\">\n\t\t\t\t\t\t\t<svg aria-hidden=\"true\" class=\"e-font-icon-svg e-fas-check\" viewbox=\"0 0 512 512\" xmlns=\"http:\/\/www.w3.org\/2000\/svg\"><path d=\"M173.898 439.404l-166.4-166.4c-9.997-9.997-9.997-26.206 0-36.204l36.203-36.204c9.997-9.998 26.207-9.998 36.204 0L192 312.69 432.095 72.596c9.997-9.997 26.207-9.997 36.204 0l36.203 36.204c9.997 9.997 9.997 26.206 0 36.204l-294.4 294.401c-9.998 9.997-26.207 9.997-36.204-.001z\"><\/path><\/svg>\t\t\t\t\t\t<\/span>\n\t\t\t\t\t\t\t\t\t\t<span class=\"elementor-icon-list-text\">Instal\u00b7laci\u00f3 a mida, sense danys col\u00b7laterals a parets o sostres.<\/span>\n\t\t\t\t\t\t\t\t\t<\/li>\n\t\t\t\t\t\t\t\t<li class=\"elementor-icon-list-item\">\n\t\t\t\t\t\t\t\t\t\t\t<span class=\"elementor-icon-list-icon\">\n\t\t\t\t\t\t\t<svg aria-hidden=\"true\" class=\"e-font-icon-svg e-fas-check\" viewbox=\"0 0 512 512\" xmlns=\"http:\/\/www.w3.org\/2000\/svg\"><path d=\"M173.898 439.404l-166.4-166.4c-9.997-9.997-9.997-26.206 0-36.204l36.203-36.204c9.997-9.998 26.207-9.998 36.204 0L192 312.69 432.095 72.596c9.997-9.997 26.207-9.997 36.204 0l36.203 36.204c9.997 9.997 9.997 26.206 0 36.204l-294.4 294.401c-9.998 9.997-26.207 9.997-36.204-.001z\"><\/path><\/svg>\t\t\t\t\t\t<\/span>\n\t\t\t\t\t\t\t\t\t\t<span class=\"elementor-icon-list-text\">Assessoria pr\u00e8via per triar posicions \u00f2ptimes i quantitat necess\u00e0ria de punts de llum<\/span>\n\t\t\t\t\t\t\t\t\t<\/li>\n\t\t\t\t\t\t<\/ul>\n\t\t\t\t\t\t<\/div>\n\t\t\t\t<\/div>\n\t\t\t\t<\/div>\n\t\t<div class=\"elementor-element elementor-element-47dd035 e-con-full e-flex e-con e-child\" data-id=\"47dd035\" data-element_type=\"container\">\n\t\t\t\t<div class=\"elementor-element elementor-element-22ea053 elementor-widget elementor-widget-image\" data-id=\"22ea053\" data-element_type=\"widget\" data-widget_type=\"image.default\">\n\t\t\t\t<div class=\"elementor-widget-container\">\n\t\t\t\t\t\t\t\t\t\t\t\t\t\t\t<img decoding=\"async\" width=\"800\" height=\"450\" src=\"https:\/\/evoabyinstalacionesfontes.com\/wp-content\/uploads\/2025\/07\/instalacion-1024x576.webp\" class=\"attachment-large size-large wp-image-430\" alt=\"\" srcset=\"https:\/\/evoabyinstalacionesfontes.com\/wp-content\/uploads\/2025\/07\/instalacion-1024x576.webp 1024w, https:\/\/evoabyinstalacionesfontes.com\/wp-content\/uploads\/2025\/07\/instalacion-300x169.webp 300w, https:\/\/evoabyinstalacionesfontes.com\/wp-content\/uploads\/2025\/07\/instalacion-768x432.webp 768w, https:\/\/evoabyinstalacionesfontes.com\/wp-content\/uploads\/2025\/07\/instalacion-1536x864.webp 1536w, https:\/\/evoabyinstalacionesfontes.com\/wp-content\/uploads\/2025\/07\/instalacion-600x338.webp 600w, https:\/\/evoabyinstalacionesfontes.com\/wp-content\/uploads\/2025\/07\/instalacion.webp 1920w\" sizes=\"(max-width: 800px) 100vw, 800px\" \/>\t\t\t\t\t\t\t\t\t\t\t\t\t\t\t<\/div>\n\t\t\t\t<\/div>\n\t\t\t\t<\/div>\n\t\t\t\t\t<\/div>\n\t\t\t\t<\/div>\n\t\t\t\t<\/div>","protected":false},"excerpt":{"rendered":"<p>Instalaci\u00f3n profesional de iluminaci\u00f3n LED y electrodom\u00e9sticos para hogares y empresas Soluciones integrales de montaje de sistemas de luz LED En EVOA ofrecemos un servicio especializado en la instalaci\u00f3n de sistemas de iluminaci\u00f3n LED adaptados a cualquier entorno: viviendas, tiendas, oficinas, instalaciones industriales y exteriores. Nuestro proceso empieza con una valoraci\u00f3n t\u00e9cnica del espacio, identificando [&hellip;]<\/p>","protected":false},"author":1,"featured_media":0,"parent":0,"menu_order":0,"comment_status":"closed","ping_status":"closed","template":"","meta":{"footnotes":""},"class_list":["post-202","page","type-page","status-publish","hentry"],"yoast_head":"<!-- This site is optimized with the Yoast SEO plugin v26.0 - https:\/\/yoast.com\/wordpress\/plugins\/seo\/ -->\n<title>Instalaci\u00f3n profesional - EVOA<\/title>\n<meta name=\"robots\" content=\"index, follow, max-snippet:-1, max-image-preview:large, max-video-preview:-1\" \/>\n<link rel=\"canonical\" href=\"https:\/\/evoabyinstalacionesfontes.com\/ca\/instalacion-profesional\/\" \/>\n<meta property=\"og:locale\" content=\"ca_ES\" \/>\n<meta property=\"og:type\" content=\"article\" \/>\n<meta property=\"og:title\" content=\"Instalaci\u00f3n profesional - EVOA\" \/>\n<meta property=\"og:description\" content=\"Instalaci\u00f3n profesional de iluminaci\u00f3n LED y electrodom\u00e9sticos para hogares y empresas Soluciones integrales de montaje de sistemas de luz LED En EVOA ofrecemos un servicio especializado en la instalaci\u00f3n de sistemas de iluminaci\u00f3n LED adaptados a cualquier entorno: viviendas, tiendas, oficinas, instalaciones industriales y exteriores. Nuestro proceso empieza con una valoraci\u00f3n t\u00e9cnica del espacio, identificando [&hellip;]\" \/>\n<meta property=\"og:url\" content=\"https:\/\/evoabyinstalacionesfontes.com\/ca\/instalacion-profesional\/\" \/>\n<meta property=\"og:site_name\" content=\"EVOA\" \/>\n<meta property=\"article:modified_time\" content=\"2025-07-15T14:07:24+00:00\" \/>\n<meta property=\"og:image\" content=\"https:\/\/evoabyinstalacionesfontes.com\/wp-content\/uploads\/2025\/07\/instalacion-6.webp\" \/>\n\t<meta property=\"og:image:width\" content=\"1920\" \/>\n\t<meta property=\"og:image:height\" content=\"1080\" \/>\n\t<meta property=\"og:image:type\" content=\"image\/webp\" \/>\n<meta name=\"twitter:card\" content=\"summary_large_image\" \/>\n<meta name=\"twitter:label1\" content=\"Temps estimat de lectura\" \/>\n\t<meta name=\"twitter:data1\" content=\"1 minut\" \/>\n<script type=\"application\/ld+json\" class=\"yoast-schema-graph\">{\"@context\":\"https:\/\/schema.org\",\"@graph\":[{\"@type\":\"WebPage\",\"@id\":\"https:\/\/evoabyinstalacionesfontes.com\/instalacion-profesional\/\",\"url\":\"https:\/\/evoabyinstalacionesfontes.com\/instalacion-profesional\/\",\"name\":\"Instalaci\u00f3n profesional - EVOA\",\"isPartOf\":{\"@id\":\"https:\/\/evoabyinstalacionesfontes.com\/#website\"},\"primaryImageOfPage\":{\"@id\":\"https:\/\/evoabyinstalacionesfontes.com\/instalacion-profesional\/#primaryimage\"},\"image\":{\"@id\":\"https:\/\/evoabyinstalacionesfontes.com\/instalacion-profesional\/#primaryimage\"},\"thumbnailUrl\":\"https:\/\/evoabyinstalacionesfontes.com\/wp-content\/uploads\/2025\/07\/instalacion-6-1024x576.webp\",\"datePublished\":\"2025-06-30T01:24:28+00:00\",\"dateModified\":\"2025-07-15T14:07:24+00:00\",\"breadcrumb\":{\"@id\":\"https:\/\/evoabyinstalacionesfontes.com\/instalacion-profesional\/#breadcrumb\"},\"inLanguage\":\"ca\",\"potentialAction\":[{\"@type\":\"ReadAction\",\"target\":[\"https:\/\/evoabyinstalacionesfontes.com\/instalacion-profesional\/\"]}]},{\"@type\":\"ImageObject\",\"inLanguage\":\"ca\",\"@id\":\"https:\/\/evoabyinstalacionesfontes.com\/instalacion-profesional\/#primaryimage\",\"url\":\"https:\/\/evoabyinstalacionesfontes.com\/wp-content\/uploads\/2025\/07\/instalacion-6-1024x576.webp\",\"contentUrl\":\"https:\/\/evoabyinstalacionesfontes.com\/wp-content\/uploads\/2025\/07\/instalacion-6-1024x576.webp\"},{\"@type\":\"BreadcrumbList\",\"@id\":\"https:\/\/evoabyinstalacionesfontes.com\/instalacion-profesional\/#breadcrumb\",\"itemListElement\":[{\"@type\":\"ListItem\",\"position\":1,\"name\":\"Portada\",\"item\":\"https:\/\/evoabyinstalacionesfontes.com\/\"},{\"@type\":\"ListItem\",\"position\":2,\"name\":\"Instalaci\u00f3n profesional\"}]},{\"@type\":\"WebSite\",\"@id\":\"https:\/\/evoabyinstalacionesfontes.com\/#website\",\"url\":\"https:\/\/evoabyinstalacionesfontes.com\/\",\"name\":\"EVOA\",\"description\":\"Tu tienda online de iluminaci\u00f3n y electrodom\u00e9sticos\",\"potentialAction\":[{\"@type\":\"SearchAction\",\"target\":{\"@type\":\"EntryPoint\",\"urlTemplate\":\"https:\/\/evoabyinstalacionesfontes.com\/?s={search_term_string}\"},\"query-input\":{\"@type\":\"PropertyValueSpecification\",\"valueRequired\":true,\"valueName\":\"search_term_string\"}}],\"inLanguage\":\"ca\"}]}<\/script>\n<!-- \/ Yoast SEO plugin. -->","yoast_head_json":{"title":"Instalaci\u00f3n profesional - EVOA","robots":{"index":"index","follow":"follow","max-snippet":"max-snippet:-1","max-image-preview":"max-image-preview:large","max-video-preview":"max-video-preview:-1"},"canonical":"https:\/\/evoabyinstalacionesfontes.com\/ca\/instalacion-profesional\/","og_locale":"ca_ES","og_type":"article","og_title":"Instalaci\u00f3n profesional - EVOA","og_description":"Instalaci\u00f3n profesional de iluminaci\u00f3n LED y electrodom\u00e9sticos para hogares y empresas Soluciones integrales de montaje de sistemas de luz LED En EVOA ofrecemos un servicio especializado en la instalaci\u00f3n de sistemas de iluminaci\u00f3n LED adaptados a cualquier entorno: viviendas, tiendas, oficinas, instalaciones industriales y exteriores. Nuestro proceso empieza con una valoraci\u00f3n t\u00e9cnica del espacio, identificando [&hellip;]","og_url":"https:\/\/evoabyinstalacionesfontes.com\/ca\/instalacion-profesional\/","og_site_name":"EVOA","article_modified_time":"2025-07-15T14:07:24+00:00","og_image":[{"width":1920,"height":1080,"url":"https:\/\/evoabyinstalacionesfontes.com\/wp-content\/uploads\/2025\/07\/instalacion-6.webp","type":"image\/webp"}],"twitter_card":"summary_large_image","twitter_misc":{"Temps estimat de lectura":"1 minut"},"schema":{"@context":"https:\/\/schema.org","@graph":[{"@type":"WebPage","@id":"https:\/\/evoabyinstalacionesfontes.com\/instalacion-profesional\/","url":"https:\/\/evoabyinstalacionesfontes.com\/instalacion-profesional\/","name":"Instalaci\u00f3n profesional - EVOA","isPartOf":{"@id":"https:\/\/evoabyinstalacionesfontes.com\/#website"},"primaryImageOfPage":{"@id":"https:\/\/evoabyinstalacionesfontes.com\/instalacion-profesional\/#primaryimage"},"image":{"@id":"https:\/\/evoabyinstalacionesfontes.com\/instalacion-profesional\/#primaryimage"},"thumbnailUrl":"https:\/\/evoabyinstalacionesfontes.com\/wp-content\/uploads\/2025\/07\/instalacion-6-1024x576.webp","datePublished":"2025-06-30T01:24:28+00:00","dateModified":"2025-07-15T14:07:24+00:00","breadcrumb":{"@id":"https:\/\/evoabyinstalacionesfontes.com\/instalacion-profesional\/#breadcrumb"},"inLanguage":"ca","potentialAction":[{"@type":"ReadAction","target":["https:\/\/evoabyinstalacionesfontes.com\/instalacion-profesional\/"]}]},{"@type":"ImageObject","inLanguage":"ca","@id":"https:\/\/evoabyinstalacionesfontes.com\/instalacion-profesional\/#primaryimage","url":"https:\/\/evoabyinstalacionesfontes.com\/wp-content\/uploads\/2025\/07\/instalacion-6-1024x576.webp","contentUrl":"https:\/\/evoabyinstalacionesfontes.com\/wp-content\/uploads\/2025\/07\/instalacion-6-1024x576.webp"},{"@type":"BreadcrumbList","@id":"https:\/\/evoabyinstalacionesfontes.com\/instalacion-profesional\/#breadcrumb","itemListElement":[{"@type":"ListItem","position":1,"name":"Portada","item":"https:\/\/evoabyinstalacionesfontes.com\/"},{"@type":"ListItem","position":2,"name":"Instalaci\u00f3n profesional"}]},{"@type":"WebSite","@id":"https:\/\/evoabyinstalacionesfontes.com\/#website","url":"https:\/\/evoabyinstalacionesfontes.com\/","name":"EVOA","description":"La teva botiga online d&#039;il\u00b7luminaci\u00f3 i electrodom\u00e8stics","potentialAction":[{"@type":"SearchAction","target":{"@type":"EntryPoint","urlTemplate":"https:\/\/evoabyinstalacionesfontes.com\/?s={search_term_string}"},"query-input":{"@type":"PropertyValueSpecification","valueRequired":true,"valueName":"search_term_string"}}],"inLanguage":"ca"}]}},"_links":{"self":[{"href":"https:\/\/evoabyinstalacionesfontes.com\/ca\/wp-json\/wp\/v2\/pages\/202","targetHints":{"allow":["GET"]}}],"collection":[{"href":"https:\/\/evoabyinstalacionesfontes.com\/ca\/wp-json\/wp\/v2\/pages"}],"about":[{"href":"https:\/\/evoabyinstalacionesfontes.com\/ca\/wp-json\/wp\/v2\/types\/page"}],"author":[{"embeddable":true,"href":"https:\/\/evoabyinstalacionesfontes.com\/ca\/wp-json\/wp\/v2\/users\/1"}],"replies":[{"embeddable":true,"href":"https:\/\/evoabyinstalacionesfontes.com\/ca\/wp-json\/wp\/v2\/comments?post=202"}],"version-history":[{"count":28,"href":"https:\/\/evoabyinstalacionesfontes.com\/ca\/wp-json\/wp\/v2\/pages\/202\/revisions"}],"predecessor-version":[{"id":974,"href":"https:\/\/evoabyinstalacionesfontes.com\/ca\/wp-json\/wp\/v2\/pages\/202\/revisions\/974"}],"wp:attachment":[{"href":"https:\/\/evoabyinstalacionesfontes.com\/ca\/wp-json\/wp\/v2\/media?parent=202"}],"curies":[{"name":"wp","href":"https:\/\/api.w.org\/{rel}","templated":true}]}}