{"id":287,"date":"2025-07-02T14:48:54","date_gmt":"2025-07-02T12:48:54","guid":{"rendered":"https:\/\/evoabyinstalacionesfontes.com\/producto\/nantes-2\/"},"modified":"2025-07-07T20:06:37","modified_gmt":"2025-07-07T18:06:37","slug":"nantes-2","status":"publish","type":"product","link":"https:\/\/evoabyinstalacionesfontes.com\/ca\/producte\/nantes-2\/","title":{"rendered":"NANTES 2"},"content":{"rendered":"","protected":false},"excerpt":{"rendered":"<p>Penjoll de la s\u00e8rie nantes color negre. Aquest modern penjoll LED est\u00e0 realitzat en metall i acr\u00edlic, t\u00e9 tecnologia LED integrat amb 122V de pot\u00e8ncia, 9760 l\u00famens i 3 temperatures de llum seleccionables. Ve amb comandament a dist\u00e0ncia des del qual es pot desar la mem\u00f2ria de color i regular-ne la intesitat. Es caracteritza pel seu disseny amb formes corbes i entrella\u00e7ats amb aspecte brillant i resulta un joc lum\u00ednic molt interessant susp\u00e8s per 2 cables. Dimensions regulables en al\u00e7ada s\u00f3n de reg x 100 x 25 cm.<\/p>","protected":false},"featured_media":633,"comment_status":"open","ping_status":"closed","template":"","meta":[],"product_brand":[],"product_cat":[30],"product_tag":[],"class_list":{"0":"post-287","1":"product","2":"type-product","3":"status-publish","4":"has-post-thumbnail","6":"product_cat-lampara-colgante","8":"first","9":"instock","10":"taxable","11":"shipping-taxable","12":"purchasable","13":"product-type-simple"},"yoast_head":"<!-- This site is optimized with the Yoast SEO plugin v26.0 - https:\/\/yoast.com\/wordpress\/plugins\/seo\/ -->\n<title>NANTES 2 - EVOA<\/title>\n<meta name=\"robots\" content=\"index, follow, max-snippet:-1, max-image-preview:large, max-video-preview:-1\" \/>\n<link rel=\"canonical\" href=\"https:\/\/evoabyinstalacionesfontes.com\/ca\/producte\/nantes-2\/\" \/>\n<meta property=\"og:locale\" content=\"ca_ES\" \/>\n<meta property=\"og:type\" content=\"article\" \/>\n<meta property=\"og:title\" content=\"NANTES 2 - EVOA\" \/>\n<meta property=\"og:description\" content=\"Colgante de la serie nantes color negro. Este moderno colgante LED est\u00e1 realizado en metal y acr\u00edlico, posee tecnolog\u00eda LED integrado con 122V de potencia, 9760 l\u00famenes y 3 temperaturas de luz seleccionables. Viene con mando a distancia desde el que se puede guardar la memoria de color y regular su intesidad. Se caracteriza por su dise\u00f1o con formas curvas y entrelazados con aspecto brillante resultando un juego lum\u00ednico muy interesante suspendido por 2 cables. Dimensiones regulables en altura son de reg x 100 x 25 cm.\" \/>\n<meta property=\"og:url\" content=\"https:\/\/evoabyinstalacionesfontes.com\/ca\/producte\/nantes-2\/\" \/>\n<meta property=\"og:site_name\" content=\"EVOA\" \/>\n<meta property=\"article:modified_time\" content=\"2025-07-07T18:06:37+00:00\" \/>\n<meta property=\"og:image\" content=\"https:\/\/evoabyinstalacionesfontes.com\/wp-content\/uploads\/2025\/07\/Nantes-2-1-scaled.webp\" \/>\n\t<meta property=\"og:image:width\" content=\"2560\" \/>\n\t<meta property=\"og:image:height\" content=\"2560\" \/>\n\t<meta property=\"og:image:type\" content=\"image\/webp\" \/>\n<meta name=\"twitter:card\" content=\"summary_large_image\" \/>\n<script type=\"application\/ld+json\" class=\"yoast-schema-graph\">{\"@context\":\"https:\/\/schema.org\",\"@graph\":[{\"@type\":\"WebPage\",\"@id\":\"https:\/\/evoabyinstalacionesfontes.com\/producto\/nantes-2\/\",\"url\":\"https:\/\/evoabyinstalacionesfontes.com\/producto\/nantes-2\/\",\"name\":\"NANTES 2 - EVOA\",\"isPartOf\":{\"@id\":\"https:\/\/evoabyinstalacionesfontes.com\/#website\"},\"primaryImageOfPage\":{\"@id\":\"https:\/\/evoabyinstalacionesfontes.com\/producto\/nantes-2\/#primaryimage\"},\"image\":{\"@id\":\"https:\/\/evoabyinstalacionesfontes.com\/producto\/nantes-2\/#primaryimage\"},\"thumbnailUrl\":\"https:\/\/evoabyinstalacionesfontes.com\/wp-content\/uploads\/2025\/07\/Nantes-2-1-scaled.webp\",\"datePublished\":\"2025-07-02T12:48:54+00:00\",\"dateModified\":\"2025-07-07T18:06:37+00:00\",\"breadcrumb\":{\"@id\":\"https:\/\/evoabyinstalacionesfontes.com\/producto\/nantes-2\/#breadcrumb\"},\"inLanguage\":\"ca\",\"potentialAction\":[{\"@type\":\"ReadAction\",\"target\":[\"https:\/\/evoabyinstalacionesfontes.com\/producto\/nantes-2\/\"]}]},{\"@type\":\"ImageObject\",\"inLanguage\":\"ca\",\"@id\":\"https:\/\/evoabyinstalacionesfontes.com\/producto\/nantes-2\/#primaryimage\",\"url\":\"https:\/\/evoabyinstalacionesfontes.com\/wp-content\/uploads\/2025\/07\/Nantes-2-1-scaled.webp\",\"contentUrl\":\"https:\/\/evoabyinstalacionesfontes.com\/wp-content\/uploads\/2025\/07\/Nantes-2-1-scaled.webp\",\"width\":2560,\"height\":2560},{\"@type\":\"BreadcrumbList\",\"@id\":\"https:\/\/evoabyinstalacionesfontes.com\/producto\/nantes-2\/#breadcrumb\",\"itemListElement\":[{\"@type\":\"ListItem\",\"position\":1,\"name\":\"Portada\",\"item\":\"https:\/\/evoabyinstalacionesfontes.com\/\"},{\"@type\":\"ListItem\",\"position\":2,\"name\":\"Tienda\",\"item\":\"https:\/\/evoabyinstalacionesfontes.com\/tienda\/\"},{\"@type\":\"ListItem\",\"position\":3,\"name\":\"NANTES 2\"}]},{\"@type\":\"WebSite\",\"@id\":\"https:\/\/evoabyinstalacionesfontes.com\/#website\",\"url\":\"https:\/\/evoabyinstalacionesfontes.com\/\",\"name\":\"EVOA\",\"description\":\"Tu tienda online de iluminaci\u00f3n y electrodom\u00e9sticos\",\"potentialAction\":[{\"@type\":\"SearchAction\",\"target\":{\"@type\":\"EntryPoint\",\"urlTemplate\":\"https:\/\/evoabyinstalacionesfontes.com\/?s={search_term_string}\"},\"query-input\":{\"@type\":\"PropertyValueSpecification\",\"valueRequired\":true,\"valueName\":\"search_term_string\"}}],\"inLanguage\":\"ca\"}]}<\/script>\n<!-- \/ Yoast SEO plugin. -->","yoast_head_json":{"title":"NANTES 2 - EVOA","robots":{"index":"index","follow":"follow","max-snippet":"max-snippet:-1","max-image-preview":"max-image-preview:large","max-video-preview":"max-video-preview:-1"},"canonical":"https:\/\/evoabyinstalacionesfontes.com\/ca\/producte\/nantes-2\/","og_locale":"ca_ES","og_type":"article","og_title":"NANTES 2 - EVOA","og_description":"Colgante de la serie nantes color negro. Este moderno colgante LED est\u00e1 realizado en metal y acr\u00edlico, posee tecnolog\u00eda LED integrado con 122V de potencia, 9760 l\u00famenes y 3 temperaturas de luz seleccionables. Viene con mando a distancia desde el que se puede guardar la memoria de color y regular su intesidad. Se caracteriza por su dise\u00f1o con formas curvas y entrelazados con aspecto brillante resultando un juego lum\u00ednico muy interesante suspendido por 2 cables. Dimensiones regulables en altura son de reg x 100 x 25 cm.","og_url":"https:\/\/evoabyinstalacionesfontes.com\/ca\/producte\/nantes-2\/","og_site_name":"EVOA","article_modified_time":"2025-07-07T18:06:37+00:00","og_image":[{"width":2560,"height":2560,"url":"https:\/\/evoabyinstalacionesfontes.com\/wp-content\/uploads\/2025\/07\/Nantes-2-1-scaled.webp","type":"image\/webp"}],"twitter_card":"summary_large_image","schema":{"@context":"https:\/\/schema.org","@graph":[{"@type":"WebPage","@id":"https:\/\/evoabyinstalacionesfontes.com\/producto\/nantes-2\/","url":"https:\/\/evoabyinstalacionesfontes.com\/producto\/nantes-2\/","name":"NANTES 2 - EVOA","isPartOf":{"@id":"https:\/\/evoabyinstalacionesfontes.com\/#website"},"primaryImageOfPage":{"@id":"https:\/\/evoabyinstalacionesfontes.com\/producto\/nantes-2\/#primaryimage"},"image":{"@id":"https:\/\/evoabyinstalacionesfontes.com\/producto\/nantes-2\/#primaryimage"},"thumbnailUrl":"https:\/\/evoabyinstalacionesfontes.com\/wp-content\/uploads\/2025\/07\/Nantes-2-1-scaled.webp","datePublished":"2025-07-02T12:48:54+00:00","dateModified":"2025-07-07T18:06:37+00:00","breadcrumb":{"@id":"https:\/\/evoabyinstalacionesfontes.com\/producto\/nantes-2\/#breadcrumb"},"inLanguage":"ca","potentialAction":[{"@type":"ReadAction","target":["https:\/\/evoabyinstalacionesfontes.com\/producto\/nantes-2\/"]}]},{"@type":"ImageObject","inLanguage":"ca","@id":"https:\/\/evoabyinstalacionesfontes.com\/producto\/nantes-2\/#primaryimage","url":"https:\/\/evoabyinstalacionesfontes.com\/wp-content\/uploads\/2025\/07\/Nantes-2-1-scaled.webp","contentUrl":"https:\/\/evoabyinstalacionesfontes.com\/wp-content\/uploads\/2025\/07\/Nantes-2-1-scaled.webp","width":2560,"height":2560},{"@type":"BreadcrumbList","@id":"https:\/\/evoabyinstalacionesfontes.com\/producto\/nantes-2\/#breadcrumb","itemListElement":[{"@type":"ListItem","position":1,"name":"Portada","item":"https:\/\/evoabyinstalacionesfontes.com\/"},{"@type":"ListItem","position":2,"name":"Tienda","item":"https:\/\/evoabyinstalacionesfontes.com\/tienda\/"},{"@type":"ListItem","position":3,"name":"NANTES 2"}]},{"@type":"WebSite","@id":"https:\/\/evoabyinstalacionesfontes.com\/#website","url":"https:\/\/evoabyinstalacionesfontes.com\/","name":"EVOA","description":"La teva botiga online d&#039;il\u00b7luminaci\u00f3 i electrodom\u00e8stics","potentialAction":[{"@type":"SearchAction","target":{"@type":"EntryPoint","urlTemplate":"https:\/\/evoabyinstalacionesfontes.com\/?s={search_term_string}"},"query-input":{"@type":"PropertyValueSpecification","valueRequired":true,"valueName":"search_term_string"}}],"inLanguage":"ca"}]}},"_links":{"self":[{"href":"https:\/\/evoabyinstalacionesfontes.com\/ca\/wp-json\/wp\/v2\/product\/287","targetHints":{"allow":["GET"]}}],"collection":[{"href":"https:\/\/evoabyinstalacionesfontes.com\/ca\/wp-json\/wp\/v2\/product"}],"about":[{"href":"https:\/\/evoabyinstalacionesfontes.com\/ca\/wp-json\/wp\/v2\/types\/product"}],"replies":[{"embeddable":true,"href":"https:\/\/evoabyinstalacionesfontes.com\/ca\/wp-json\/wp\/v2\/comments?post=287"}],"wp:featuredmedia":[{"embeddable":true,"href":"https:\/\/evoabyinstalacionesfontes.com\/ca\/wp-json\/wp\/v2\/media\/633"}],"wp:attachment":[{"href":"https:\/\/evoabyinstalacionesfontes.com\/ca\/wp-json\/wp\/v2\/media?parent=287"}],"wp:term":[{"taxonomy":"product_brand","embeddable":true,"href":"https:\/\/evoabyinstalacionesfontes.com\/ca\/wp-json\/wp\/v2\/product_brand?post=287"},{"taxonomy":"product_cat","embeddable":true,"href":"https:\/\/evoabyinstalacionesfontes.com\/ca\/wp-json\/wp\/v2\/product_cat?post=287"},{"taxonomy":"product_tag","embeddable":true,"href":"https:\/\/evoabyinstalacionesfontes.com\/ca\/wp-json\/wp\/v2\/product_tag?post=287"}],"curies":[{"name":"wp","href":"https:\/\/api.w.org\/{rel}","templated":true}]}}