{"id":300,"date":"2025-07-02T14:48:55","date_gmt":"2025-07-02T12:48:55","guid":{"rendered":"https:\/\/evoabyinstalacionesfontes.com\/producto\/ovo-aplique\/"},"modified":"2025-08-08T16:46:00","modified_gmt":"2025-08-08T14:46:00","slug":"ovo-aplique","status":"publish","type":"product","link":"https:\/\/evoabyinstalacionesfontes.com\/ca\/producte\/ovo-aplique\/","title":{"rendered":"OVO APLIC"},"content":{"rendered":"","protected":false},"excerpt":{"rendered":"<p>OVO \u00e9s una col\u00b7lecci\u00f3 d&#039;aplics de disseny d&#039;Estudi Ribaudi per a la il\u00b7luminaci\u00f3 de la llar. Aquest aplic blanc \u00e9s ideal per a il\u00b7luminaci\u00f3 decorativa i compta amb un accessori per poder orientar el difusor i dirigir la llum en funci\u00f3 de les necessitats. DE 100 a 240V, 15W, font de llum R7S LED 118mm, il\u00b7luminaci\u00f3 ambiental.<\/p>","protected":false},"featured_media":1083,"comment_status":"open","ping_status":"closed","template":"","meta":[],"product_brand":[],"product_cat":[32],"product_tag":[],"class_list":{"0":"post-300","1":"product","2":"type-product","3":"status-publish","4":"has-post-thumbnail","6":"product_cat-aplique","8":"first","9":"instock","10":"taxable","11":"shipping-taxable","12":"purchasable","13":"product-type-variable"},"yoast_head":"<!-- This site is optimized with the Yoast SEO plugin v26.0 - https:\/\/yoast.com\/wordpress\/plugins\/seo\/ -->\n<title>OVO APLIQUE - EVOA<\/title>\n<meta name=\"robots\" content=\"index, follow, max-snippet:-1, max-image-preview:large, max-video-preview:-1\" \/>\n<link rel=\"canonical\" href=\"https:\/\/evoabyinstalacionesfontes.com\/ca\/producte\/ovo-aplique\/\" \/>\n<meta property=\"og:locale\" content=\"ca_ES\" \/>\n<meta property=\"og:type\" content=\"article\" \/>\n<meta property=\"og:title\" content=\"OVO APLIQUE - EVOA\" \/>\n<meta property=\"og:description\" content=\"OVO es una colecci\u00f3n de apliques de dise\u00f1o de Estudi Ribaudi para la iluminaci\u00f3n del hogar. Este aplique blanco es ideal para iluminaci\u00f3n decorativa y cuenta con un accesorio para poder orientear el difusor y dirigir la luz en funci\u00f3n de las necesidades. DE 100 a 240V, 15W, fuente de luz R7S LED 118mm, iluminaci\u00f3n ambiental.\" \/>\n<meta property=\"og:url\" content=\"https:\/\/evoabyinstalacionesfontes.com\/ca\/producte\/ovo-aplique\/\" \/>\n<meta property=\"og:site_name\" content=\"EVOA\" \/>\n<meta property=\"article:modified_time\" content=\"2025-08-08T14:46:00+00:00\" \/>\n<meta property=\"og:image\" content=\"https:\/\/evoabyinstalacionesfontes.com\/wp-content\/uploads\/2025\/07\/OVO_G_APLIQUE_BLANCO_MATE.png\" \/>\n\t<meta property=\"og:image:width\" content=\"1000\" \/>\n\t<meta property=\"og:image:height\" content=\"1000\" \/>\n\t<meta property=\"og:image:type\" content=\"image\/png\" \/>\n<meta name=\"twitter:card\" content=\"summary_large_image\" \/>\n<script type=\"application\/ld+json\" class=\"yoast-schema-graph\">{\"@context\":\"https:\/\/schema.org\",\"@graph\":[{\"@type\":\"WebPage\",\"@id\":\"https:\/\/evoabyinstalacionesfontes.com\/producto\/ovo-aplique\/\",\"url\":\"https:\/\/evoabyinstalacionesfontes.com\/producto\/ovo-aplique\/\",\"name\":\"OVO APLIQUE - EVOA\",\"isPartOf\":{\"@id\":\"https:\/\/evoabyinstalacionesfontes.com\/#website\"},\"primaryImageOfPage\":{\"@id\":\"https:\/\/evoabyinstalacionesfontes.com\/producto\/ovo-aplique\/#primaryimage\"},\"image\":{\"@id\":\"https:\/\/evoabyinstalacionesfontes.com\/producto\/ovo-aplique\/#primaryimage\"},\"thumbnailUrl\":\"https:\/\/evoabyinstalacionesfontes.com\/wp-content\/uploads\/2025\/07\/OVO_G_APLIQUE_BLANCO_MATE.png\",\"datePublished\":\"2025-07-02T12:48:55+00:00\",\"dateModified\":\"2025-08-08T14:46:00+00:00\",\"breadcrumb\":{\"@id\":\"https:\/\/evoabyinstalacionesfontes.com\/producto\/ovo-aplique\/#breadcrumb\"},\"inLanguage\":\"ca\",\"potentialAction\":[{\"@type\":\"ReadAction\",\"target\":[\"https:\/\/evoabyinstalacionesfontes.com\/producto\/ovo-aplique\/\"]}]},{\"@type\":\"ImageObject\",\"inLanguage\":\"ca\",\"@id\":\"https:\/\/evoabyinstalacionesfontes.com\/producto\/ovo-aplique\/#primaryimage\",\"url\":\"https:\/\/evoabyinstalacionesfontes.com\/wp-content\/uploads\/2025\/07\/OVO_G_APLIQUE_BLANCO_MATE.png\",\"contentUrl\":\"https:\/\/evoabyinstalacionesfontes.com\/wp-content\/uploads\/2025\/07\/OVO_G_APLIQUE_BLANCO_MATE.png\",\"width\":1000,\"height\":1000},{\"@type\":\"BreadcrumbList\",\"@id\":\"https:\/\/evoabyinstalacionesfontes.com\/producto\/ovo-aplique\/#breadcrumb\",\"itemListElement\":[{\"@type\":\"ListItem\",\"position\":1,\"name\":\"Portada\",\"item\":\"https:\/\/evoabyinstalacionesfontes.com\/\"},{\"@type\":\"ListItem\",\"position\":2,\"name\":\"Tienda\",\"item\":\"https:\/\/evoabyinstalacionesfontes.com\/tienda\/\"},{\"@type\":\"ListItem\",\"position\":3,\"name\":\"OVO APLIQUE\"}]},{\"@type\":\"WebSite\",\"@id\":\"https:\/\/evoabyinstalacionesfontes.com\/#website\",\"url\":\"https:\/\/evoabyinstalacionesfontes.com\/\",\"name\":\"EVOA\",\"description\":\"Tu tienda online de iluminaci\u00f3n y electrodom\u00e9sticos\",\"potentialAction\":[{\"@type\":\"SearchAction\",\"target\":{\"@type\":\"EntryPoint\",\"urlTemplate\":\"https:\/\/evoabyinstalacionesfontes.com\/?s={search_term_string}\"},\"query-input\":{\"@type\":\"PropertyValueSpecification\",\"valueRequired\":true,\"valueName\":\"search_term_string\"}}],\"inLanguage\":\"ca\"}]}<\/script>\n<!-- \/ Yoast SEO plugin. -->","yoast_head_json":{"title":"OVO APLIQUE - EVOA","robots":{"index":"index","follow":"follow","max-snippet":"max-snippet:-1","max-image-preview":"max-image-preview:large","max-video-preview":"max-video-preview:-1"},"canonical":"https:\/\/evoabyinstalacionesfontes.com\/ca\/producte\/ovo-aplique\/","og_locale":"ca_ES","og_type":"article","og_title":"OVO APLIQUE - EVOA","og_description":"OVO es una colecci\u00f3n de apliques de dise\u00f1o de Estudi Ribaudi para la iluminaci\u00f3n del hogar. Este aplique blanco es ideal para iluminaci\u00f3n decorativa y cuenta con un accesorio para poder orientear el difusor y dirigir la luz en funci\u00f3n de las necesidades. DE 100 a 240V, 15W, fuente de luz R7S LED 118mm, iluminaci\u00f3n ambiental.","og_url":"https:\/\/evoabyinstalacionesfontes.com\/ca\/producte\/ovo-aplique\/","og_site_name":"EVOA","article_modified_time":"2025-08-08T14:46:00+00:00","og_image":[{"width":1000,"height":1000,"url":"https:\/\/evoabyinstalacionesfontes.com\/wp-content\/uploads\/2025\/07\/OVO_G_APLIQUE_BLANCO_MATE.png","type":"image\/png"}],"twitter_card":"summary_large_image","schema":{"@context":"https:\/\/schema.org","@graph":[{"@type":"WebPage","@id":"https:\/\/evoabyinstalacionesfontes.com\/producto\/ovo-aplique\/","url":"https:\/\/evoabyinstalacionesfontes.com\/producto\/ovo-aplique\/","name":"OVO APLIQUE - EVOA","isPartOf":{"@id":"https:\/\/evoabyinstalacionesfontes.com\/#website"},"primaryImageOfPage":{"@id":"https:\/\/evoabyinstalacionesfontes.com\/producto\/ovo-aplique\/#primaryimage"},"image":{"@id":"https:\/\/evoabyinstalacionesfontes.com\/producto\/ovo-aplique\/#primaryimage"},"thumbnailUrl":"https:\/\/evoabyinstalacionesfontes.com\/wp-content\/uploads\/2025\/07\/OVO_G_APLIQUE_BLANCO_MATE.png","datePublished":"2025-07-02T12:48:55+00:00","dateModified":"2025-08-08T14:46:00+00:00","breadcrumb":{"@id":"https:\/\/evoabyinstalacionesfontes.com\/producto\/ovo-aplique\/#breadcrumb"},"inLanguage":"ca","potentialAction":[{"@type":"ReadAction","target":["https:\/\/evoabyinstalacionesfontes.com\/producto\/ovo-aplique\/"]}]},{"@type":"ImageObject","inLanguage":"ca","@id":"https:\/\/evoabyinstalacionesfontes.com\/producto\/ovo-aplique\/#primaryimage","url":"https:\/\/evoabyinstalacionesfontes.com\/wp-content\/uploads\/2025\/07\/OVO_G_APLIQUE_BLANCO_MATE.png","contentUrl":"https:\/\/evoabyinstalacionesfontes.com\/wp-content\/uploads\/2025\/07\/OVO_G_APLIQUE_BLANCO_MATE.png","width":1000,"height":1000},{"@type":"BreadcrumbList","@id":"https:\/\/evoabyinstalacionesfontes.com\/producto\/ovo-aplique\/#breadcrumb","itemListElement":[{"@type":"ListItem","position":1,"name":"Portada","item":"https:\/\/evoabyinstalacionesfontes.com\/"},{"@type":"ListItem","position":2,"name":"Tienda","item":"https:\/\/evoabyinstalacionesfontes.com\/tienda\/"},{"@type":"ListItem","position":3,"name":"OVO APLIQUE"}]},{"@type":"WebSite","@id":"https:\/\/evoabyinstalacionesfontes.com\/#website","url":"https:\/\/evoabyinstalacionesfontes.com\/","name":"EVOA","description":"La teva botiga online d&#039;il\u00b7luminaci\u00f3 i electrodom\u00e8stics","potentialAction":[{"@type":"SearchAction","target":{"@type":"EntryPoint","urlTemplate":"https:\/\/evoabyinstalacionesfontes.com\/?s={search_term_string}"},"query-input":{"@type":"PropertyValueSpecification","valueRequired":true,"valueName":"search_term_string"}}],"inLanguage":"ca"}]}},"_links":{"self":[{"href":"https:\/\/evoabyinstalacionesfontes.com\/ca\/wp-json\/wp\/v2\/product\/300","targetHints":{"allow":["GET"]}}],"collection":[{"href":"https:\/\/evoabyinstalacionesfontes.com\/ca\/wp-json\/wp\/v2\/product"}],"about":[{"href":"https:\/\/evoabyinstalacionesfontes.com\/ca\/wp-json\/wp\/v2\/types\/product"}],"replies":[{"embeddable":true,"href":"https:\/\/evoabyinstalacionesfontes.com\/ca\/wp-json\/wp\/v2\/comments?post=300"}],"wp:featuredmedia":[{"embeddable":true,"href":"https:\/\/evoabyinstalacionesfontes.com\/ca\/wp-json\/wp\/v2\/media\/1083"}],"wp:attachment":[{"href":"https:\/\/evoabyinstalacionesfontes.com\/ca\/wp-json\/wp\/v2\/media?parent=300"}],"wp:term":[{"taxonomy":"product_brand","embeddable":true,"href":"https:\/\/evoabyinstalacionesfontes.com\/ca\/wp-json\/wp\/v2\/product_brand?post=300"},{"taxonomy":"product_cat","embeddable":true,"href":"https:\/\/evoabyinstalacionesfontes.com\/ca\/wp-json\/wp\/v2\/product_cat?post=300"},{"taxonomy":"product_tag","embeddable":true,"href":"https:\/\/evoabyinstalacionesfontes.com\/ca\/wp-json\/wp\/v2\/product_tag?post=300"}],"curies":[{"name":"wp","href":"https:\/\/api.w.org\/{rel}","templated":true}]}}