{"id":303,"date":"2025-07-02T14:48:56","date_gmt":"2025-07-02T12:48:56","guid":{"rendered":"https:\/\/evoabyinstalacionesfontes.com\/producto\/windsor-colgante\/"},"modified":"2025-07-07T21:09:38","modified_gmt":"2025-07-07T19:09:38","slug":"windsor-colgante","status":"publish","type":"product","link":"https:\/\/evoabyinstalacionesfontes.com\/ca\/producte\/windsor-colgante\/","title":{"rendered":"WINDSOR PENJANT"},"content":{"rendered":"","protected":false},"excerpt":{"rendered":"<p>Pantalles extra grans per a una gran pres\u00e8ncia. WINDSOR \u00e9s una col\u00b7lecci\u00f3 d&#039;il\u00b7lumin\u00e0ries dissenyades per Faro LAb. Aquest llum penjant \u00e9s ideal per a esp\u00e8cies en qu\u00e8 cal il\u00b7luminaci\u00f3 d&#039;ambient. 100-240V, 45W. Font de llum E27 LED A60.<\/p>","protected":false},"featured_media":681,"comment_status":"open","ping_status":"closed","template":"","meta":[],"product_brand":[],"product_cat":[30],"product_tag":[],"class_list":{"0":"post-303","1":"product","2":"type-product","3":"status-publish","4":"has-post-thumbnail","6":"product_cat-lampara-colgante","8":"first","9":"instock","10":"taxable","11":"shipping-taxable","12":"purchasable","13":"product-type-variable"},"yoast_head":"<!-- This site is optimized with the Yoast SEO plugin v26.0 - https:\/\/yoast.com\/wordpress\/plugins\/seo\/ -->\n<title>WINDSOR COLGANTE - EVOA<\/title>\n<meta name=\"robots\" content=\"index, follow, max-snippet:-1, max-image-preview:large, max-video-preview:-1\" \/>\n<link rel=\"canonical\" href=\"https:\/\/evoabyinstalacionesfontes.com\/ca\/producte\/windsor-colgante\/\" \/>\n<meta property=\"og:locale\" content=\"ca_ES\" \/>\n<meta property=\"og:type\" content=\"article\" \/>\n<meta property=\"og:title\" content=\"WINDSOR COLGANTE - EVOA\" \/>\n<meta property=\"og:description\" content=\"Pantallas extra grandes para una gran presencia. WINDSOR es una colecci\u00f3n de iluminarias dise\u00f1adas por Faro LAb. Esta l\u00e1mpara colgante es ideal para especios en los que se requiere iluminaci\u00f3n de ambiente. 100-240V, 45W. Fuente de luz E27 LED A60.\" \/>\n<meta property=\"og:url\" content=\"https:\/\/evoabyinstalacionesfontes.com\/ca\/producte\/windsor-colgante\/\" \/>\n<meta property=\"og:site_name\" content=\"EVOA\" \/>\n<meta property=\"article:modified_time\" content=\"2025-07-07T19:09:38+00:00\" \/>\n<meta property=\"og:image\" content=\"https:\/\/evoabyinstalacionesfontes.com\/wp-content\/uploads\/2025\/07\/WINDSOR-1.webp\" \/>\n\t<meta property=\"og:image:width\" content=\"2000\" \/>\n\t<meta property=\"og:image:height\" content=\"1333\" \/>\n\t<meta property=\"og:image:type\" content=\"image\/webp\" \/>\n<meta name=\"twitter:card\" content=\"summary_large_image\" \/>\n<script type=\"application\/ld+json\" class=\"yoast-schema-graph\">{\"@context\":\"https:\/\/schema.org\",\"@graph\":[{\"@type\":\"WebPage\",\"@id\":\"https:\/\/evoabyinstalacionesfontes.com\/producto\/windsor-colgante\/\",\"url\":\"https:\/\/evoabyinstalacionesfontes.com\/producto\/windsor-colgante\/\",\"name\":\"WINDSOR COLGANTE - EVOA\",\"isPartOf\":{\"@id\":\"https:\/\/evoabyinstalacionesfontes.com\/#website\"},\"primaryImageOfPage\":{\"@id\":\"https:\/\/evoabyinstalacionesfontes.com\/producto\/windsor-colgante\/#primaryimage\"},\"image\":{\"@id\":\"https:\/\/evoabyinstalacionesfontes.com\/producto\/windsor-colgante\/#primaryimage\"},\"thumbnailUrl\":\"https:\/\/evoabyinstalacionesfontes.com\/wp-content\/uploads\/2025\/07\/WINDSOR-1.webp\",\"datePublished\":\"2025-07-02T12:48:56+00:00\",\"dateModified\":\"2025-07-07T19:09:38+00:00\",\"breadcrumb\":{\"@id\":\"https:\/\/evoabyinstalacionesfontes.com\/producto\/windsor-colgante\/#breadcrumb\"},\"inLanguage\":\"ca\",\"potentialAction\":[{\"@type\":\"ReadAction\",\"target\":[\"https:\/\/evoabyinstalacionesfontes.com\/producto\/windsor-colgante\/\"]}]},{\"@type\":\"ImageObject\",\"inLanguage\":\"ca\",\"@id\":\"https:\/\/evoabyinstalacionesfontes.com\/producto\/windsor-colgante\/#primaryimage\",\"url\":\"https:\/\/evoabyinstalacionesfontes.com\/wp-content\/uploads\/2025\/07\/WINDSOR-1.webp\",\"contentUrl\":\"https:\/\/evoabyinstalacionesfontes.com\/wp-content\/uploads\/2025\/07\/WINDSOR-1.webp\",\"width\":2000,\"height\":1333},{\"@type\":\"BreadcrumbList\",\"@id\":\"https:\/\/evoabyinstalacionesfontes.com\/producto\/windsor-colgante\/#breadcrumb\",\"itemListElement\":[{\"@type\":\"ListItem\",\"position\":1,\"name\":\"Portada\",\"item\":\"https:\/\/evoabyinstalacionesfontes.com\/\"},{\"@type\":\"ListItem\",\"position\":2,\"name\":\"Tienda\",\"item\":\"https:\/\/evoabyinstalacionesfontes.com\/tienda\/\"},{\"@type\":\"ListItem\",\"position\":3,\"name\":\"WINDSOR COLGANTE\"}]},{\"@type\":\"WebSite\",\"@id\":\"https:\/\/evoabyinstalacionesfontes.com\/#website\",\"url\":\"https:\/\/evoabyinstalacionesfontes.com\/\",\"name\":\"EVOA\",\"description\":\"Tu tienda online de iluminaci\u00f3n y electrodom\u00e9sticos\",\"potentialAction\":[{\"@type\":\"SearchAction\",\"target\":{\"@type\":\"EntryPoint\",\"urlTemplate\":\"https:\/\/evoabyinstalacionesfontes.com\/?s={search_term_string}\"},\"query-input\":{\"@type\":\"PropertyValueSpecification\",\"valueRequired\":true,\"valueName\":\"search_term_string\"}}],\"inLanguage\":\"ca\"}]}<\/script>\n<!-- \/ Yoast SEO plugin. -->","yoast_head_json":{"title":"WINDSOR COLGANTE - EVOA","robots":{"index":"index","follow":"follow","max-snippet":"max-snippet:-1","max-image-preview":"max-image-preview:large","max-video-preview":"max-video-preview:-1"},"canonical":"https:\/\/evoabyinstalacionesfontes.com\/ca\/producte\/windsor-colgante\/","og_locale":"ca_ES","og_type":"article","og_title":"WINDSOR COLGANTE - EVOA","og_description":"Pantallas extra grandes para una gran presencia. WINDSOR es una colecci\u00f3n de iluminarias dise\u00f1adas por Faro LAb. Esta l\u00e1mpara colgante es ideal para especios en los que se requiere iluminaci\u00f3n de ambiente. 100-240V, 45W. Fuente de luz E27 LED A60.","og_url":"https:\/\/evoabyinstalacionesfontes.com\/ca\/producte\/windsor-colgante\/","og_site_name":"EVOA","article_modified_time":"2025-07-07T19:09:38+00:00","og_image":[{"width":2000,"height":1333,"url":"https:\/\/evoabyinstalacionesfontes.com\/wp-content\/uploads\/2025\/07\/WINDSOR-1.webp","type":"image\/webp"}],"twitter_card":"summary_large_image","schema":{"@context":"https:\/\/schema.org","@graph":[{"@type":"WebPage","@id":"https:\/\/evoabyinstalacionesfontes.com\/producto\/windsor-colgante\/","url":"https:\/\/evoabyinstalacionesfontes.com\/producto\/windsor-colgante\/","name":"WINDSOR COLGANTE - EVOA","isPartOf":{"@id":"https:\/\/evoabyinstalacionesfontes.com\/#website"},"primaryImageOfPage":{"@id":"https:\/\/evoabyinstalacionesfontes.com\/producto\/windsor-colgante\/#primaryimage"},"image":{"@id":"https:\/\/evoabyinstalacionesfontes.com\/producto\/windsor-colgante\/#primaryimage"},"thumbnailUrl":"https:\/\/evoabyinstalacionesfontes.com\/wp-content\/uploads\/2025\/07\/WINDSOR-1.webp","datePublished":"2025-07-02T12:48:56+00:00","dateModified":"2025-07-07T19:09:38+00:00","breadcrumb":{"@id":"https:\/\/evoabyinstalacionesfontes.com\/producto\/windsor-colgante\/#breadcrumb"},"inLanguage":"ca","potentialAction":[{"@type":"ReadAction","target":["https:\/\/evoabyinstalacionesfontes.com\/producto\/windsor-colgante\/"]}]},{"@type":"ImageObject","inLanguage":"ca","@id":"https:\/\/evoabyinstalacionesfontes.com\/producto\/windsor-colgante\/#primaryimage","url":"https:\/\/evoabyinstalacionesfontes.com\/wp-content\/uploads\/2025\/07\/WINDSOR-1.webp","contentUrl":"https:\/\/evoabyinstalacionesfontes.com\/wp-content\/uploads\/2025\/07\/WINDSOR-1.webp","width":2000,"height":1333},{"@type":"BreadcrumbList","@id":"https:\/\/evoabyinstalacionesfontes.com\/producto\/windsor-colgante\/#breadcrumb","itemListElement":[{"@type":"ListItem","position":1,"name":"Portada","item":"https:\/\/evoabyinstalacionesfontes.com\/"},{"@type":"ListItem","position":2,"name":"Tienda","item":"https:\/\/evoabyinstalacionesfontes.com\/tienda\/"},{"@type":"ListItem","position":3,"name":"WINDSOR COLGANTE"}]},{"@type":"WebSite","@id":"https:\/\/evoabyinstalacionesfontes.com\/#website","url":"https:\/\/evoabyinstalacionesfontes.com\/","name":"EVOA","description":"La teva botiga online d&#039;il\u00b7luminaci\u00f3 i electrodom\u00e8stics","potentialAction":[{"@type":"SearchAction","target":{"@type":"EntryPoint","urlTemplate":"https:\/\/evoabyinstalacionesfontes.com\/?s={search_term_string}"},"query-input":{"@type":"PropertyValueSpecification","valueRequired":true,"valueName":"search_term_string"}}],"inLanguage":"ca"}]}},"_links":{"self":[{"href":"https:\/\/evoabyinstalacionesfontes.com\/ca\/wp-json\/wp\/v2\/product\/303","targetHints":{"allow":["GET"]}}],"collection":[{"href":"https:\/\/evoabyinstalacionesfontes.com\/ca\/wp-json\/wp\/v2\/product"}],"about":[{"href":"https:\/\/evoabyinstalacionesfontes.com\/ca\/wp-json\/wp\/v2\/types\/product"}],"replies":[{"embeddable":true,"href":"https:\/\/evoabyinstalacionesfontes.com\/ca\/wp-json\/wp\/v2\/comments?post=303"}],"wp:featuredmedia":[{"embeddable":true,"href":"https:\/\/evoabyinstalacionesfontes.com\/ca\/wp-json\/wp\/v2\/media\/681"}],"wp:attachment":[{"href":"https:\/\/evoabyinstalacionesfontes.com\/ca\/wp-json\/wp\/v2\/media?parent=303"}],"wp:term":[{"taxonomy":"product_brand","embeddable":true,"href":"https:\/\/evoabyinstalacionesfontes.com\/ca\/wp-json\/wp\/v2\/product_brand?post=303"},{"taxonomy":"product_cat","embeddable":true,"href":"https:\/\/evoabyinstalacionesfontes.com\/ca\/wp-json\/wp\/v2\/product_cat?post=303"},{"taxonomy":"product_tag","embeddable":true,"href":"https:\/\/evoabyinstalacionesfontes.com\/ca\/wp-json\/wp\/v2\/product_tag?post=303"}],"curies":[{"name":"wp","href":"https:\/\/api.w.org\/{rel}","templated":true}]}}