{"id":308,"date":"2025-07-02T14:48:56","date_gmt":"2025-07-02T12:48:56","guid":{"rendered":"https:\/\/evoabyinstalacionesfontes.com\/producto\/aire-450-colgante\/"},"modified":"2025-08-08T16:42:51","modified_gmt":"2025-08-08T14:42:51","slug":"aire-450-colgante","status":"publish","type":"product","link":"https:\/\/evoabyinstalacionesfontes.com\/ca\/producte\/aire-450-colgante\/","title":{"rendered":"AIRE 450 Penjoll"},"content":{"rendered":"","protected":false},"excerpt":{"rendered":"<p>La col\u00b7lecci\u00f3 de llumin\u00e0ries AIRE, fusionen tecnologia i sostenibilitat. La pantalla est\u00e0 fabricada amb PETG reciclat, i t\u00e9 un acabat transparent i texturitzat. Impresa en 3D, les formes evoquen bombolles d&#039;aire que omplen l&#039;espai dotant-lo de personalitat i eleg\u00e0ncia. Gr\u00e0cies al seu aspecte cristal\u00b7l\u00ed ia la textura de la superf\u00edcie, la llum es difon m\u00e0gicament a trav\u00e9s de la pantalla. La llumin\u00e0ria Aire 450 es pot utilitzar de manera indivual o amb m\u00e9s llumin\u00e0ries de la col\u00b7lecci\u00f3, per generar composicions de llum \u00faniques. Terra, Mar i Aire \u00e9s una col\u00b7lecci\u00f3 de llumin\u00e0ries basada en dues idees: la democratitzaci\u00f3 de la impressi\u00f3 3D a gran escala i l&#039;inter\u00e8s per la circularitat i la sostenibilitat. Totes tres col\u00b7leccions es conceben com un gest de den\u00fancia sobre la necessitat de plantejar-nos la nostra relaci\u00f3 amb el planeta. Dissenyada per H\u00e9ctor Serrano, l&#039;estudi de disseny del qual, basat a Londres, fa m\u00e9s de 20 anys que treballa en projectes innovadors i atemporals. El focus d&#039;H\u00e9ctor Serrano \u00e9s crear productes i espais que atreguin les persones de la forma m\u00e9s humana, emocional i extraordin\u00e0ria possible. La col\u00b7lecci\u00f3 Aire est\u00e0 fabricada a partir de PET 100% reciclat, el pl\u00e0stic m\u00e9s reciclat del m\u00f3n. Si b\u00e9 la seva composici\u00f3 us permet reciclar-lo m\u00faltiples vegades mantenint les seves caracter\u00edstiques, nom\u00e9s el 9% dels residus pl\u00e0stics mundials es recicla. 100-240V, 15W, llum E27 LED.<\/p>","protected":false},"featured_media":1077,"comment_status":"open","ping_status":"closed","template":"","meta":[],"product_brand":[],"product_cat":[36],"product_tag":[],"class_list":{"0":"post-308","1":"product","2":"type-product","3":"status-publish","4":"has-post-thumbnail","6":"product_cat-colgante","8":"first","9":"instock","10":"taxable","11":"shipping-taxable","12":"purchasable","13":"product-type-variable"},"yoast_head":"<!-- This site is optimized with the Yoast SEO plugin v26.0 - https:\/\/yoast.com\/wordpress\/plugins\/seo\/ -->\n<title>AIRE 450 Colgante - EVOA<\/title>\n<meta name=\"robots\" content=\"index, follow, max-snippet:-1, max-image-preview:large, max-video-preview:-1\" \/>\n<link rel=\"canonical\" href=\"https:\/\/evoabyinstalacionesfontes.com\/ca\/producte\/aire-450-colgante\/\" \/>\n<meta property=\"og:locale\" content=\"ca_ES\" \/>\n<meta property=\"og:type\" content=\"article\" \/>\n<meta property=\"og:title\" content=\"AIRE 450 Colgante - EVOA\" \/>\n<meta property=\"og:description\" content=\"La colecci\u00f3n de luminarias AIRE, fusionan tecnolog\u00eda y sostenibilidad. Su pantalla est\u00e1 fabricada con PETG reciclado, y tiene un acabado transparente y texturizado. Impresa en 3D, las formas evocan a burbujas de aire que llenan el espacio dot\u00e1ndolo de personalidad y elegancia. Gracias a su aspecto cristalino y a la textura de la superficie, la luz se difunde magicamente a trav\u00e9s de la pantalla. La luminaria Aire 450 puede utilizarse de manera indivual o con m\u00e1s luminarias de la colecci\u00f3n, para generar composiciones de luz \u00fanicas. Tierra, Mar y Aire es una colecci\u00f3n de luminarias basada en dos ideas: la democratizaci\u00f3n de la impresi\u00f3n 3D a gran escala y el inter\u00e9s por la circularidad y la sostenibilidad.Las tres colecciones se conciben como un gesto de denuncia sobre la necesidad de plantearnos nuestra relaci\u00f3n con el planeta. Dise\u00f1ada por H\u00e9ctor Serrano, cuyo estudio de dise\u00f1o, basado en Londres, lleva m\u00e1s de 20 a\u00f1os trabajando en proyectos innovadores y atemporales.El foco de H\u00e9ctor Serrano es crear productos y espacios que atraigan a las personas de la forma m\u00e1s humana, emocional y extraordinaria posible. La colecci\u00f3n Aire est\u00e1 fabricada a partir de PET 100% reciclado, el pl\u00e1stico m\u00e1s reciclado del mundo. Si bien su composici\u00f3n le permite reciclarlo m\u00faltiples veces manteniendo sus caracter\u00edsticas, solo el 9% de los residuos pl\u00e1sticos mundiales se recicla. 100-240V, 15W, luz E27 LED.\" \/>\n<meta property=\"og:url\" content=\"https:\/\/evoabyinstalacionesfontes.com\/ca\/producte\/aire-450-colgante\/\" \/>\n<meta property=\"og:site_name\" content=\"EVOA\" \/>\n<meta property=\"article:modified_time\" content=\"2025-08-08T14:42:51+00:00\" \/>\n<meta property=\"og:image\" content=\"https:\/\/evoabyinstalacionesfontes.com\/wp-content\/uploads\/2025\/07\/AIRE-1.png\" \/>\n\t<meta property=\"og:image:width\" content=\"1000\" \/>\n\t<meta property=\"og:image:height\" content=\"1000\" \/>\n\t<meta property=\"og:image:type\" content=\"image\/png\" \/>\n<meta name=\"twitter:card\" content=\"summary_large_image\" \/>\n<script type=\"application\/ld+json\" class=\"yoast-schema-graph\">{\"@context\":\"https:\/\/schema.org\",\"@graph\":[{\"@type\":\"WebPage\",\"@id\":\"https:\/\/evoabyinstalacionesfontes.com\/producto\/aire-450-colgante\/\",\"url\":\"https:\/\/evoabyinstalacionesfontes.com\/producto\/aire-450-colgante\/\",\"name\":\"AIRE 450 Colgante - EVOA\",\"isPartOf\":{\"@id\":\"https:\/\/evoabyinstalacionesfontes.com\/#website\"},\"primaryImageOfPage\":{\"@id\":\"https:\/\/evoabyinstalacionesfontes.com\/producto\/aire-450-colgante\/#primaryimage\"},\"image\":{\"@id\":\"https:\/\/evoabyinstalacionesfontes.com\/producto\/aire-450-colgante\/#primaryimage\"},\"thumbnailUrl\":\"https:\/\/evoabyinstalacionesfontes.com\/wp-content\/uploads\/2025\/07\/AIRE-1.png\",\"datePublished\":\"2025-07-02T12:48:56+00:00\",\"dateModified\":\"2025-08-08T14:42:51+00:00\",\"breadcrumb\":{\"@id\":\"https:\/\/evoabyinstalacionesfontes.com\/producto\/aire-450-colgante\/#breadcrumb\"},\"inLanguage\":\"ca\",\"potentialAction\":[{\"@type\":\"ReadAction\",\"target\":[\"https:\/\/evoabyinstalacionesfontes.com\/producto\/aire-450-colgante\/\"]}]},{\"@type\":\"ImageObject\",\"inLanguage\":\"ca\",\"@id\":\"https:\/\/evoabyinstalacionesfontes.com\/producto\/aire-450-colgante\/#primaryimage\",\"url\":\"https:\/\/evoabyinstalacionesfontes.com\/wp-content\/uploads\/2025\/07\/AIRE-1.png\",\"contentUrl\":\"https:\/\/evoabyinstalacionesfontes.com\/wp-content\/uploads\/2025\/07\/AIRE-1.png\",\"width\":1000,\"height\":1000},{\"@type\":\"BreadcrumbList\",\"@id\":\"https:\/\/evoabyinstalacionesfontes.com\/producto\/aire-450-colgante\/#breadcrumb\",\"itemListElement\":[{\"@type\":\"ListItem\",\"position\":1,\"name\":\"Portada\",\"item\":\"https:\/\/evoabyinstalacionesfontes.com\/\"},{\"@type\":\"ListItem\",\"position\":2,\"name\":\"Tienda\",\"item\":\"https:\/\/evoabyinstalacionesfontes.com\/tienda\/\"},{\"@type\":\"ListItem\",\"position\":3,\"name\":\"AIRE 450 Colgante\"}]},{\"@type\":\"WebSite\",\"@id\":\"https:\/\/evoabyinstalacionesfontes.com\/#website\",\"url\":\"https:\/\/evoabyinstalacionesfontes.com\/\",\"name\":\"EVOA\",\"description\":\"Tu tienda online de iluminaci\u00f3n y electrodom\u00e9sticos\",\"potentialAction\":[{\"@type\":\"SearchAction\",\"target\":{\"@type\":\"EntryPoint\",\"urlTemplate\":\"https:\/\/evoabyinstalacionesfontes.com\/?s={search_term_string}\"},\"query-input\":{\"@type\":\"PropertyValueSpecification\",\"valueRequired\":true,\"valueName\":\"search_term_string\"}}],\"inLanguage\":\"ca\"}]}<\/script>\n<!-- \/ Yoast SEO plugin. -->","yoast_head_json":{"title":"AIRE 450 Colgante - EVOA","robots":{"index":"index","follow":"follow","max-snippet":"max-snippet:-1","max-image-preview":"max-image-preview:large","max-video-preview":"max-video-preview:-1"},"canonical":"https:\/\/evoabyinstalacionesfontes.com\/ca\/producte\/aire-450-colgante\/","og_locale":"ca_ES","og_type":"article","og_title":"AIRE 450 Colgante - EVOA","og_description":"La colecci\u00f3n de luminarias AIRE, fusionan tecnolog\u00eda y sostenibilidad. Su pantalla est\u00e1 fabricada con PETG reciclado, y tiene un acabado transparente y texturizado. Impresa en 3D, las formas evocan a burbujas de aire que llenan el espacio dot\u00e1ndolo de personalidad y elegancia. Gracias a su aspecto cristalino y a la textura de la superficie, la luz se difunde magicamente a trav\u00e9s de la pantalla. La luminaria Aire 450 puede utilizarse de manera indivual o con m\u00e1s luminarias de la colecci\u00f3n, para generar composiciones de luz \u00fanicas. Tierra, Mar y Aire es una colecci\u00f3n de luminarias basada en dos ideas: la democratizaci\u00f3n de la impresi\u00f3n 3D a gran escala y el inter\u00e9s por la circularidad y la sostenibilidad.Las tres colecciones se conciben como un gesto de denuncia sobre la necesidad de plantearnos nuestra relaci\u00f3n con el planeta. Dise\u00f1ada por H\u00e9ctor Serrano, cuyo estudio de dise\u00f1o, basado en Londres, lleva m\u00e1s de 20 a\u00f1os trabajando en proyectos innovadores y atemporales.El foco de H\u00e9ctor Serrano es crear productos y espacios que atraigan a las personas de la forma m\u00e1s humana, emocional y extraordinaria posible. La colecci\u00f3n Aire est\u00e1 fabricada a partir de PET 100% reciclado, el pl\u00e1stico m\u00e1s reciclado del mundo. Si bien su composici\u00f3n le permite reciclarlo m\u00faltiples veces manteniendo sus caracter\u00edsticas, solo el 9% de los residuos pl\u00e1sticos mundiales se recicla. 100-240V, 15W, luz E27 LED.","og_url":"https:\/\/evoabyinstalacionesfontes.com\/ca\/producte\/aire-450-colgante\/","og_site_name":"EVOA","article_modified_time":"2025-08-08T14:42:51+00:00","og_image":[{"width":1000,"height":1000,"url":"https:\/\/evoabyinstalacionesfontes.com\/wp-content\/uploads\/2025\/07\/AIRE-1.png","type":"image\/png"}],"twitter_card":"summary_large_image","schema":{"@context":"https:\/\/schema.org","@graph":[{"@type":"WebPage","@id":"https:\/\/evoabyinstalacionesfontes.com\/producto\/aire-450-colgante\/","url":"https:\/\/evoabyinstalacionesfontes.com\/producto\/aire-450-colgante\/","name":"AIRE 450 Colgante - EVOA","isPartOf":{"@id":"https:\/\/evoabyinstalacionesfontes.com\/#website"},"primaryImageOfPage":{"@id":"https:\/\/evoabyinstalacionesfontes.com\/producto\/aire-450-colgante\/#primaryimage"},"image":{"@id":"https:\/\/evoabyinstalacionesfontes.com\/producto\/aire-450-colgante\/#primaryimage"},"thumbnailUrl":"https:\/\/evoabyinstalacionesfontes.com\/wp-content\/uploads\/2025\/07\/AIRE-1.png","datePublished":"2025-07-02T12:48:56+00:00","dateModified":"2025-08-08T14:42:51+00:00","breadcrumb":{"@id":"https:\/\/evoabyinstalacionesfontes.com\/producto\/aire-450-colgante\/#breadcrumb"},"inLanguage":"ca","potentialAction":[{"@type":"ReadAction","target":["https:\/\/evoabyinstalacionesfontes.com\/producto\/aire-450-colgante\/"]}]},{"@type":"ImageObject","inLanguage":"ca","@id":"https:\/\/evoabyinstalacionesfontes.com\/producto\/aire-450-colgante\/#primaryimage","url":"https:\/\/evoabyinstalacionesfontes.com\/wp-content\/uploads\/2025\/07\/AIRE-1.png","contentUrl":"https:\/\/evoabyinstalacionesfontes.com\/wp-content\/uploads\/2025\/07\/AIRE-1.png","width":1000,"height":1000},{"@type":"BreadcrumbList","@id":"https:\/\/evoabyinstalacionesfontes.com\/producto\/aire-450-colgante\/#breadcrumb","itemListElement":[{"@type":"ListItem","position":1,"name":"Portada","item":"https:\/\/evoabyinstalacionesfontes.com\/"},{"@type":"ListItem","position":2,"name":"Tienda","item":"https:\/\/evoabyinstalacionesfontes.com\/tienda\/"},{"@type":"ListItem","position":3,"name":"AIRE 450 Colgante"}]},{"@type":"WebSite","@id":"https:\/\/evoabyinstalacionesfontes.com\/#website","url":"https:\/\/evoabyinstalacionesfontes.com\/","name":"EVOA","description":"La teva botiga online d&#039;il\u00b7luminaci\u00f3 i electrodom\u00e8stics","potentialAction":[{"@type":"SearchAction","target":{"@type":"EntryPoint","urlTemplate":"https:\/\/evoabyinstalacionesfontes.com\/?s={search_term_string}"},"query-input":{"@type":"PropertyValueSpecification","valueRequired":true,"valueName":"search_term_string"}}],"inLanguage":"ca"}]}},"_links":{"self":[{"href":"https:\/\/evoabyinstalacionesfontes.com\/ca\/wp-json\/wp\/v2\/product\/308","targetHints":{"allow":["GET"]}}],"collection":[{"href":"https:\/\/evoabyinstalacionesfontes.com\/ca\/wp-json\/wp\/v2\/product"}],"about":[{"href":"https:\/\/evoabyinstalacionesfontes.com\/ca\/wp-json\/wp\/v2\/types\/product"}],"replies":[{"embeddable":true,"href":"https:\/\/evoabyinstalacionesfontes.com\/ca\/wp-json\/wp\/v2\/comments?post=308"}],"wp:featuredmedia":[{"embeddable":true,"href":"https:\/\/evoabyinstalacionesfontes.com\/ca\/wp-json\/wp\/v2\/media\/1077"}],"wp:attachment":[{"href":"https:\/\/evoabyinstalacionesfontes.com\/ca\/wp-json\/wp\/v2\/media?parent=308"}],"wp:term":[{"taxonomy":"product_brand","embeddable":true,"href":"https:\/\/evoabyinstalacionesfontes.com\/ca\/wp-json\/wp\/v2\/product_brand?post=308"},{"taxonomy":"product_cat","embeddable":true,"href":"https:\/\/evoabyinstalacionesfontes.com\/ca\/wp-json\/wp\/v2\/product_cat?post=308"},{"taxonomy":"product_tag","embeddable":true,"href":"https:\/\/evoabyinstalacionesfontes.com\/ca\/wp-json\/wp\/v2\/product_tag?post=308"}],"curies":[{"name":"wp","href":"https:\/\/api.w.org\/{rel}","templated":true}]}}