{"id":806,"date":"2025-07-10T16:59:58","date_gmt":"2025-07-10T14:59:58","guid":{"rendered":"https:\/\/evoabyinstalacionesfontes.com\/?post_type=product&#038;p=806"},"modified":"2025-09-02T11:06:16","modified_gmt":"2025-09-02T09:06:16","slug":"horno-haier-60-cm","status":"publish","type":"product","link":"https:\/\/evoabyinstalacionesfontes.com\/ca\/producte\/horno-haier-60-cm\/","title":{"rendered":"FORN HAIER 60 CM"},"content":{"rendered":"","protected":false},"excerpt":{"rendered":"<p><span data-sheets-root=\"1\">ID Series 2 presenta un disseny modern i familiar, elaborat amb materials aut\u00e8ntics que estan fets per perdurar. El seu estil minimalista s&#039;integra a la perfecci\u00f3 a qualsevol llar. Tots els forns ID Series estan dissenyats per real\u00e7ar la teva identitat culin\u00e0ria \u00fanica, convertint-se en un assistent real que desbloqueja el teu potencial a la cuina. Aix\u00f2 \u00e9s possible gr\u00e0cies a Bionicook, una fusi\u00f3 de tecnologia d&#039;avantguarda i una profunda entesa de les caracter\u00edstiques humanes. Experimenta la Intel\u00b7lig\u00e8ncia Bi\u00f2nica, el poder de l&#039;avan\u00e7ada integraci\u00f3 d&#039;IA als nostres forns de la ID Series 2, combinada amb les possibilitats infinites que ofereix l&#039;app hOn. Aix\u00f2 et permet explorar una \u00e0mplia gamma de noves receptes, que es poden filtrar i guardar f\u00e0cilment segons els teus gustos personals i requisits diet\u00e8tics.<\/span><\/p>","protected":false},"featured_media":1059,"comment_status":"open","ping_status":"closed","template":"","meta":[],"product_brand":[],"product_cat":[73,71],"product_tag":[],"class_list":{"0":"post-806","1":"product","2":"type-product","3":"status-publish","4":"has-post-thumbnail","6":"product_cat-electrodomesticos","7":"product_cat-horno","9":"first","10":"instock","11":"taxable","12":"shipping-taxable","13":"purchasable","14":"product-type-variable"},"yoast_head":"<!-- This site is optimized with the Yoast SEO plugin v26.0 - https:\/\/yoast.com\/wordpress\/plugins\/seo\/ -->\n<title>HORNO HAIER 60 CM - EVOA<\/title>\n<meta name=\"robots\" content=\"index, follow, max-snippet:-1, max-image-preview:large, max-video-preview:-1\" \/>\n<link rel=\"canonical\" href=\"https:\/\/evoabyinstalacionesfontes.com\/ca\/producte\/horno-haier-60-cm\/\" \/>\n<meta property=\"og:locale\" content=\"ca_ES\" \/>\n<meta property=\"og:type\" content=\"article\" \/>\n<meta property=\"og:title\" content=\"HORNO HAIER 60 CM - EVOA\" \/>\n<meta property=\"og:description\" content=\"ID Series 2 presenta un dise\u00f1o moderno y familiar, elaborado con materiales aut\u00e9nticos que est\u00e1n hechos para perdurar. Su estilo minimalista se integra a la perfecci\u00f3n en cualquier hogar. Todos los hornos ID Series est\u00e1n dise\u00f1ados para realzar tu identidad culinaria \u00fanica, convirti\u00e9ndose en un asistente real que desbloquea tu potencial en la cocina. Esto es posible gracias a Bionicook, una fusi\u00f3n de tecnolog\u00eda de vanguardia y un profundo entendimiento de las caracter\u00edsticas humanas. Experimenta la Inteligencia Bi\u00f3nica, el poder de la avanzada integraci\u00f3n de IA en nuestros hornos de la ID Series 2, combinada con las infinitas posibilidades que ofrece la app hOn. Esto te permite explorar una amplia gama de nuevas recetas, que pueden filtrarse y guardarse f\u00e1cilmente seg\u00fan tus gustos personales y requisitos diet\u00e9ticos.\" \/>\n<meta property=\"og:url\" content=\"https:\/\/evoabyinstalacionesfontes.com\/ca\/producte\/horno-haier-60-cm\/\" \/>\n<meta property=\"og:site_name\" content=\"EVOA\" \/>\n<meta property=\"article:modified_time\" content=\"2025-09-02T09:06:16+00:00\" \/>\n<meta property=\"og:image\" content=\"https:\/\/evoabyinstalacionesfontes.com\/wp-content\/uploads\/2025\/07\/1.webp\" \/>\n\t<meta property=\"og:image:width\" content=\"1000\" \/>\n\t<meta property=\"og:image:height\" content=\"1000\" \/>\n\t<meta property=\"og:image:type\" content=\"image\/webp\" \/>\n<meta name=\"twitter:card\" content=\"summary_large_image\" \/>\n<script type=\"application\/ld+json\" class=\"yoast-schema-graph\">{\"@context\":\"https:\/\/schema.org\",\"@graph\":[{\"@type\":\"WebPage\",\"@id\":\"https:\/\/evoabyinstalacionesfontes.com\/producto\/horno-haier-60-cm\/\",\"url\":\"https:\/\/evoabyinstalacionesfontes.com\/producto\/horno-haier-60-cm\/\",\"name\":\"HORNO HAIER 60 CM - EVOA\",\"isPartOf\":{\"@id\":\"https:\/\/evoabyinstalacionesfontes.com\/#website\"},\"primaryImageOfPage\":{\"@id\":\"https:\/\/evoabyinstalacionesfontes.com\/producto\/horno-haier-60-cm\/#primaryimage\"},\"image\":{\"@id\":\"https:\/\/evoabyinstalacionesfontes.com\/producto\/horno-haier-60-cm\/#primaryimage\"},\"thumbnailUrl\":\"https:\/\/evoabyinstalacionesfontes.com\/wp-content\/uploads\/2025\/07\/1.webp\",\"datePublished\":\"2025-07-10T14:59:58+00:00\",\"dateModified\":\"2025-09-02T09:06:16+00:00\",\"breadcrumb\":{\"@id\":\"https:\/\/evoabyinstalacionesfontes.com\/producto\/horno-haier-60-cm\/#breadcrumb\"},\"inLanguage\":\"ca\",\"potentialAction\":[{\"@type\":\"ReadAction\",\"target\":[\"https:\/\/evoabyinstalacionesfontes.com\/producto\/horno-haier-60-cm\/\"]}]},{\"@type\":\"ImageObject\",\"inLanguage\":\"ca\",\"@id\":\"https:\/\/evoabyinstalacionesfontes.com\/producto\/horno-haier-60-cm\/#primaryimage\",\"url\":\"https:\/\/evoabyinstalacionesfontes.com\/wp-content\/uploads\/2025\/07\/1.webp\",\"contentUrl\":\"https:\/\/evoabyinstalacionesfontes.com\/wp-content\/uploads\/2025\/07\/1.webp\",\"width\":1000,\"height\":1000},{\"@type\":\"BreadcrumbList\",\"@id\":\"https:\/\/evoabyinstalacionesfontes.com\/producto\/horno-haier-60-cm\/#breadcrumb\",\"itemListElement\":[{\"@type\":\"ListItem\",\"position\":1,\"name\":\"Portada\",\"item\":\"https:\/\/evoabyinstalacionesfontes.com\/\"},{\"@type\":\"ListItem\",\"position\":2,\"name\":\"Tienda\",\"item\":\"https:\/\/evoabyinstalacionesfontes.com\/tienda\/\"},{\"@type\":\"ListItem\",\"position\":3,\"name\":\"HORNO HAIER 60 CM\"}]},{\"@type\":\"WebSite\",\"@id\":\"https:\/\/evoabyinstalacionesfontes.com\/#website\",\"url\":\"https:\/\/evoabyinstalacionesfontes.com\/\",\"name\":\"EVOA\",\"description\":\"Tu tienda online de iluminaci\u00f3n y electrodom\u00e9sticos\",\"potentialAction\":[{\"@type\":\"SearchAction\",\"target\":{\"@type\":\"EntryPoint\",\"urlTemplate\":\"https:\/\/evoabyinstalacionesfontes.com\/?s={search_term_string}\"},\"query-input\":{\"@type\":\"PropertyValueSpecification\",\"valueRequired\":true,\"valueName\":\"search_term_string\"}}],\"inLanguage\":\"ca\"}]}<\/script>\n<!-- \/ Yoast SEO plugin. -->","yoast_head_json":{"title":"HORNO HAIER 60 CM - EVOA","robots":{"index":"index","follow":"follow","max-snippet":"max-snippet:-1","max-image-preview":"max-image-preview:large","max-video-preview":"max-video-preview:-1"},"canonical":"https:\/\/evoabyinstalacionesfontes.com\/ca\/producte\/horno-haier-60-cm\/","og_locale":"ca_ES","og_type":"article","og_title":"HORNO HAIER 60 CM - EVOA","og_description":"ID Series 2 presenta un dise\u00f1o moderno y familiar, elaborado con materiales aut\u00e9nticos que est\u00e1n hechos para perdurar. Su estilo minimalista se integra a la perfecci\u00f3n en cualquier hogar. Todos los hornos ID Series est\u00e1n dise\u00f1ados para realzar tu identidad culinaria \u00fanica, convirti\u00e9ndose en un asistente real que desbloquea tu potencial en la cocina. Esto es posible gracias a Bionicook, una fusi\u00f3n de tecnolog\u00eda de vanguardia y un profundo entendimiento de las caracter\u00edsticas humanas. Experimenta la Inteligencia Bi\u00f3nica, el poder de la avanzada integraci\u00f3n de IA en nuestros hornos de la ID Series 2, combinada con las infinitas posibilidades que ofrece la app hOn. Esto te permite explorar una amplia gama de nuevas recetas, que pueden filtrarse y guardarse f\u00e1cilmente seg\u00fan tus gustos personales y requisitos diet\u00e9ticos.","og_url":"https:\/\/evoabyinstalacionesfontes.com\/ca\/producte\/horno-haier-60-cm\/","og_site_name":"EVOA","article_modified_time":"2025-09-02T09:06:16+00:00","og_image":[{"width":1000,"height":1000,"url":"https:\/\/evoabyinstalacionesfontes.com\/wp-content\/uploads\/2025\/07\/1.webp","type":"image\/webp"}],"twitter_card":"summary_large_image","schema":{"@context":"https:\/\/schema.org","@graph":[{"@type":"WebPage","@id":"https:\/\/evoabyinstalacionesfontes.com\/producto\/horno-haier-60-cm\/","url":"https:\/\/evoabyinstalacionesfontes.com\/producto\/horno-haier-60-cm\/","name":"HORNO HAIER 60 CM - EVOA","isPartOf":{"@id":"https:\/\/evoabyinstalacionesfontes.com\/#website"},"primaryImageOfPage":{"@id":"https:\/\/evoabyinstalacionesfontes.com\/producto\/horno-haier-60-cm\/#primaryimage"},"image":{"@id":"https:\/\/evoabyinstalacionesfontes.com\/producto\/horno-haier-60-cm\/#primaryimage"},"thumbnailUrl":"https:\/\/evoabyinstalacionesfontes.com\/wp-content\/uploads\/2025\/07\/1.webp","datePublished":"2025-07-10T14:59:58+00:00","dateModified":"2025-09-02T09:06:16+00:00","breadcrumb":{"@id":"https:\/\/evoabyinstalacionesfontes.com\/producto\/horno-haier-60-cm\/#breadcrumb"},"inLanguage":"ca","potentialAction":[{"@type":"ReadAction","target":["https:\/\/evoabyinstalacionesfontes.com\/producto\/horno-haier-60-cm\/"]}]},{"@type":"ImageObject","inLanguage":"ca","@id":"https:\/\/evoabyinstalacionesfontes.com\/producto\/horno-haier-60-cm\/#primaryimage","url":"https:\/\/evoabyinstalacionesfontes.com\/wp-content\/uploads\/2025\/07\/1.webp","contentUrl":"https:\/\/evoabyinstalacionesfontes.com\/wp-content\/uploads\/2025\/07\/1.webp","width":1000,"height":1000},{"@type":"BreadcrumbList","@id":"https:\/\/evoabyinstalacionesfontes.com\/producto\/horno-haier-60-cm\/#breadcrumb","itemListElement":[{"@type":"ListItem","position":1,"name":"Portada","item":"https:\/\/evoabyinstalacionesfontes.com\/"},{"@type":"ListItem","position":2,"name":"Tienda","item":"https:\/\/evoabyinstalacionesfontes.com\/tienda\/"},{"@type":"ListItem","position":3,"name":"HORNO HAIER 60 CM"}]},{"@type":"WebSite","@id":"https:\/\/evoabyinstalacionesfontes.com\/#website","url":"https:\/\/evoabyinstalacionesfontes.com\/","name":"EVOA","description":"La teva botiga online d&#039;il\u00b7luminaci\u00f3 i electrodom\u00e8stics","potentialAction":[{"@type":"SearchAction","target":{"@type":"EntryPoint","urlTemplate":"https:\/\/evoabyinstalacionesfontes.com\/?s={search_term_string}"},"query-input":{"@type":"PropertyValueSpecification","valueRequired":true,"valueName":"search_term_string"}}],"inLanguage":"ca"}]}},"_links":{"self":[{"href":"https:\/\/evoabyinstalacionesfontes.com\/ca\/wp-json\/wp\/v2\/product\/806","targetHints":{"allow":["GET"]}}],"collection":[{"href":"https:\/\/evoabyinstalacionesfontes.com\/ca\/wp-json\/wp\/v2\/product"}],"about":[{"href":"https:\/\/evoabyinstalacionesfontes.com\/ca\/wp-json\/wp\/v2\/types\/product"}],"replies":[{"embeddable":true,"href":"https:\/\/evoabyinstalacionesfontes.com\/ca\/wp-json\/wp\/v2\/comments?post=806"}],"wp:featuredmedia":[{"embeddable":true,"href":"https:\/\/evoabyinstalacionesfontes.com\/ca\/wp-json\/wp\/v2\/media\/1059"}],"wp:attachment":[{"href":"https:\/\/evoabyinstalacionesfontes.com\/ca\/wp-json\/wp\/v2\/media?parent=806"}],"wp:term":[{"taxonomy":"product_brand","embeddable":true,"href":"https:\/\/evoabyinstalacionesfontes.com\/ca\/wp-json\/wp\/v2\/product_brand?post=806"},{"taxonomy":"product_cat","embeddable":true,"href":"https:\/\/evoabyinstalacionesfontes.com\/ca\/wp-json\/wp\/v2\/product_cat?post=806"},{"taxonomy":"product_tag","embeddable":true,"href":"https:\/\/evoabyinstalacionesfontes.com\/ca\/wp-json\/wp\/v2\/product_tag?post=806"}],"curies":[{"name":"wp","href":"https:\/\/api.w.org\/{rel}","templated":true}]}}