{"id":21,"date":"2025-03-28T16:06:23","date_gmt":"2025-03-28T19:06:23","guid":{"rendered":"https:\/\/innovacon.simplificandotuweb.com\/?page_id=21"},"modified":"2025-07-15T16:06:26","modified_gmt":"2025-07-15T14:06:26","slug":"declaracion-de-accesibilidad","status":"publish","type":"page","link":"https:\/\/evoabyinstalacionesfontes.com\/fr\/declaracion-de-accesibilidad\/","title":{"rendered":"D\u00e9claration d&#039;accessibilit\u00e9"},"content":{"rendered":"<div data-elementor-type=\"wp-page\" data-elementor-id=\"21\" class=\"elementor elementor-21\" data-elementor-post-type=\"page\">\n\t\t\t\t<div class=\"elementor-element elementor-element-eb6f979 e-flex e-con-boxed e-con e-parent\" data-id=\"eb6f979\" data-element_type=\"container\" data-settings=\"{&quot;background_background&quot;:&quot;classic&quot;}\">\n\t\t\t\t\t<div class=\"e-con-inner\">\n\t\t\t\t<div class=\"elementor-element elementor-element-7920f8c elementor-widget__width-inherit elementor-invisible elementor-widget elementor-widget-heading\" data-id=\"7920f8c\" data-element_type=\"widget\" data-settings=\"{&quot;_animation&quot;:&quot;fadeIn&quot;}\" data-widget_type=\"heading.default\">\n\t\t\t\t<div class=\"elementor-widget-container\">\n\t\t\t\t\t<h1 class=\"elementor-heading-title elementor-size-default\">D\u00e9claration d&#039;accessibilit\u00e9<\/h1>\t\t\t\t<\/div>\n\t\t\t\t<\/div>\n\t\t\t\t\t<\/div>\n\t\t\t\t<\/div>\n\t\t<div class=\"elementor-element elementor-element-6c35e8a0 e-flex e-con-boxed e-con e-parent\" data-id=\"6c35e8a0\" data-element_type=\"container\">\n\t\t\t\t\t<div class=\"e-con-inner\">\n\t\t\t\t<div class=\"elementor-element elementor-element-58f8038c elementor-widget elementor-widget-text-editor\" data-id=\"58f8038c\" data-element_type=\"widget\" data-widget_type=\"text-editor.default\">\n\t\t\t\t<div class=\"elementor-widget-container\">\n\t\t\t\t\t\t\t\t\t\n<p><strong>Mariana Andrea Supaga<\/strong> Cet organisme s\u2019engage \u00e0 rendre son site internet accessible, conform\u00e9ment au d\u00e9cret royal 1112\/2018 du 7 septembre relatif \u00e0 l\u2019accessibilit\u00e9 des sites internet et des applications mobiles du secteur public. La pr\u00e9sente d\u00e9claration d\u2019accessibilit\u00e9 s\u2019applique \u00e0 ce site internet.<\/p>\n\n<p><strong>\u00c9tat de conformit\u00e9<\/strong><\/p>\n\n<p>Ce site web a \u00e9t\u00e9 d\u00e9velopp\u00e9 conform\u00e9ment au d\u00e9cret royal 1112\/2018.<\/p>\n\n<p><strong>Pr\u00e9paration de la prochaine d\u00e9claration d&#039;accessibilit\u00e9<\/strong><\/p>\n\n<p>Cette d\u00e9claration a \u00e9t\u00e9 \u00e9tablie le 20 avril 2023. La m\u00e9thode utilis\u00e9e pour l&#039;\u00e9tablir \u00e9tait une auto-\u00e9valuation.<\/p>\n\n<p><strong>Notes et informations de contact<\/strong><\/p>\n\n<p>Vous pouvez soumettre des communications concernant les exigences d&#039;accessibilit\u00e9 (article 10.2.a du d\u00e9cret royal 1112\/2018), telles que\u00a0:<\/p>\n\n<ul class=\"wp-block-list\">\n<li>Signalez toute violation potentielle de ce site web<\/li>\n\n<li>Pour signaler d&#039;autres difficult\u00e9s d&#039;acc\u00e8s au contenu<\/li>\n\n<li>Pour toute autre question ou suggestion d&#039;am\u00e9lioration concernant l&#039;accessibilit\u00e9 du site web, veuillez utiliser le formulaire de contact sur ce site ou appeler le num\u00e9ro de t\u00e9l\u00e9phone indiqu\u00e9.\u00a0<\/li>\n<\/ul>\n\n<p>Vous pouvez pr\u00e9senter :<\/p>\n\n<ul class=\"wp-block-list\">\n<li>R\u00e9clamation relative au respect des exigences du d\u00e9cret royal 1112\/2018<\/li>\n\n<li>Demande d&#039;informations accessibles concernant :\n<ul class=\"wp-block-list\">\n<li>Contenu exclu du champ d&#039;application du d\u00e9cret royal 1112\/2018 tel qu&#039;\u00e9tabli \u00e0 l&#039;article 3, paragraphe 4<\/li>\n\n<li>Le contenu exempt\u00e9 des exigences d&#039;accessibilit\u00e9 impose une charge disproportionn\u00e9e<\/li>\n\n<li>Dans une demande d&#039;acc\u00e8s \u00e0 l&#039;information, les faits, les raisons et la demande doivent \u00eatre clairement pr\u00e9cis\u00e9s afin de d\u00e9montrer qu&#039;il s&#039;agit d&#039;une demande raisonnable et l\u00e9gitime.<\/li>\n<\/ul>\n<\/li>\n<\/ul>\n\n<p>Les plaintes et r\u00e9clamations concernant l&#039;acc\u00e8s \u00e0 l&#039;information seront formul\u00e9es par l&#039;interm\u00e9diaire du si\u00e8ge social \u00e9lectronique (<strong><a href=\"https:\/\/sede.red.gob.es\/procedimientos\/quejas-y-sugerencias\">https:\/\/sede.red.gob.es\/procedimientos\/quejas-y-sugerencias<\/a><\/strong>), et seront re\u00e7ues et trait\u00e9es par le service des syst\u00e8mes d&#039;information de Red.es.<\/p>\n\n<p><strong>Contenu optionnel<\/strong><\/p>\n\n<ul class=\"wp-block-list\">\n<li>Pour modifier la taille de la police du texte dans les principaux navigateurs graphiques, utilisez les menus suivants\u00a0:<\/li>\n\n<li>Safari\u00a0: Affichage &gt; Agrandir le texte<\/li>\n\n<li>Chrome\u00a0: Contr\u00f4ler la page actuelle &gt; Taille du texte<\/li>\n<\/ul>\n\n<p>Pour modifier la taille de tous les \u00e9l\u00e9ments de la page\u00a0:<\/p>\n\n<ul class=\"wp-block-list\">\n<li>Ctrl++ pour l&#039;augmenter<\/li>\n\n<li>Ctrl + \u2013 pour le diminuer<\/li>\n\n<li>Ctrl + 0 r\u00e9tablit la taille de texte d&#039;origine<\/li>\n\n<li>Si vous souhaitez remplacer la feuille de style ou changer la couleur du texte, vous pouvez consulter la page WAI \u00ab Comment modifier la taille ou les couleurs du texte \u00bb, qui peut se lire en espagnol \u00ab C\u00f3mo cambiar el tama\u00f1o del texto o colores ? \u00bb<\/li>\n<\/ul>\n\t\t\t\t\t\t\t\t<\/div>\n\t\t\t\t<\/div>\n\t\t\t\t\t<\/div>\n\t\t\t\t<\/div>\n\t\t\t\t<\/div>","protected":false},"excerpt":{"rendered":"<p>Mariana Andrea Supaga se ha comprometido a hacer accesible su sitio web, conforme al Real Decreto 1112\/2018, de 7 de septiembre, sobre accesibilidad de los sitios web y aplicaciones para dispositivos m\u00f3viles del sector p\u00fablico. Esta declaraci\u00f3n de accesibilidad se aplica a esta web. Situaci\u00f3n de cumplimiento Este sitio web est\u00e1 desarrollado seg\u00fan el RD [&hellip;]<\/p>","protected":false},"author":1,"featured_media":0,"parent":0,"menu_order":0,"comment_status":"closed","ping_status":"closed","template":"","meta":{"footnotes":""},"class_list":["post-21","page","type-page","status-publish","hentry"],"yoast_head":"<!-- This site is optimized with the Yoast SEO plugin v26.0 - https:\/\/yoast.com\/wordpress\/plugins\/seo\/ -->\n<title>Declaraci\u00f3n de Accesibilidad - EVOA<\/title>\n<meta name=\"robots\" content=\"index, follow, max-snippet:-1, max-image-preview:large, max-video-preview:-1\" \/>\n<link rel=\"canonical\" href=\"https:\/\/evoabyinstalacionesfontes.com\/fr\/declaracion-de-accesibilidad\/\" \/>\n<meta property=\"og:locale\" content=\"fr_FR\" \/>\n<meta property=\"og:type\" content=\"article\" \/>\n<meta property=\"og:title\" content=\"Declaraci\u00f3n de Accesibilidad - EVOA\" \/>\n<meta property=\"og:description\" content=\"Mariana Andrea Supaga se ha comprometido a hacer accesible su sitio web, conforme al Real Decreto 1112\/2018, de 7 de septiembre, sobre accesibilidad de los sitios web y aplicaciones para dispositivos m\u00f3viles del sector p\u00fablico. Esta declaraci\u00f3n de accesibilidad se aplica a esta web. Situaci\u00f3n de cumplimiento Este sitio web est\u00e1 desarrollado seg\u00fan el RD [&hellip;]\" \/>\n<meta property=\"og:url\" content=\"https:\/\/evoabyinstalacionesfontes.com\/fr\/declaracion-de-accesibilidad\/\" \/>\n<meta property=\"og:site_name\" content=\"EVOA\" \/>\n<meta property=\"article:modified_time\" content=\"2025-07-15T14:06:26+00:00\" \/>\n<meta name=\"twitter:card\" content=\"summary_large_image\" \/>\n<meta name=\"twitter:label1\" content=\"Dur\u00e9e de lecture estim\u00e9e\" \/>\n\t<meta name=\"twitter:data1\" content=\"2 minutes\" \/>\n<script type=\"application\/ld+json\" class=\"yoast-schema-graph\">{\"@context\":\"https:\/\/schema.org\",\"@graph\":[{\"@type\":\"WebPage\",\"@id\":\"https:\/\/evoabyinstalacionesfontes.com\/declaracion-de-accesibilidad\/\",\"url\":\"https:\/\/evoabyinstalacionesfontes.com\/declaracion-de-accesibilidad\/\",\"name\":\"Declaraci\u00f3n de Accesibilidad - EVOA\",\"isPartOf\":{\"@id\":\"https:\/\/evoabyinstalacionesfontes.com\/#website\"},\"datePublished\":\"2025-03-28T19:06:23+00:00\",\"dateModified\":\"2025-07-15T14:06:26+00:00\",\"breadcrumb\":{\"@id\":\"https:\/\/evoabyinstalacionesfontes.com\/declaracion-de-accesibilidad\/#breadcrumb\"},\"inLanguage\":\"fr-FR\",\"potentialAction\":[{\"@type\":\"ReadAction\",\"target\":[\"https:\/\/evoabyinstalacionesfontes.com\/declaracion-de-accesibilidad\/\"]}]},{\"@type\":\"BreadcrumbList\",\"@id\":\"https:\/\/evoabyinstalacionesfontes.com\/declaracion-de-accesibilidad\/#breadcrumb\",\"itemListElement\":[{\"@type\":\"ListItem\",\"position\":1,\"name\":\"Portada\",\"item\":\"https:\/\/evoabyinstalacionesfontes.com\/\"},{\"@type\":\"ListItem\",\"position\":2,\"name\":\"Declaraci\u00f3n de Accesibilidad\"}]},{\"@type\":\"WebSite\",\"@id\":\"https:\/\/evoabyinstalacionesfontes.com\/#website\",\"url\":\"https:\/\/evoabyinstalacionesfontes.com\/\",\"name\":\"EVOA\",\"description\":\"Tu tienda online de iluminaci\u00f3n y electrodom\u00e9sticos\",\"potentialAction\":[{\"@type\":\"SearchAction\",\"target\":{\"@type\":\"EntryPoint\",\"urlTemplate\":\"https:\/\/evoabyinstalacionesfontes.com\/?s={search_term_string}\"},\"query-input\":{\"@type\":\"PropertyValueSpecification\",\"valueRequired\":true,\"valueName\":\"search_term_string\"}}],\"inLanguage\":\"fr-FR\"}]}<\/script>\n<!-- \/ Yoast SEO plugin. -->","yoast_head_json":{"title":"Declaraci\u00f3n de Accesibilidad - EVOA","robots":{"index":"index","follow":"follow","max-snippet":"max-snippet:-1","max-image-preview":"max-image-preview:large","max-video-preview":"max-video-preview:-1"},"canonical":"https:\/\/evoabyinstalacionesfontes.com\/fr\/declaracion-de-accesibilidad\/","og_locale":"fr_FR","og_type":"article","og_title":"Declaraci\u00f3n de Accesibilidad - EVOA","og_description":"Mariana Andrea Supaga se ha comprometido a hacer accesible su sitio web, conforme al Real Decreto 1112\/2018, de 7 de septiembre, sobre accesibilidad de los sitios web y aplicaciones para dispositivos m\u00f3viles del sector p\u00fablico. Esta declaraci\u00f3n de accesibilidad se aplica a esta web. Situaci\u00f3n de cumplimiento Este sitio web est\u00e1 desarrollado seg\u00fan el RD [&hellip;]","og_url":"https:\/\/evoabyinstalacionesfontes.com\/fr\/declaracion-de-accesibilidad\/","og_site_name":"EVOA","article_modified_time":"2025-07-15T14:06:26+00:00","twitter_card":"summary_large_image","twitter_misc":{"Dur\u00e9e de lecture estim\u00e9e":"2 minutes"},"schema":{"@context":"https:\/\/schema.org","@graph":[{"@type":"WebPage","@id":"https:\/\/evoabyinstalacionesfontes.com\/declaracion-de-accesibilidad\/","url":"https:\/\/evoabyinstalacionesfontes.com\/declaracion-de-accesibilidad\/","name":"Declaraci\u00f3n de Accesibilidad - EVOA","isPartOf":{"@id":"https:\/\/evoabyinstalacionesfontes.com\/#website"},"datePublished":"2025-03-28T19:06:23+00:00","dateModified":"2025-07-15T14:06:26+00:00","breadcrumb":{"@id":"https:\/\/evoabyinstalacionesfontes.com\/declaracion-de-accesibilidad\/#breadcrumb"},"inLanguage":"fr-FR","potentialAction":[{"@type":"ReadAction","target":["https:\/\/evoabyinstalacionesfontes.com\/declaracion-de-accesibilidad\/"]}]},{"@type":"BreadcrumbList","@id":"https:\/\/evoabyinstalacionesfontes.com\/declaracion-de-accesibilidad\/#breadcrumb","itemListElement":[{"@type":"ListItem","position":1,"name":"Portada","item":"https:\/\/evoabyinstalacionesfontes.com\/"},{"@type":"ListItem","position":2,"name":"Declaraci\u00f3n de Accesibilidad"}]},{"@type":"WebSite","@id":"https:\/\/evoabyinstalacionesfontes.com\/#website","url":"https:\/\/evoabyinstalacionesfontes.com\/","name":"EVOA","description":"Votre boutique en ligne d&#039;\u00e9clairage et d&#039;\u00e9lectrom\u00e9nager","potentialAction":[{"@type":"SearchAction","target":{"@type":"EntryPoint","urlTemplate":"https:\/\/evoabyinstalacionesfontes.com\/?s={search_term_string}"},"query-input":{"@type":"PropertyValueSpecification","valueRequired":true,"valueName":"search_term_string"}}],"inLanguage":"fr-FR"}]}},"_links":{"self":[{"href":"https:\/\/evoabyinstalacionesfontes.com\/fr\/wp-json\/wp\/v2\/pages\/21","targetHints":{"allow":["GET"]}}],"collection":[{"href":"https:\/\/evoabyinstalacionesfontes.com\/fr\/wp-json\/wp\/v2\/pages"}],"about":[{"href":"https:\/\/evoabyinstalacionesfontes.com\/fr\/wp-json\/wp\/v2\/types\/page"}],"author":[{"embeddable":true,"href":"https:\/\/evoabyinstalacionesfontes.com\/fr\/wp-json\/wp\/v2\/users\/1"}],"replies":[{"embeddable":true,"href":"https:\/\/evoabyinstalacionesfontes.com\/fr\/wp-json\/wp\/v2\/comments?post=21"}],"version-history":[{"count":10,"href":"https:\/\/evoabyinstalacionesfontes.com\/fr\/wp-json\/wp\/v2\/pages\/21\/revisions"}],"predecessor-version":[{"id":965,"href":"https:\/\/evoabyinstalacionesfontes.com\/fr\/wp-json\/wp\/v2\/pages\/21\/revisions\/965"}],"wp:attachment":[{"href":"https:\/\/evoabyinstalacionesfontes.com\/fr\/wp-json\/wp\/v2\/media?parent=21"}],"curies":[{"name":"wp","href":"https:\/\/api.w.org\/{rel}","templated":true}]}}