{"id":301,"date":"2025-07-02T14:48:55","date_gmt":"2025-07-02T12:48:55","guid":{"rendered":"https:\/\/evoabyinstalacionesfontes.com\/producto\/shoku-600-aplique\/"},"modified":"2025-08-08T16:46:32","modified_gmt":"2025-08-08T14:46:32","slug":"shoku-600-aplique","status":"publish","type":"product","link":"https:\/\/evoabyinstalacionesfontes.com\/fr\/produit\/shoku-600-aplique\/","title":{"rendered":"LAMPE MURALE SHOKU 600"},"content":{"rendered":"","protected":false},"excerpt":{"rendered":"<p>SHOKU est un luminaire d&#039;int\u00e9rieur minimaliste d&#039;inspiration architecturale, con\u00e7u par le studio Ernest Perera. La source lumineuse de cette applique murale est encastr\u00e9e, offrant un confort visuel optimal. SHOKU 600 b\u00e9n\u00e9ficie d&#039;un \u00e9clairage interne, cr\u00e9ant un effet lumineux unique. 220-240 V, 40 W, 2700 K.<\/p>","protected":false},"featured_media":1085,"comment_status":"open","ping_status":"closed","template":"","meta":[],"product_brand":[],"product_cat":[32],"product_tag":[],"class_list":{"0":"post-301","1":"product","2":"type-product","3":"status-publish","4":"has-post-thumbnail","6":"product_cat-aplique","8":"first","9":"instock","10":"taxable","11":"shipping-taxable","12":"purchasable","13":"product-type-variable"},"yoast_head":"<!-- This site is optimized with the Yoast SEO plugin v26.0 - https:\/\/yoast.com\/wordpress\/plugins\/seo\/ -->\n<title>SHOKU 600 APLIQUE - EVOA<\/title>\n<meta name=\"robots\" content=\"index, follow, max-snippet:-1, max-image-preview:large, max-video-preview:-1\" \/>\n<link rel=\"canonical\" href=\"https:\/\/evoabyinstalacionesfontes.com\/fr\/produit\/shoku-600-aplique\/\" \/>\n<meta property=\"og:locale\" content=\"fr_FR\" \/>\n<meta property=\"og:type\" content=\"article\" \/>\n<meta property=\"og:title\" content=\"SHOKU 600 APLIQUE - EVOA\" \/>\n<meta property=\"og:description\" content=\"SHOKU es una de luminarias de interior con car\u00e1cter minimalista y arquitect\u00f3nico dise\u00f1ada por Ernest Perera Studio. La fuente de luz de este aplique es recedida, ofreciendo un mayor comfort visual. SHOKU 600 se ilumina internamente generando un efecto de luz muy singular. 220-240V, 40W, 2700K.\" \/>\n<meta property=\"og:url\" content=\"https:\/\/evoabyinstalacionesfontes.com\/fr\/produit\/shoku-600-aplique\/\" \/>\n<meta property=\"og:site_name\" content=\"EVOA\" \/>\n<meta property=\"article:modified_time\" content=\"2025-08-08T14:46:32+00:00\" \/>\n<meta property=\"og:image\" content=\"https:\/\/evoabyinstalacionesfontes.com\/wp-content\/uploads\/2025\/07\/SHOKU_600.png\" \/>\n\t<meta property=\"og:image:width\" content=\"1000\" \/>\n\t<meta property=\"og:image:height\" content=\"1000\" \/>\n\t<meta property=\"og:image:type\" content=\"image\/png\" \/>\n<meta name=\"twitter:card\" content=\"summary_large_image\" \/>\n<script type=\"application\/ld+json\" class=\"yoast-schema-graph\">{\"@context\":\"https:\/\/schema.org\",\"@graph\":[{\"@type\":\"WebPage\",\"@id\":\"https:\/\/evoabyinstalacionesfontes.com\/producto\/shoku-600-aplique\/\",\"url\":\"https:\/\/evoabyinstalacionesfontes.com\/producto\/shoku-600-aplique\/\",\"name\":\"SHOKU 600 APLIQUE - EVOA\",\"isPartOf\":{\"@id\":\"https:\/\/evoabyinstalacionesfontes.com\/#website\"},\"primaryImageOfPage\":{\"@id\":\"https:\/\/evoabyinstalacionesfontes.com\/producto\/shoku-600-aplique\/#primaryimage\"},\"image\":{\"@id\":\"https:\/\/evoabyinstalacionesfontes.com\/producto\/shoku-600-aplique\/#primaryimage\"},\"thumbnailUrl\":\"https:\/\/evoabyinstalacionesfontes.com\/wp-content\/uploads\/2025\/07\/SHOKU_600.png\",\"datePublished\":\"2025-07-02T12:48:55+00:00\",\"dateModified\":\"2025-08-08T14:46:32+00:00\",\"breadcrumb\":{\"@id\":\"https:\/\/evoabyinstalacionesfontes.com\/producto\/shoku-600-aplique\/#breadcrumb\"},\"inLanguage\":\"fr-FR\",\"potentialAction\":[{\"@type\":\"ReadAction\",\"target\":[\"https:\/\/evoabyinstalacionesfontes.com\/producto\/shoku-600-aplique\/\"]}]},{\"@type\":\"ImageObject\",\"inLanguage\":\"fr-FR\",\"@id\":\"https:\/\/evoabyinstalacionesfontes.com\/producto\/shoku-600-aplique\/#primaryimage\",\"url\":\"https:\/\/evoabyinstalacionesfontes.com\/wp-content\/uploads\/2025\/07\/SHOKU_600.png\",\"contentUrl\":\"https:\/\/evoabyinstalacionesfontes.com\/wp-content\/uploads\/2025\/07\/SHOKU_600.png\",\"width\":1000,\"height\":1000},{\"@type\":\"BreadcrumbList\",\"@id\":\"https:\/\/evoabyinstalacionesfontes.com\/producto\/shoku-600-aplique\/#breadcrumb\",\"itemListElement\":[{\"@type\":\"ListItem\",\"position\":1,\"name\":\"Portada\",\"item\":\"https:\/\/evoabyinstalacionesfontes.com\/\"},{\"@type\":\"ListItem\",\"position\":2,\"name\":\"Tienda\",\"item\":\"https:\/\/evoabyinstalacionesfontes.com\/tienda\/\"},{\"@type\":\"ListItem\",\"position\":3,\"name\":\"SHOKU 600 APLIQUE\"}]},{\"@type\":\"WebSite\",\"@id\":\"https:\/\/evoabyinstalacionesfontes.com\/#website\",\"url\":\"https:\/\/evoabyinstalacionesfontes.com\/\",\"name\":\"EVOA\",\"description\":\"Tu tienda online de iluminaci\u00f3n y electrodom\u00e9sticos\",\"potentialAction\":[{\"@type\":\"SearchAction\",\"target\":{\"@type\":\"EntryPoint\",\"urlTemplate\":\"https:\/\/evoabyinstalacionesfontes.com\/?s={search_term_string}\"},\"query-input\":{\"@type\":\"PropertyValueSpecification\",\"valueRequired\":true,\"valueName\":\"search_term_string\"}}],\"inLanguage\":\"fr-FR\"}]}<\/script>\n<!-- \/ Yoast SEO plugin. -->","yoast_head_json":{"title":"SHOKU 600 APLIQUE - EVOA","robots":{"index":"index","follow":"follow","max-snippet":"max-snippet:-1","max-image-preview":"max-image-preview:large","max-video-preview":"max-video-preview:-1"},"canonical":"https:\/\/evoabyinstalacionesfontes.com\/fr\/produit\/shoku-600-aplique\/","og_locale":"fr_FR","og_type":"article","og_title":"SHOKU 600 APLIQUE - EVOA","og_description":"SHOKU es una de luminarias de interior con car\u00e1cter minimalista y arquitect\u00f3nico dise\u00f1ada por Ernest Perera Studio. La fuente de luz de este aplique es recedida, ofreciendo un mayor comfort visual. SHOKU 600 se ilumina internamente generando un efecto de luz muy singular. 220-240V, 40W, 2700K.","og_url":"https:\/\/evoabyinstalacionesfontes.com\/fr\/produit\/shoku-600-aplique\/","og_site_name":"EVOA","article_modified_time":"2025-08-08T14:46:32+00:00","og_image":[{"width":1000,"height":1000,"url":"https:\/\/evoabyinstalacionesfontes.com\/wp-content\/uploads\/2025\/07\/SHOKU_600.png","type":"image\/png"}],"twitter_card":"summary_large_image","schema":{"@context":"https:\/\/schema.org","@graph":[{"@type":"WebPage","@id":"https:\/\/evoabyinstalacionesfontes.com\/producto\/shoku-600-aplique\/","url":"https:\/\/evoabyinstalacionesfontes.com\/producto\/shoku-600-aplique\/","name":"SHOKU 600 APLIQUE - EVOA","isPartOf":{"@id":"https:\/\/evoabyinstalacionesfontes.com\/#website"},"primaryImageOfPage":{"@id":"https:\/\/evoabyinstalacionesfontes.com\/producto\/shoku-600-aplique\/#primaryimage"},"image":{"@id":"https:\/\/evoabyinstalacionesfontes.com\/producto\/shoku-600-aplique\/#primaryimage"},"thumbnailUrl":"https:\/\/evoabyinstalacionesfontes.com\/wp-content\/uploads\/2025\/07\/SHOKU_600.png","datePublished":"2025-07-02T12:48:55+00:00","dateModified":"2025-08-08T14:46:32+00:00","breadcrumb":{"@id":"https:\/\/evoabyinstalacionesfontes.com\/producto\/shoku-600-aplique\/#breadcrumb"},"inLanguage":"fr-FR","potentialAction":[{"@type":"ReadAction","target":["https:\/\/evoabyinstalacionesfontes.com\/producto\/shoku-600-aplique\/"]}]},{"@type":"ImageObject","inLanguage":"fr-FR","@id":"https:\/\/evoabyinstalacionesfontes.com\/producto\/shoku-600-aplique\/#primaryimage","url":"https:\/\/evoabyinstalacionesfontes.com\/wp-content\/uploads\/2025\/07\/SHOKU_600.png","contentUrl":"https:\/\/evoabyinstalacionesfontes.com\/wp-content\/uploads\/2025\/07\/SHOKU_600.png","width":1000,"height":1000},{"@type":"BreadcrumbList","@id":"https:\/\/evoabyinstalacionesfontes.com\/producto\/shoku-600-aplique\/#breadcrumb","itemListElement":[{"@type":"ListItem","position":1,"name":"Portada","item":"https:\/\/evoabyinstalacionesfontes.com\/"},{"@type":"ListItem","position":2,"name":"Tienda","item":"https:\/\/evoabyinstalacionesfontes.com\/tienda\/"},{"@type":"ListItem","position":3,"name":"SHOKU 600 APLIQUE"}]},{"@type":"WebSite","@id":"https:\/\/evoabyinstalacionesfontes.com\/#website","url":"https:\/\/evoabyinstalacionesfontes.com\/","name":"EVOA","description":"Votre boutique en ligne d&#039;\u00e9clairage et d&#039;\u00e9lectrom\u00e9nager","potentialAction":[{"@type":"SearchAction","target":{"@type":"EntryPoint","urlTemplate":"https:\/\/evoabyinstalacionesfontes.com\/?s={search_term_string}"},"query-input":{"@type":"PropertyValueSpecification","valueRequired":true,"valueName":"search_term_string"}}],"inLanguage":"fr-FR"}]}},"_links":{"self":[{"href":"https:\/\/evoabyinstalacionesfontes.com\/fr\/wp-json\/wp\/v2\/product\/301","targetHints":{"allow":["GET"]}}],"collection":[{"href":"https:\/\/evoabyinstalacionesfontes.com\/fr\/wp-json\/wp\/v2\/product"}],"about":[{"href":"https:\/\/evoabyinstalacionesfontes.com\/fr\/wp-json\/wp\/v2\/types\/product"}],"replies":[{"embeddable":true,"href":"https:\/\/evoabyinstalacionesfontes.com\/fr\/wp-json\/wp\/v2\/comments?post=301"}],"wp:featuredmedia":[{"embeddable":true,"href":"https:\/\/evoabyinstalacionesfontes.com\/fr\/wp-json\/wp\/v2\/media\/1085"}],"wp:attachment":[{"href":"https:\/\/evoabyinstalacionesfontes.com\/fr\/wp-json\/wp\/v2\/media?parent=301"}],"wp:term":[{"taxonomy":"product_brand","embeddable":true,"href":"https:\/\/evoabyinstalacionesfontes.com\/fr\/wp-json\/wp\/v2\/product_brand?post=301"},{"taxonomy":"product_cat","embeddable":true,"href":"https:\/\/evoabyinstalacionesfontes.com\/fr\/wp-json\/wp\/v2\/product_cat?post=301"},{"taxonomy":"product_tag","embeddable":true,"href":"https:\/\/evoabyinstalacionesfontes.com\/fr\/wp-json\/wp\/v2\/product_tag?post=301"}],"curies":[{"name":"wp","href":"https:\/\/api.w.org\/{rel}","templated":true}]}}