{"id":308,"date":"2025-07-02T14:48:56","date_gmt":"2025-07-02T12:48:56","guid":{"rendered":"https:\/\/evoabyinstalacionesfontes.com\/producto\/aire-450-colgante\/"},"modified":"2025-08-08T16:42:51","modified_gmt":"2025-08-08T14:42:51","slug":"aire-450-colgante","status":"publish","type":"product","link":"https:\/\/evoabyinstalacionesfontes.com\/fr\/produit\/aire-450-colgante\/","title":{"rendered":"Pendentif AIR 450"},"content":{"rendered":"","protected":false},"excerpt":{"rendered":"<p>La collection de luminaires AIRE allie technologie et durabilit\u00e9. Son abat-jour est fabriqu\u00e9 en PETG recycl\u00e9 et pr\u00e9sente une finition transparente et textur\u00e9e. Imprim\u00e9es en 3D, ses formes \u00e9voquent des bulles d&#039;air qui emplissent l&#039;espace, lui conf\u00e9rant personnalit\u00e9 et \u00e9l\u00e9gance. Gr\u00e2ce \u00e0 son aspect cristallin et \u00e0 sa texture de surface, la lumi\u00e8re se diffuse comme par magie \u00e0 travers l&#039;abat-jour. Le luminaire Aire 450 peut \u00eatre utilis\u00e9 seul ou avec d&#039;autres luminaires de la collection pour cr\u00e9er des compositions lumineuses uniques. Tierra, Mar y Aire est une collection de luminaires fond\u00e9e sur deux id\u00e9es\u00a0: la d\u00e9mocratisation de l&#039;impression 3D \u00e0 grande \u00e9chelle et un int\u00e9r\u00eat pour la circularit\u00e9 et la durabilit\u00e9. Ces trois collections sont con\u00e7ues comme un geste de d\u00e9nonciation de la n\u00e9cessit\u00e9 de reconsid\u00e9rer notre relation avec la plan\u00e8te. Con\u00e7ues par H\u00e9ctor Serrano, dont le studio de design londonien travaille sur des projets innovants et intemporels depuis plus de 20\u00a0ans, H\u00e9ctor Serrano se consacre \u00e0 la cr\u00e9ation de produits et d&#039;espaces qui suscitent un dialogue humain, \u00e9motionnel et extraordinaire. La collection Aire est fabriqu\u00e9e en PET recycl\u00e9 100%, le plastique le plus recycl\u00e9 au monde. Bien que sa composition lui permette d&#039;\u00eatre recycl\u00e9 plusieurs fois tout en conservant ses caract\u00e9ristiques, seuls 9% des d\u00e9chets plastiques mondiaux sont recycl\u00e9s. Ampoule LED E27 100-240 V, 15 W.<\/p>","protected":false},"featured_media":1077,"comment_status":"open","ping_status":"closed","template":"","meta":[],"product_brand":[],"product_cat":[36],"product_tag":[],"class_list":{"0":"post-308","1":"product","2":"type-product","3":"status-publish","4":"has-post-thumbnail","6":"product_cat-colgante","8":"first","9":"instock","10":"taxable","11":"shipping-taxable","12":"purchasable","13":"product-type-variable"},"yoast_head":"<!-- This site is optimized with the Yoast SEO plugin v26.0 - https:\/\/yoast.com\/wordpress\/plugins\/seo\/ -->\n<title>AIRE 450 Colgante - EVOA<\/title>\n<meta name=\"robots\" content=\"index, follow, max-snippet:-1, max-image-preview:large, max-video-preview:-1\" \/>\n<link rel=\"canonical\" href=\"https:\/\/evoabyinstalacionesfontes.com\/fr\/produit\/aire-450-colgante\/\" \/>\n<meta property=\"og:locale\" content=\"fr_FR\" \/>\n<meta property=\"og:type\" content=\"article\" \/>\n<meta property=\"og:title\" content=\"AIRE 450 Colgante - EVOA\" \/>\n<meta property=\"og:description\" content=\"La colecci\u00f3n de luminarias AIRE, fusionan tecnolog\u00eda y sostenibilidad. Su pantalla est\u00e1 fabricada con PETG reciclado, y tiene un acabado transparente y texturizado. Impresa en 3D, las formas evocan a burbujas de aire que llenan el espacio dot\u00e1ndolo de personalidad y elegancia. Gracias a su aspecto cristalino y a la textura de la superficie, la luz se difunde magicamente a trav\u00e9s de la pantalla. La luminaria Aire 450 puede utilizarse de manera indivual o con m\u00e1s luminarias de la colecci\u00f3n, para generar composiciones de luz \u00fanicas. Tierra, Mar y Aire es una colecci\u00f3n de luminarias basada en dos ideas: la democratizaci\u00f3n de la impresi\u00f3n 3D a gran escala y el inter\u00e9s por la circularidad y la sostenibilidad.Las tres colecciones se conciben como un gesto de denuncia sobre la necesidad de plantearnos nuestra relaci\u00f3n con el planeta. Dise\u00f1ada por H\u00e9ctor Serrano, cuyo estudio de dise\u00f1o, basado en Londres, lleva m\u00e1s de 20 a\u00f1os trabajando en proyectos innovadores y atemporales.El foco de H\u00e9ctor Serrano es crear productos y espacios que atraigan a las personas de la forma m\u00e1s humana, emocional y extraordinaria posible. La colecci\u00f3n Aire est\u00e1 fabricada a partir de PET 100% reciclado, el pl\u00e1stico m\u00e1s reciclado del mundo. Si bien su composici\u00f3n le permite reciclarlo m\u00faltiples veces manteniendo sus caracter\u00edsticas, solo el 9% de los residuos pl\u00e1sticos mundiales se recicla. 100-240V, 15W, luz E27 LED.\" \/>\n<meta property=\"og:url\" content=\"https:\/\/evoabyinstalacionesfontes.com\/fr\/produit\/aire-450-colgante\/\" \/>\n<meta property=\"og:site_name\" content=\"EVOA\" \/>\n<meta property=\"article:modified_time\" content=\"2025-08-08T14:42:51+00:00\" \/>\n<meta property=\"og:image\" content=\"https:\/\/evoabyinstalacionesfontes.com\/wp-content\/uploads\/2025\/07\/AIRE-1.png\" \/>\n\t<meta property=\"og:image:width\" content=\"1000\" \/>\n\t<meta property=\"og:image:height\" content=\"1000\" \/>\n\t<meta property=\"og:image:type\" content=\"image\/png\" \/>\n<meta name=\"twitter:card\" content=\"summary_large_image\" \/>\n<script type=\"application\/ld+json\" class=\"yoast-schema-graph\">{\"@context\":\"https:\/\/schema.org\",\"@graph\":[{\"@type\":\"WebPage\",\"@id\":\"https:\/\/evoabyinstalacionesfontes.com\/producto\/aire-450-colgante\/\",\"url\":\"https:\/\/evoabyinstalacionesfontes.com\/producto\/aire-450-colgante\/\",\"name\":\"AIRE 450 Colgante - EVOA\",\"isPartOf\":{\"@id\":\"https:\/\/evoabyinstalacionesfontes.com\/#website\"},\"primaryImageOfPage\":{\"@id\":\"https:\/\/evoabyinstalacionesfontes.com\/producto\/aire-450-colgante\/#primaryimage\"},\"image\":{\"@id\":\"https:\/\/evoabyinstalacionesfontes.com\/producto\/aire-450-colgante\/#primaryimage\"},\"thumbnailUrl\":\"https:\/\/evoabyinstalacionesfontes.com\/wp-content\/uploads\/2025\/07\/AIRE-1.png\",\"datePublished\":\"2025-07-02T12:48:56+00:00\",\"dateModified\":\"2025-08-08T14:42:51+00:00\",\"breadcrumb\":{\"@id\":\"https:\/\/evoabyinstalacionesfontes.com\/producto\/aire-450-colgante\/#breadcrumb\"},\"inLanguage\":\"fr-FR\",\"potentialAction\":[{\"@type\":\"ReadAction\",\"target\":[\"https:\/\/evoabyinstalacionesfontes.com\/producto\/aire-450-colgante\/\"]}]},{\"@type\":\"ImageObject\",\"inLanguage\":\"fr-FR\",\"@id\":\"https:\/\/evoabyinstalacionesfontes.com\/producto\/aire-450-colgante\/#primaryimage\",\"url\":\"https:\/\/evoabyinstalacionesfontes.com\/wp-content\/uploads\/2025\/07\/AIRE-1.png\",\"contentUrl\":\"https:\/\/evoabyinstalacionesfontes.com\/wp-content\/uploads\/2025\/07\/AIRE-1.png\",\"width\":1000,\"height\":1000},{\"@type\":\"BreadcrumbList\",\"@id\":\"https:\/\/evoabyinstalacionesfontes.com\/producto\/aire-450-colgante\/#breadcrumb\",\"itemListElement\":[{\"@type\":\"ListItem\",\"position\":1,\"name\":\"Portada\",\"item\":\"https:\/\/evoabyinstalacionesfontes.com\/\"},{\"@type\":\"ListItem\",\"position\":2,\"name\":\"Tienda\",\"item\":\"https:\/\/evoabyinstalacionesfontes.com\/tienda\/\"},{\"@type\":\"ListItem\",\"position\":3,\"name\":\"AIRE 450 Colgante\"}]},{\"@type\":\"WebSite\",\"@id\":\"https:\/\/evoabyinstalacionesfontes.com\/#website\",\"url\":\"https:\/\/evoabyinstalacionesfontes.com\/\",\"name\":\"EVOA\",\"description\":\"Tu tienda online de iluminaci\u00f3n y electrodom\u00e9sticos\",\"potentialAction\":[{\"@type\":\"SearchAction\",\"target\":{\"@type\":\"EntryPoint\",\"urlTemplate\":\"https:\/\/evoabyinstalacionesfontes.com\/?s={search_term_string}\"},\"query-input\":{\"@type\":\"PropertyValueSpecification\",\"valueRequired\":true,\"valueName\":\"search_term_string\"}}],\"inLanguage\":\"fr-FR\"}]}<\/script>\n<!-- \/ Yoast SEO plugin. -->","yoast_head_json":{"title":"AIRE 450 Colgante - EVOA","robots":{"index":"index","follow":"follow","max-snippet":"max-snippet:-1","max-image-preview":"max-image-preview:large","max-video-preview":"max-video-preview:-1"},"canonical":"https:\/\/evoabyinstalacionesfontes.com\/fr\/produit\/aire-450-colgante\/","og_locale":"fr_FR","og_type":"article","og_title":"AIRE 450 Colgante - EVOA","og_description":"La colecci\u00f3n de luminarias AIRE, fusionan tecnolog\u00eda y sostenibilidad. Su pantalla est\u00e1 fabricada con PETG reciclado, y tiene un acabado transparente y texturizado. Impresa en 3D, las formas evocan a burbujas de aire que llenan el espacio dot\u00e1ndolo de personalidad y elegancia. Gracias a su aspecto cristalino y a la textura de la superficie, la luz se difunde magicamente a trav\u00e9s de la pantalla. La luminaria Aire 450 puede utilizarse de manera indivual o con m\u00e1s luminarias de la colecci\u00f3n, para generar composiciones de luz \u00fanicas. Tierra, Mar y Aire es una colecci\u00f3n de luminarias basada en dos ideas: la democratizaci\u00f3n de la impresi\u00f3n 3D a gran escala y el inter\u00e9s por la circularidad y la sostenibilidad.Las tres colecciones se conciben como un gesto de denuncia sobre la necesidad de plantearnos nuestra relaci\u00f3n con el planeta. Dise\u00f1ada por H\u00e9ctor Serrano, cuyo estudio de dise\u00f1o, basado en Londres, lleva m\u00e1s de 20 a\u00f1os trabajando en proyectos innovadores y atemporales.El foco de H\u00e9ctor Serrano es crear productos y espacios que atraigan a las personas de la forma m\u00e1s humana, emocional y extraordinaria posible. La colecci\u00f3n Aire est\u00e1 fabricada a partir de PET 100% reciclado, el pl\u00e1stico m\u00e1s reciclado del mundo. Si bien su composici\u00f3n le permite reciclarlo m\u00faltiples veces manteniendo sus caracter\u00edsticas, solo el 9% de los residuos pl\u00e1sticos mundiales se recicla. 100-240V, 15W, luz E27 LED.","og_url":"https:\/\/evoabyinstalacionesfontes.com\/fr\/produit\/aire-450-colgante\/","og_site_name":"EVOA","article_modified_time":"2025-08-08T14:42:51+00:00","og_image":[{"width":1000,"height":1000,"url":"https:\/\/evoabyinstalacionesfontes.com\/wp-content\/uploads\/2025\/07\/AIRE-1.png","type":"image\/png"}],"twitter_card":"summary_large_image","schema":{"@context":"https:\/\/schema.org","@graph":[{"@type":"WebPage","@id":"https:\/\/evoabyinstalacionesfontes.com\/producto\/aire-450-colgante\/","url":"https:\/\/evoabyinstalacionesfontes.com\/producto\/aire-450-colgante\/","name":"AIRE 450 Colgante - EVOA","isPartOf":{"@id":"https:\/\/evoabyinstalacionesfontes.com\/#website"},"primaryImageOfPage":{"@id":"https:\/\/evoabyinstalacionesfontes.com\/producto\/aire-450-colgante\/#primaryimage"},"image":{"@id":"https:\/\/evoabyinstalacionesfontes.com\/producto\/aire-450-colgante\/#primaryimage"},"thumbnailUrl":"https:\/\/evoabyinstalacionesfontes.com\/wp-content\/uploads\/2025\/07\/AIRE-1.png","datePublished":"2025-07-02T12:48:56+00:00","dateModified":"2025-08-08T14:42:51+00:00","breadcrumb":{"@id":"https:\/\/evoabyinstalacionesfontes.com\/producto\/aire-450-colgante\/#breadcrumb"},"inLanguage":"fr-FR","potentialAction":[{"@type":"ReadAction","target":["https:\/\/evoabyinstalacionesfontes.com\/producto\/aire-450-colgante\/"]}]},{"@type":"ImageObject","inLanguage":"fr-FR","@id":"https:\/\/evoabyinstalacionesfontes.com\/producto\/aire-450-colgante\/#primaryimage","url":"https:\/\/evoabyinstalacionesfontes.com\/wp-content\/uploads\/2025\/07\/AIRE-1.png","contentUrl":"https:\/\/evoabyinstalacionesfontes.com\/wp-content\/uploads\/2025\/07\/AIRE-1.png","width":1000,"height":1000},{"@type":"BreadcrumbList","@id":"https:\/\/evoabyinstalacionesfontes.com\/producto\/aire-450-colgante\/#breadcrumb","itemListElement":[{"@type":"ListItem","position":1,"name":"Portada","item":"https:\/\/evoabyinstalacionesfontes.com\/"},{"@type":"ListItem","position":2,"name":"Tienda","item":"https:\/\/evoabyinstalacionesfontes.com\/tienda\/"},{"@type":"ListItem","position":3,"name":"AIRE 450 Colgante"}]},{"@type":"WebSite","@id":"https:\/\/evoabyinstalacionesfontes.com\/#website","url":"https:\/\/evoabyinstalacionesfontes.com\/","name":"EVOA","description":"Votre boutique en ligne d&#039;\u00e9clairage et d&#039;\u00e9lectrom\u00e9nager","potentialAction":[{"@type":"SearchAction","target":{"@type":"EntryPoint","urlTemplate":"https:\/\/evoabyinstalacionesfontes.com\/?s={search_term_string}"},"query-input":{"@type":"PropertyValueSpecification","valueRequired":true,"valueName":"search_term_string"}}],"inLanguage":"fr-FR"}]}},"_links":{"self":[{"href":"https:\/\/evoabyinstalacionesfontes.com\/fr\/wp-json\/wp\/v2\/product\/308","targetHints":{"allow":["GET"]}}],"collection":[{"href":"https:\/\/evoabyinstalacionesfontes.com\/fr\/wp-json\/wp\/v2\/product"}],"about":[{"href":"https:\/\/evoabyinstalacionesfontes.com\/fr\/wp-json\/wp\/v2\/types\/product"}],"replies":[{"embeddable":true,"href":"https:\/\/evoabyinstalacionesfontes.com\/fr\/wp-json\/wp\/v2\/comments?post=308"}],"wp:featuredmedia":[{"embeddable":true,"href":"https:\/\/evoabyinstalacionesfontes.com\/fr\/wp-json\/wp\/v2\/media\/1077"}],"wp:attachment":[{"href":"https:\/\/evoabyinstalacionesfontes.com\/fr\/wp-json\/wp\/v2\/media?parent=308"}],"wp:term":[{"taxonomy":"product_brand","embeddable":true,"href":"https:\/\/evoabyinstalacionesfontes.com\/fr\/wp-json\/wp\/v2\/product_brand?post=308"},{"taxonomy":"product_cat","embeddable":true,"href":"https:\/\/evoabyinstalacionesfontes.com\/fr\/wp-json\/wp\/v2\/product_cat?post=308"},{"taxonomy":"product_tag","embeddable":true,"href":"https:\/\/evoabyinstalacionesfontes.com\/fr\/wp-json\/wp\/v2\/product_tag?post=308"}],"curies":[{"name":"wp","href":"https:\/\/api.w.org\/{rel}","templated":true}]}}