{"id":316,"date":"2025-07-02T14:48:57","date_gmt":"2025-07-02T12:48:57","guid":{"rendered":"https:\/\/evoabyinstalacionesfontes.com\/producto\/gaia-baliza-gris\/"},"modified":"2025-08-08T16:24:59","modified_gmt":"2025-08-08T14:24:59","slug":"gaia-baliza-gris","status":"publish","type":"product","link":"https:\/\/evoabyinstalacionesfontes.com\/fr\/produit\/gaia-baliza-gris\/","title":{"rendered":"Balise grise GAIA"},"content":{"rendered":"","protected":false},"excerpt":{"rendered":"<p>La borne GAIA est un luminaire con\u00e7u sp\u00e9cifiquement pour l&#039;\u00e9clairage des espaces ext\u00e9rieurs. Imagin\u00e9e par Yembarastudio, sa forme \u00e9voque l&#039;arch\u00e9type de la sph\u00e8re, une silhouette organique aux ar\u00eates douces qui se fond naturellement dans le paysage. La lumi\u00e8re \u00e9mane de l&#039;int\u00e9rieur de mani\u00e8re myst\u00e9rieuse et \u00e9l\u00e9gante, s&#039;estompant progressivement. La face convexe de la pi\u00e8ce en b\u00e9ton est expos\u00e9e \u00e0 l&#039;obscurit\u00e9, telle la face cach\u00e9e de la lune. Le jour, la borne s&#039;int\u00e8gre au paysage, mais de fa\u00e7on invers\u00e9e\u00a0: sa face pleine est \u00e9clair\u00e9e tandis que l&#039;ombre l&#039;entoure. Gr\u00e2ce \u00e0 sa visi\u00e8re int\u00e9gr\u00e9e, ce luminaire gris ne provoque aucun \u00e9blouissement, offrant un excellent confort visuel. Un connecteur IP68 permet un raccordement direct au r\u00e9seau \u00e9lectrique, simplifiant ainsi l&#039;installation. 220-240\u00a0V, 6\u00a0W, LED SMD.<\/p>","protected":false},"featured_media":1063,"comment_status":"open","ping_status":"closed","template":"","meta":[],"product_brand":[],"product_cat":[38],"product_tag":[],"class_list":{"0":"post-316","1":"product","2":"type-product","3":"status-publish","4":"has-post-thumbnail","6":"product_cat-baliza","8":"first","9":"instock","10":"taxable","11":"shipping-taxable","12":"purchasable","13":"product-type-variable"},"yoast_head":"<!-- This site is optimized with the Yoast SEO plugin v26.0 - https:\/\/yoast.com\/wordpress\/plugins\/seo\/ -->\n<title>GAIA Baliza gris - EVOA<\/title>\n<meta name=\"robots\" content=\"index, follow, max-snippet:-1, max-image-preview:large, max-video-preview:-1\" \/>\n<link rel=\"canonical\" href=\"https:\/\/evoabyinstalacionesfontes.com\/fr\/produit\/gaia-baliza-gris\/\" \/>\n<meta property=\"og:locale\" content=\"fr_FR\" \/>\n<meta property=\"og:type\" content=\"article\" \/>\n<meta property=\"og:title\" content=\"GAIA Baliza gris - EVOA\" \/>\n<meta property=\"og:description\" content=\"La baliza GAIA es un objeto de luz concebido especialmente para la iluminaci\u00f3n de espacios exteriores. Dise\u00f1ada por Yembarastudio, su morfolog\u00eda evoca al arquetipo de la esfera, una forma org\u00e1nica sin aristas que se fusiona con el paisaje de manera natural. La claridad se expande desde su interior de un modo misterioso y elegante, que se va degradando a su paso. La cara convexa de la pieza de hormig\u00f3n queda expuesta a la oscuridad, como la otra cara de la luna. Durante el d\u00eda la pieza se integra en el paisaje, pero de un modo inverso. La cara ciega se expone a la luz mientras las sombras la rodean. Gracias a la visera incorporada esta luminaria de color gris no deslumbra, proporcionando un gran confort visual. Disponible un conector IP68 para conectar directo a red que facilita la instalaci\u00f3n. 220-240V, 6W, SMD LED.\" \/>\n<meta property=\"og:url\" content=\"https:\/\/evoabyinstalacionesfontes.com\/fr\/produit\/gaia-baliza-gris\/\" \/>\n<meta property=\"og:site_name\" content=\"EVOA\" \/>\n<meta property=\"article:modified_time\" content=\"2025-08-08T14:24:59+00:00\" \/>\n<meta property=\"og:image\" content=\"https:\/\/evoabyinstalacionesfontes.com\/wp-content\/uploads\/2025\/07\/GAIA-1.png\" \/>\n\t<meta property=\"og:image:width\" content=\"1000\" \/>\n\t<meta property=\"og:image:height\" content=\"1000\" \/>\n\t<meta property=\"og:image:type\" content=\"image\/png\" \/>\n<meta name=\"twitter:card\" content=\"summary_large_image\" \/>\n<script type=\"application\/ld+json\" class=\"yoast-schema-graph\">{\"@context\":\"https:\/\/schema.org\",\"@graph\":[{\"@type\":\"WebPage\",\"@id\":\"https:\/\/evoabyinstalacionesfontes.com\/producto\/gaia-baliza-gris\/\",\"url\":\"https:\/\/evoabyinstalacionesfontes.com\/producto\/gaia-baliza-gris\/\",\"name\":\"GAIA Baliza gris - EVOA\",\"isPartOf\":{\"@id\":\"https:\/\/evoabyinstalacionesfontes.com\/#website\"},\"primaryImageOfPage\":{\"@id\":\"https:\/\/evoabyinstalacionesfontes.com\/producto\/gaia-baliza-gris\/#primaryimage\"},\"image\":{\"@id\":\"https:\/\/evoabyinstalacionesfontes.com\/producto\/gaia-baliza-gris\/#primaryimage\"},\"thumbnailUrl\":\"https:\/\/evoabyinstalacionesfontes.com\/wp-content\/uploads\/2025\/07\/GAIA-1.png\",\"datePublished\":\"2025-07-02T12:48:57+00:00\",\"dateModified\":\"2025-08-08T14:24:59+00:00\",\"breadcrumb\":{\"@id\":\"https:\/\/evoabyinstalacionesfontes.com\/producto\/gaia-baliza-gris\/#breadcrumb\"},\"inLanguage\":\"fr-FR\",\"potentialAction\":[{\"@type\":\"ReadAction\",\"target\":[\"https:\/\/evoabyinstalacionesfontes.com\/producto\/gaia-baliza-gris\/\"]}]},{\"@type\":\"ImageObject\",\"inLanguage\":\"fr-FR\",\"@id\":\"https:\/\/evoabyinstalacionesfontes.com\/producto\/gaia-baliza-gris\/#primaryimage\",\"url\":\"https:\/\/evoabyinstalacionesfontes.com\/wp-content\/uploads\/2025\/07\/GAIA-1.png\",\"contentUrl\":\"https:\/\/evoabyinstalacionesfontes.com\/wp-content\/uploads\/2025\/07\/GAIA-1.png\",\"width\":1000,\"height\":1000},{\"@type\":\"BreadcrumbList\",\"@id\":\"https:\/\/evoabyinstalacionesfontes.com\/producto\/gaia-baliza-gris\/#breadcrumb\",\"itemListElement\":[{\"@type\":\"ListItem\",\"position\":1,\"name\":\"Portada\",\"item\":\"https:\/\/evoabyinstalacionesfontes.com\/\"},{\"@type\":\"ListItem\",\"position\":2,\"name\":\"Tienda\",\"item\":\"https:\/\/evoabyinstalacionesfontes.com\/tienda\/\"},{\"@type\":\"ListItem\",\"position\":3,\"name\":\"GAIA Baliza gris\"}]},{\"@type\":\"WebSite\",\"@id\":\"https:\/\/evoabyinstalacionesfontes.com\/#website\",\"url\":\"https:\/\/evoabyinstalacionesfontes.com\/\",\"name\":\"EVOA\",\"description\":\"Tu tienda online de iluminaci\u00f3n y electrodom\u00e9sticos\",\"potentialAction\":[{\"@type\":\"SearchAction\",\"target\":{\"@type\":\"EntryPoint\",\"urlTemplate\":\"https:\/\/evoabyinstalacionesfontes.com\/?s={search_term_string}\"},\"query-input\":{\"@type\":\"PropertyValueSpecification\",\"valueRequired\":true,\"valueName\":\"search_term_string\"}}],\"inLanguage\":\"fr-FR\"}]}<\/script>\n<!-- \/ Yoast SEO plugin. -->","yoast_head_json":{"title":"GAIA Baliza gris - EVOA","robots":{"index":"index","follow":"follow","max-snippet":"max-snippet:-1","max-image-preview":"max-image-preview:large","max-video-preview":"max-video-preview:-1"},"canonical":"https:\/\/evoabyinstalacionesfontes.com\/fr\/produit\/gaia-baliza-gris\/","og_locale":"fr_FR","og_type":"article","og_title":"GAIA Baliza gris - EVOA","og_description":"La baliza GAIA es un objeto de luz concebido especialmente para la iluminaci\u00f3n de espacios exteriores. Dise\u00f1ada por Yembarastudio, su morfolog\u00eda evoca al arquetipo de la esfera, una forma org\u00e1nica sin aristas que se fusiona con el paisaje de manera natural. La claridad se expande desde su interior de un modo misterioso y elegante, que se va degradando a su paso. La cara convexa de la pieza de hormig\u00f3n queda expuesta a la oscuridad, como la otra cara de la luna. Durante el d\u00eda la pieza se integra en el paisaje, pero de un modo inverso. La cara ciega se expone a la luz mientras las sombras la rodean. Gracias a la visera incorporada esta luminaria de color gris no deslumbra, proporcionando un gran confort visual. Disponible un conector IP68 para conectar directo a red que facilita la instalaci\u00f3n. 220-240V, 6W, SMD LED.","og_url":"https:\/\/evoabyinstalacionesfontes.com\/fr\/produit\/gaia-baliza-gris\/","og_site_name":"EVOA","article_modified_time":"2025-08-08T14:24:59+00:00","og_image":[{"width":1000,"height":1000,"url":"https:\/\/evoabyinstalacionesfontes.com\/wp-content\/uploads\/2025\/07\/GAIA-1.png","type":"image\/png"}],"twitter_card":"summary_large_image","schema":{"@context":"https:\/\/schema.org","@graph":[{"@type":"WebPage","@id":"https:\/\/evoabyinstalacionesfontes.com\/producto\/gaia-baliza-gris\/","url":"https:\/\/evoabyinstalacionesfontes.com\/producto\/gaia-baliza-gris\/","name":"GAIA Baliza gris - EVOA","isPartOf":{"@id":"https:\/\/evoabyinstalacionesfontes.com\/#website"},"primaryImageOfPage":{"@id":"https:\/\/evoabyinstalacionesfontes.com\/producto\/gaia-baliza-gris\/#primaryimage"},"image":{"@id":"https:\/\/evoabyinstalacionesfontes.com\/producto\/gaia-baliza-gris\/#primaryimage"},"thumbnailUrl":"https:\/\/evoabyinstalacionesfontes.com\/wp-content\/uploads\/2025\/07\/GAIA-1.png","datePublished":"2025-07-02T12:48:57+00:00","dateModified":"2025-08-08T14:24:59+00:00","breadcrumb":{"@id":"https:\/\/evoabyinstalacionesfontes.com\/producto\/gaia-baliza-gris\/#breadcrumb"},"inLanguage":"fr-FR","potentialAction":[{"@type":"ReadAction","target":["https:\/\/evoabyinstalacionesfontes.com\/producto\/gaia-baliza-gris\/"]}]},{"@type":"ImageObject","inLanguage":"fr-FR","@id":"https:\/\/evoabyinstalacionesfontes.com\/producto\/gaia-baliza-gris\/#primaryimage","url":"https:\/\/evoabyinstalacionesfontes.com\/wp-content\/uploads\/2025\/07\/GAIA-1.png","contentUrl":"https:\/\/evoabyinstalacionesfontes.com\/wp-content\/uploads\/2025\/07\/GAIA-1.png","width":1000,"height":1000},{"@type":"BreadcrumbList","@id":"https:\/\/evoabyinstalacionesfontes.com\/producto\/gaia-baliza-gris\/#breadcrumb","itemListElement":[{"@type":"ListItem","position":1,"name":"Portada","item":"https:\/\/evoabyinstalacionesfontes.com\/"},{"@type":"ListItem","position":2,"name":"Tienda","item":"https:\/\/evoabyinstalacionesfontes.com\/tienda\/"},{"@type":"ListItem","position":3,"name":"GAIA Baliza gris"}]},{"@type":"WebSite","@id":"https:\/\/evoabyinstalacionesfontes.com\/#website","url":"https:\/\/evoabyinstalacionesfontes.com\/","name":"EVOA","description":"Votre boutique en ligne d&#039;\u00e9clairage et d&#039;\u00e9lectrom\u00e9nager","potentialAction":[{"@type":"SearchAction","target":{"@type":"EntryPoint","urlTemplate":"https:\/\/evoabyinstalacionesfontes.com\/?s={search_term_string}"},"query-input":{"@type":"PropertyValueSpecification","valueRequired":true,"valueName":"search_term_string"}}],"inLanguage":"fr-FR"}]}},"_links":{"self":[{"href":"https:\/\/evoabyinstalacionesfontes.com\/fr\/wp-json\/wp\/v2\/product\/316","targetHints":{"allow":["GET"]}}],"collection":[{"href":"https:\/\/evoabyinstalacionesfontes.com\/fr\/wp-json\/wp\/v2\/product"}],"about":[{"href":"https:\/\/evoabyinstalacionesfontes.com\/fr\/wp-json\/wp\/v2\/types\/product"}],"replies":[{"embeddable":true,"href":"https:\/\/evoabyinstalacionesfontes.com\/fr\/wp-json\/wp\/v2\/comments?post=316"}],"wp:featuredmedia":[{"embeddable":true,"href":"https:\/\/evoabyinstalacionesfontes.com\/fr\/wp-json\/wp\/v2\/media\/1063"}],"wp:attachment":[{"href":"https:\/\/evoabyinstalacionesfontes.com\/fr\/wp-json\/wp\/v2\/media?parent=316"}],"wp:term":[{"taxonomy":"product_brand","embeddable":true,"href":"https:\/\/evoabyinstalacionesfontes.com\/fr\/wp-json\/wp\/v2\/product_brand?post=316"},{"taxonomy":"product_cat","embeddable":true,"href":"https:\/\/evoabyinstalacionesfontes.com\/fr\/wp-json\/wp\/v2\/product_cat?post=316"},{"taxonomy":"product_tag","embeddable":true,"href":"https:\/\/evoabyinstalacionesfontes.com\/fr\/wp-json\/wp\/v2\/product_tag?post=316"}],"curies":[{"name":"wp","href":"https:\/\/api.w.org\/{rel}","templated":true}]}}