{"id":319,"date":"2025-07-02T14:48:57","date_gmt":"2025-07-02T12:48:57","guid":{"rendered":"https:\/\/evoabyinstalacionesfontes.com\/producto\/grot-700-baliza-gris-2700k\/"},"modified":"2025-08-08T16:29:23","modified_gmt":"2025-08-08T14:29:23","slug":"grot-700-baliza-gris-2700k","status":"publish","type":"product","link":"https:\/\/evoabyinstalacionesfontes.com\/fr\/produit\/grot-700-baliza-gris-2700k\/","title":{"rendered":"GROT 700 Grey Beacon 2700K"},"content":{"rendered":"","protected":false},"excerpt":{"rendered":"<p>GROT est une borne lumineuse minimaliste en b\u00e9ton qui diffuse une lumi\u00e8re unidirectionnelle, id\u00e9ale pour \u00e9clairer les all\u00e9es ext\u00e9rieures. Sa structure robuste et son esth\u00e9tique sobre lui permettent de s&#039;int\u00e9grer parfaitement \u00e0 tout espace ext\u00e9rieur, offrant un \u00e9clairage fonctionnel et discret qui met en valeur les environs sans les envahir. 100-277 V, 6,5 W, LED SMD<\/p>","protected":false},"featured_media":1066,"comment_status":"open","ping_status":"closed","template":"","meta":[],"product_brand":[],"product_cat":[38],"product_tag":[],"class_list":{"0":"post-319","1":"product","2":"type-product","3":"status-publish","4":"has-post-thumbnail","6":"product_cat-baliza","8":"first","9":"instock","10":"taxable","11":"shipping-taxable","12":"purchasable","13":"product-type-variable"},"yoast_head":"<!-- This site is optimized with the Yoast SEO plugin v26.0 - https:\/\/yoast.com\/wordpress\/plugins\/seo\/ -->\n<title>GROT 700 Baliza gris 2700K - EVOA<\/title>\n<meta name=\"robots\" content=\"index, follow, max-snippet:-1, max-image-preview:large, max-video-preview:-1\" \/>\n<link rel=\"canonical\" href=\"https:\/\/evoabyinstalacionesfontes.com\/fr\/produit\/grot-700-baliza-gris-2700k\/\" \/>\n<meta property=\"og:locale\" content=\"fr_FR\" \/>\n<meta property=\"og:type\" content=\"article\" \/>\n<meta property=\"og:title\" content=\"GROT 700 Baliza gris 2700K - EVOA\" \/>\n<meta property=\"og:description\" content=\"GROT es una baliza de cemento con un dise\u00f1o minimalista que ofrece una luz unidireccional, ideal para iluminar zonas de paso en exteriores. Su estructura robusta y su est\u00e9tica sencilla la hacen perfecta para integrarse en cualquier espacio exterior, proporcionando una iluminaci\u00f3n funcional y discreta que realza el entorno sin sobrecargarlo. 100-277V, 6,5W, SMD LED\" \/>\n<meta property=\"og:url\" content=\"https:\/\/evoabyinstalacionesfontes.com\/fr\/produit\/grot-700-baliza-gris-2700k\/\" \/>\n<meta property=\"og:site_name\" content=\"EVOA\" \/>\n<meta property=\"article:modified_time\" content=\"2025-08-08T14:29:23+00:00\" \/>\n<meta property=\"og:image\" content=\"https:\/\/evoabyinstalacionesfontes.com\/wp-content\/uploads\/2025\/07\/GROT_700.png\" \/>\n\t<meta property=\"og:image:width\" content=\"1000\" \/>\n\t<meta property=\"og:image:height\" content=\"1000\" \/>\n\t<meta property=\"og:image:type\" content=\"image\/png\" \/>\n<meta name=\"twitter:card\" content=\"summary_large_image\" \/>\n<script type=\"application\/ld+json\" class=\"yoast-schema-graph\">{\"@context\":\"https:\/\/schema.org\",\"@graph\":[{\"@type\":\"WebPage\",\"@id\":\"https:\/\/evoabyinstalacionesfontes.com\/producto\/grot-700-baliza-gris-2700k\/\",\"url\":\"https:\/\/evoabyinstalacionesfontes.com\/producto\/grot-700-baliza-gris-2700k\/\",\"name\":\"GROT 700 Baliza gris 2700K - EVOA\",\"isPartOf\":{\"@id\":\"https:\/\/evoabyinstalacionesfontes.com\/#website\"},\"primaryImageOfPage\":{\"@id\":\"https:\/\/evoabyinstalacionesfontes.com\/producto\/grot-700-baliza-gris-2700k\/#primaryimage\"},\"image\":{\"@id\":\"https:\/\/evoabyinstalacionesfontes.com\/producto\/grot-700-baliza-gris-2700k\/#primaryimage\"},\"thumbnailUrl\":\"https:\/\/evoabyinstalacionesfontes.com\/wp-content\/uploads\/2025\/07\/GROT_700.png\",\"datePublished\":\"2025-07-02T12:48:57+00:00\",\"dateModified\":\"2025-08-08T14:29:23+00:00\",\"breadcrumb\":{\"@id\":\"https:\/\/evoabyinstalacionesfontes.com\/producto\/grot-700-baliza-gris-2700k\/#breadcrumb\"},\"inLanguage\":\"fr-FR\",\"potentialAction\":[{\"@type\":\"ReadAction\",\"target\":[\"https:\/\/evoabyinstalacionesfontes.com\/producto\/grot-700-baliza-gris-2700k\/\"]}]},{\"@type\":\"ImageObject\",\"inLanguage\":\"fr-FR\",\"@id\":\"https:\/\/evoabyinstalacionesfontes.com\/producto\/grot-700-baliza-gris-2700k\/#primaryimage\",\"url\":\"https:\/\/evoabyinstalacionesfontes.com\/wp-content\/uploads\/2025\/07\/GROT_700.png\",\"contentUrl\":\"https:\/\/evoabyinstalacionesfontes.com\/wp-content\/uploads\/2025\/07\/GROT_700.png\",\"width\":1000,\"height\":1000},{\"@type\":\"BreadcrumbList\",\"@id\":\"https:\/\/evoabyinstalacionesfontes.com\/producto\/grot-700-baliza-gris-2700k\/#breadcrumb\",\"itemListElement\":[{\"@type\":\"ListItem\",\"position\":1,\"name\":\"Portada\",\"item\":\"https:\/\/evoabyinstalacionesfontes.com\/\"},{\"@type\":\"ListItem\",\"position\":2,\"name\":\"Tienda\",\"item\":\"https:\/\/evoabyinstalacionesfontes.com\/tienda\/\"},{\"@type\":\"ListItem\",\"position\":3,\"name\":\"GROT 700 Baliza gris 2700K\"}]},{\"@type\":\"WebSite\",\"@id\":\"https:\/\/evoabyinstalacionesfontes.com\/#website\",\"url\":\"https:\/\/evoabyinstalacionesfontes.com\/\",\"name\":\"EVOA\",\"description\":\"Tu tienda online de iluminaci\u00f3n y electrodom\u00e9sticos\",\"potentialAction\":[{\"@type\":\"SearchAction\",\"target\":{\"@type\":\"EntryPoint\",\"urlTemplate\":\"https:\/\/evoabyinstalacionesfontes.com\/?s={search_term_string}\"},\"query-input\":{\"@type\":\"PropertyValueSpecification\",\"valueRequired\":true,\"valueName\":\"search_term_string\"}}],\"inLanguage\":\"fr-FR\"}]}<\/script>\n<!-- \/ Yoast SEO plugin. -->","yoast_head_json":{"title":"GROT 700 Baliza gris 2700K - EVOA","robots":{"index":"index","follow":"follow","max-snippet":"max-snippet:-1","max-image-preview":"max-image-preview:large","max-video-preview":"max-video-preview:-1"},"canonical":"https:\/\/evoabyinstalacionesfontes.com\/fr\/produit\/grot-700-baliza-gris-2700k\/","og_locale":"fr_FR","og_type":"article","og_title":"GROT 700 Baliza gris 2700K - EVOA","og_description":"GROT es una baliza de cemento con un dise\u00f1o minimalista que ofrece una luz unidireccional, ideal para iluminar zonas de paso en exteriores. Su estructura robusta y su est\u00e9tica sencilla la hacen perfecta para integrarse en cualquier espacio exterior, proporcionando una iluminaci\u00f3n funcional y discreta que realza el entorno sin sobrecargarlo. 100-277V, 6,5W, SMD LED","og_url":"https:\/\/evoabyinstalacionesfontes.com\/fr\/produit\/grot-700-baliza-gris-2700k\/","og_site_name":"EVOA","article_modified_time":"2025-08-08T14:29:23+00:00","og_image":[{"width":1000,"height":1000,"url":"https:\/\/evoabyinstalacionesfontes.com\/wp-content\/uploads\/2025\/07\/GROT_700.png","type":"image\/png"}],"twitter_card":"summary_large_image","schema":{"@context":"https:\/\/schema.org","@graph":[{"@type":"WebPage","@id":"https:\/\/evoabyinstalacionesfontes.com\/producto\/grot-700-baliza-gris-2700k\/","url":"https:\/\/evoabyinstalacionesfontes.com\/producto\/grot-700-baliza-gris-2700k\/","name":"GROT 700 Baliza gris 2700K - EVOA","isPartOf":{"@id":"https:\/\/evoabyinstalacionesfontes.com\/#website"},"primaryImageOfPage":{"@id":"https:\/\/evoabyinstalacionesfontes.com\/producto\/grot-700-baliza-gris-2700k\/#primaryimage"},"image":{"@id":"https:\/\/evoabyinstalacionesfontes.com\/producto\/grot-700-baliza-gris-2700k\/#primaryimage"},"thumbnailUrl":"https:\/\/evoabyinstalacionesfontes.com\/wp-content\/uploads\/2025\/07\/GROT_700.png","datePublished":"2025-07-02T12:48:57+00:00","dateModified":"2025-08-08T14:29:23+00:00","breadcrumb":{"@id":"https:\/\/evoabyinstalacionesfontes.com\/producto\/grot-700-baliza-gris-2700k\/#breadcrumb"},"inLanguage":"fr-FR","potentialAction":[{"@type":"ReadAction","target":["https:\/\/evoabyinstalacionesfontes.com\/producto\/grot-700-baliza-gris-2700k\/"]}]},{"@type":"ImageObject","inLanguage":"fr-FR","@id":"https:\/\/evoabyinstalacionesfontes.com\/producto\/grot-700-baliza-gris-2700k\/#primaryimage","url":"https:\/\/evoabyinstalacionesfontes.com\/wp-content\/uploads\/2025\/07\/GROT_700.png","contentUrl":"https:\/\/evoabyinstalacionesfontes.com\/wp-content\/uploads\/2025\/07\/GROT_700.png","width":1000,"height":1000},{"@type":"BreadcrumbList","@id":"https:\/\/evoabyinstalacionesfontes.com\/producto\/grot-700-baliza-gris-2700k\/#breadcrumb","itemListElement":[{"@type":"ListItem","position":1,"name":"Portada","item":"https:\/\/evoabyinstalacionesfontes.com\/"},{"@type":"ListItem","position":2,"name":"Tienda","item":"https:\/\/evoabyinstalacionesfontes.com\/tienda\/"},{"@type":"ListItem","position":3,"name":"GROT 700 Baliza gris 2700K"}]},{"@type":"WebSite","@id":"https:\/\/evoabyinstalacionesfontes.com\/#website","url":"https:\/\/evoabyinstalacionesfontes.com\/","name":"EVOA","description":"Votre boutique en ligne d&#039;\u00e9clairage et d&#039;\u00e9lectrom\u00e9nager","potentialAction":[{"@type":"SearchAction","target":{"@type":"EntryPoint","urlTemplate":"https:\/\/evoabyinstalacionesfontes.com\/?s={search_term_string}"},"query-input":{"@type":"PropertyValueSpecification","valueRequired":true,"valueName":"search_term_string"}}],"inLanguage":"fr-FR"}]}},"_links":{"self":[{"href":"https:\/\/evoabyinstalacionesfontes.com\/fr\/wp-json\/wp\/v2\/product\/319","targetHints":{"allow":["GET"]}}],"collection":[{"href":"https:\/\/evoabyinstalacionesfontes.com\/fr\/wp-json\/wp\/v2\/product"}],"about":[{"href":"https:\/\/evoabyinstalacionesfontes.com\/fr\/wp-json\/wp\/v2\/types\/product"}],"replies":[{"embeddable":true,"href":"https:\/\/evoabyinstalacionesfontes.com\/fr\/wp-json\/wp\/v2\/comments?post=319"}],"wp:featuredmedia":[{"embeddable":true,"href":"https:\/\/evoabyinstalacionesfontes.com\/fr\/wp-json\/wp\/v2\/media\/1066"}],"wp:attachment":[{"href":"https:\/\/evoabyinstalacionesfontes.com\/fr\/wp-json\/wp\/v2\/media?parent=319"}],"wp:term":[{"taxonomy":"product_brand","embeddable":true,"href":"https:\/\/evoabyinstalacionesfontes.com\/fr\/wp-json\/wp\/v2\/product_brand?post=319"},{"taxonomy":"product_cat","embeddable":true,"href":"https:\/\/evoabyinstalacionesfontes.com\/fr\/wp-json\/wp\/v2\/product_cat?post=319"},{"taxonomy":"product_tag","embeddable":true,"href":"https:\/\/evoabyinstalacionesfontes.com\/fr\/wp-json\/wp\/v2\/product_tag?post=319"}],"curies":[{"name":"wp","href":"https:\/\/api.w.org\/{rel}","templated":true}]}}