{"id":320,"date":"2025-07-02T14:48:57","date_gmt":"2025-07-02T12:48:57","guid":{"rendered":"https:\/\/evoabyinstalacionesfontes.com\/producto\/saigon-out-c100-lampara-portatil-y-colgante-verde-oliva-hole-cap\/"},"modified":"2025-08-08T16:30:10","modified_gmt":"2025-08-08T14:30:10","slug":"saigon-out-c100-lampara-portatil-y-colgante-verde-oliva-hole-cap","status":"publish","type":"product","link":"https:\/\/evoabyinstalacionesfontes.com\/fr\/produit\/saigon-out-c100-lampara-portatil-y-colgante-verde-oliva-hole-cap\/","title":{"rendered":"Lampe suspendue portable SAIGON OUT C100 avec capuchon vert olive"},"content":{"rendered":"","protected":false},"excerpt":{"rendered":"<p>SAIGON es una colecci\u00f3n de l\u00e1mparas de dise\u00f1o de Nahtrang para la iluminaci\u00f3n exterior. Se caracteriza por la simplicidad y las formas puras. Esta es la l\u00e1mpara port\u00e1til y colgante con pantalla C100 hole cap verde oliva. La pantalla est\u00e1 fabricada con cuerda de poli\u00e9ster con resistencia UV que deja pasar la luz creando un bonito efecto de luz. 100-240V, 15W, E27 LED.<\/p>","protected":false},"featured_media":1067,"comment_status":"open","ping_status":"closed","template":"","meta":[],"product_brand":[],"product_cat":[36],"product_tag":[],"class_list":{"0":"post-320","1":"product","2":"type-product","3":"status-publish","4":"has-post-thumbnail","6":"product_cat-colgante","8":"first","9":"instock","10":"taxable","11":"shipping-taxable","12":"purchasable","13":"product-type-variable"},"yoast_head":"<!-- This site is optimized with the Yoast SEO plugin v26.0 - https:\/\/yoast.com\/wordpress\/plugins\/seo\/ -->\n<title>SAIGON OUT C100 L\u00e1mpara port\u00e1til y colgante verde oliva hole cap - EVOA<\/title>\n<meta name=\"robots\" content=\"index, follow, max-snippet:-1, max-image-preview:large, max-video-preview:-1\" \/>\n<link rel=\"canonical\" href=\"https:\/\/evoabyinstalacionesfontes.com\/fr\/produit\/saigon-out-c100-lampara-portatil-y-colgante-verde-oliva-hole-cap\/\" \/>\n<meta property=\"og:locale\" content=\"fr_FR\" \/>\n<meta property=\"og:type\" content=\"article\" \/>\n<meta property=\"og:title\" content=\"SAIGON OUT C100 L\u00e1mpara port\u00e1til y colgante verde oliva hole cap - EVOA\" \/>\n<meta property=\"og:description\" content=\"SAIGON es una colecci\u00f3n de l\u00e1mparas de dise\u00f1o de Nahtrang para la iluminaci\u00f3n exterior. Se caracteriza por la simplicidad y las formas puras. Esta es la l\u00e1mpara port\u00e1til y colgante con pantalla C100 hole cap verde oliva. La pantalla est\u00e1 fabricada con cuerda de poli\u00e9ster con resistencia UV que deja pasar la luz creando un bonito efecto de luz. 100-240V, 15W, E27 LED.\" \/>\n<meta property=\"og:url\" content=\"https:\/\/evoabyinstalacionesfontes.com\/fr\/produit\/saigon-out-c100-lampara-portatil-y-colgante-verde-oliva-hole-cap\/\" \/>\n<meta property=\"og:site_name\" content=\"EVOA\" \/>\n<meta property=\"article:modified_time\" content=\"2025-08-08T14:30:10+00:00\" \/>\n<meta property=\"og:image\" content=\"https:\/\/evoabyinstalacionesfontes.com\/wp-content\/uploads\/2025\/07\/SAIGON-1.png\" \/>\n\t<meta property=\"og:image:width\" content=\"1000\" \/>\n\t<meta property=\"og:image:height\" content=\"1000\" \/>\n\t<meta property=\"og:image:type\" content=\"image\/png\" \/>\n<meta name=\"twitter:card\" content=\"summary_large_image\" \/>\n<script type=\"application\/ld+json\" class=\"yoast-schema-graph\">{\"@context\":\"https:\/\/schema.org\",\"@graph\":[{\"@type\":\"WebPage\",\"@id\":\"https:\/\/evoabyinstalacionesfontes.com\/producto\/saigon-out-c100-lampara-portatil-y-colgante-verde-oliva-hole-cap\/\",\"url\":\"https:\/\/evoabyinstalacionesfontes.com\/producto\/saigon-out-c100-lampara-portatil-y-colgante-verde-oliva-hole-cap\/\",\"name\":\"SAIGON OUT C100 L\u00e1mpara port\u00e1til y colgante verde oliva hole cap - EVOA\",\"isPartOf\":{\"@id\":\"https:\/\/evoabyinstalacionesfontes.com\/#website\"},\"primaryImageOfPage\":{\"@id\":\"https:\/\/evoabyinstalacionesfontes.com\/producto\/saigon-out-c100-lampara-portatil-y-colgante-verde-oliva-hole-cap\/#primaryimage\"},\"image\":{\"@id\":\"https:\/\/evoabyinstalacionesfontes.com\/producto\/saigon-out-c100-lampara-portatil-y-colgante-verde-oliva-hole-cap\/#primaryimage\"},\"thumbnailUrl\":\"https:\/\/evoabyinstalacionesfontes.com\/wp-content\/uploads\/2025\/07\/SAIGON-1.png\",\"datePublished\":\"2025-07-02T12:48:57+00:00\",\"dateModified\":\"2025-08-08T14:30:10+00:00\",\"breadcrumb\":{\"@id\":\"https:\/\/evoabyinstalacionesfontes.com\/producto\/saigon-out-c100-lampara-portatil-y-colgante-verde-oliva-hole-cap\/#breadcrumb\"},\"inLanguage\":\"fr-FR\",\"potentialAction\":[{\"@type\":\"ReadAction\",\"target\":[\"https:\/\/evoabyinstalacionesfontes.com\/producto\/saigon-out-c100-lampara-portatil-y-colgante-verde-oliva-hole-cap\/\"]}]},{\"@type\":\"ImageObject\",\"inLanguage\":\"fr-FR\",\"@id\":\"https:\/\/evoabyinstalacionesfontes.com\/producto\/saigon-out-c100-lampara-portatil-y-colgante-verde-oliva-hole-cap\/#primaryimage\",\"url\":\"https:\/\/evoabyinstalacionesfontes.com\/wp-content\/uploads\/2025\/07\/SAIGON-1.png\",\"contentUrl\":\"https:\/\/evoabyinstalacionesfontes.com\/wp-content\/uploads\/2025\/07\/SAIGON-1.png\",\"width\":1000,\"height\":1000},{\"@type\":\"BreadcrumbList\",\"@id\":\"https:\/\/evoabyinstalacionesfontes.com\/producto\/saigon-out-c100-lampara-portatil-y-colgante-verde-oliva-hole-cap\/#breadcrumb\",\"itemListElement\":[{\"@type\":\"ListItem\",\"position\":1,\"name\":\"Portada\",\"item\":\"https:\/\/evoabyinstalacionesfontes.com\/\"},{\"@type\":\"ListItem\",\"position\":2,\"name\":\"Tienda\",\"item\":\"https:\/\/evoabyinstalacionesfontes.com\/tienda\/\"},{\"@type\":\"ListItem\",\"position\":3,\"name\":\"SAIGON OUT C100 L\u00e1mpara port\u00e1til y colgante verde oliva hole cap\"}]},{\"@type\":\"WebSite\",\"@id\":\"https:\/\/evoabyinstalacionesfontes.com\/#website\",\"url\":\"https:\/\/evoabyinstalacionesfontes.com\/\",\"name\":\"EVOA\",\"description\":\"Tu tienda online de iluminaci\u00f3n y electrodom\u00e9sticos\",\"potentialAction\":[{\"@type\":\"SearchAction\",\"target\":{\"@type\":\"EntryPoint\",\"urlTemplate\":\"https:\/\/evoabyinstalacionesfontes.com\/?s={search_term_string}\"},\"query-input\":{\"@type\":\"PropertyValueSpecification\",\"valueRequired\":true,\"valueName\":\"search_term_string\"}}],\"inLanguage\":\"fr-FR\"}]}<\/script>\n<!-- \/ Yoast SEO plugin. -->","yoast_head_json":{"title":"SAIGON OUT C100 L\u00e1mpara port\u00e1til y colgante verde oliva hole cap - EVOA","robots":{"index":"index","follow":"follow","max-snippet":"max-snippet:-1","max-image-preview":"max-image-preview:large","max-video-preview":"max-video-preview:-1"},"canonical":"https:\/\/evoabyinstalacionesfontes.com\/fr\/produit\/saigon-out-c100-lampara-portatil-y-colgante-verde-oliva-hole-cap\/","og_locale":"fr_FR","og_type":"article","og_title":"SAIGON OUT C100 L\u00e1mpara port\u00e1til y colgante verde oliva hole cap - EVOA","og_description":"SAIGON es una colecci\u00f3n de l\u00e1mparas de dise\u00f1o de Nahtrang para la iluminaci\u00f3n exterior. Se caracteriza por la simplicidad y las formas puras. Esta es la l\u00e1mpara port\u00e1til y colgante con pantalla C100 hole cap verde oliva. La pantalla est\u00e1 fabricada con cuerda de poli\u00e9ster con resistencia UV que deja pasar la luz creando un bonito efecto de luz. 100-240V, 15W, E27 LED.","og_url":"https:\/\/evoabyinstalacionesfontes.com\/fr\/produit\/saigon-out-c100-lampara-portatil-y-colgante-verde-oliva-hole-cap\/","og_site_name":"EVOA","article_modified_time":"2025-08-08T14:30:10+00:00","og_image":[{"width":1000,"height":1000,"url":"https:\/\/evoabyinstalacionesfontes.com\/wp-content\/uploads\/2025\/07\/SAIGON-1.png","type":"image\/png"}],"twitter_card":"summary_large_image","schema":{"@context":"https:\/\/schema.org","@graph":[{"@type":"WebPage","@id":"https:\/\/evoabyinstalacionesfontes.com\/producto\/saigon-out-c100-lampara-portatil-y-colgante-verde-oliva-hole-cap\/","url":"https:\/\/evoabyinstalacionesfontes.com\/producto\/saigon-out-c100-lampara-portatil-y-colgante-verde-oliva-hole-cap\/","name":"SAIGON OUT C100 L\u00e1mpara port\u00e1til y colgante verde oliva hole cap - EVOA","isPartOf":{"@id":"https:\/\/evoabyinstalacionesfontes.com\/#website"},"primaryImageOfPage":{"@id":"https:\/\/evoabyinstalacionesfontes.com\/producto\/saigon-out-c100-lampara-portatil-y-colgante-verde-oliva-hole-cap\/#primaryimage"},"image":{"@id":"https:\/\/evoabyinstalacionesfontes.com\/producto\/saigon-out-c100-lampara-portatil-y-colgante-verde-oliva-hole-cap\/#primaryimage"},"thumbnailUrl":"https:\/\/evoabyinstalacionesfontes.com\/wp-content\/uploads\/2025\/07\/SAIGON-1.png","datePublished":"2025-07-02T12:48:57+00:00","dateModified":"2025-08-08T14:30:10+00:00","breadcrumb":{"@id":"https:\/\/evoabyinstalacionesfontes.com\/producto\/saigon-out-c100-lampara-portatil-y-colgante-verde-oliva-hole-cap\/#breadcrumb"},"inLanguage":"fr-FR","potentialAction":[{"@type":"ReadAction","target":["https:\/\/evoabyinstalacionesfontes.com\/producto\/saigon-out-c100-lampara-portatil-y-colgante-verde-oliva-hole-cap\/"]}]},{"@type":"ImageObject","inLanguage":"fr-FR","@id":"https:\/\/evoabyinstalacionesfontes.com\/producto\/saigon-out-c100-lampara-portatil-y-colgante-verde-oliva-hole-cap\/#primaryimage","url":"https:\/\/evoabyinstalacionesfontes.com\/wp-content\/uploads\/2025\/07\/SAIGON-1.png","contentUrl":"https:\/\/evoabyinstalacionesfontes.com\/wp-content\/uploads\/2025\/07\/SAIGON-1.png","width":1000,"height":1000},{"@type":"BreadcrumbList","@id":"https:\/\/evoabyinstalacionesfontes.com\/producto\/saigon-out-c100-lampara-portatil-y-colgante-verde-oliva-hole-cap\/#breadcrumb","itemListElement":[{"@type":"ListItem","position":1,"name":"Portada","item":"https:\/\/evoabyinstalacionesfontes.com\/"},{"@type":"ListItem","position":2,"name":"Tienda","item":"https:\/\/evoabyinstalacionesfontes.com\/tienda\/"},{"@type":"ListItem","position":3,"name":"SAIGON OUT C100 L\u00e1mpara port\u00e1til y colgante verde oliva hole cap"}]},{"@type":"WebSite","@id":"https:\/\/evoabyinstalacionesfontes.com\/#website","url":"https:\/\/evoabyinstalacionesfontes.com\/","name":"EVOA","description":"Votre boutique en ligne d&#039;\u00e9clairage et d&#039;\u00e9lectrom\u00e9nager","potentialAction":[{"@type":"SearchAction","target":{"@type":"EntryPoint","urlTemplate":"https:\/\/evoabyinstalacionesfontes.com\/?s={search_term_string}"},"query-input":{"@type":"PropertyValueSpecification","valueRequired":true,"valueName":"search_term_string"}}],"inLanguage":"fr-FR"}]}},"_links":{"self":[{"href":"https:\/\/evoabyinstalacionesfontes.com\/fr\/wp-json\/wp\/v2\/product\/320","targetHints":{"allow":["GET"]}}],"collection":[{"href":"https:\/\/evoabyinstalacionesfontes.com\/fr\/wp-json\/wp\/v2\/product"}],"about":[{"href":"https:\/\/evoabyinstalacionesfontes.com\/fr\/wp-json\/wp\/v2\/types\/product"}],"replies":[{"embeddable":true,"href":"https:\/\/evoabyinstalacionesfontes.com\/fr\/wp-json\/wp\/v2\/comments?post=320"}],"wp:featuredmedia":[{"embeddable":true,"href":"https:\/\/evoabyinstalacionesfontes.com\/fr\/wp-json\/wp\/v2\/media\/1067"}],"wp:attachment":[{"href":"https:\/\/evoabyinstalacionesfontes.com\/fr\/wp-json\/wp\/v2\/media?parent=320"}],"wp:term":[{"taxonomy":"product_brand","embeddable":true,"href":"https:\/\/evoabyinstalacionesfontes.com\/fr\/wp-json\/wp\/v2\/product_brand?post=320"},{"taxonomy":"product_cat","embeddable":true,"href":"https:\/\/evoabyinstalacionesfontes.com\/fr\/wp-json\/wp\/v2\/product_cat?post=320"},{"taxonomy":"product_tag","embeddable":true,"href":"https:\/\/evoabyinstalacionesfontes.com\/fr\/wp-json\/wp\/v2\/product_tag?post=320"}],"curies":[{"name":"wp","href":"https:\/\/api.w.org\/{rel}","templated":true}]}}