{"id":325,"date":"2025-07-02T14:48:57","date_gmt":"2025-07-02T12:48:57","guid":{"rendered":"https:\/\/evoabyinstalacionesfontes.com\/producto\/campana-i-link\/"},"modified":"2025-07-14T17:51:21","modified_gmt":"2025-07-14T15:51:21","slug":"campana-haier-i-link","status":"publish","type":"product","link":"https:\/\/evoabyinstalacionesfontes.com\/fr\/produit\/campana-haier-i-link\/","title":{"rendered":"HAIER I Link Bell"},"content":{"rendered":"","protected":false},"excerpt":{"rendered":"<p><span data-sheets-root=\"1\">La experiencia de la campana Haier I-Link va m\u00e1s all\u00e1 de la limpieza silenciosa y potente del aire. Esta campana garantiza unos resultados de cocci\u00f3n profesionales gracias al control remoto a trav\u00e9s del smartphone, para ofrecerte esa precisi\u00f3n extra en tiempo real cuando est\u00e9s elaborando tu receta favorita. Haier I-Link se presenta con un elegante estilo Haier, con dos dise\u00f1os distintos a elegir para adaptarse a cualquier gusto en mobiliario de cocina. Panel de control t\u00e1ctil con pantalla LED. 4 velocidades, WIFI + Bluetooth. Extraplana 90cm &#8211; 745 m3\/h &#8211; 64db (A) &#8211; Clase A+<\/span><\/p>","protected":false},"featured_media":903,"comment_status":"open","ping_status":"closed","template":"","meta":[],"product_brand":[],"product_cat":[41],"product_tag":[],"class_list":{"0":"post-325","1":"product","2":"type-product","3":"status-publish","4":"has-post-thumbnail","6":"product_cat-campana-decorativa-pared","8":"first","9":"instock","10":"taxable","11":"shipping-taxable","12":"purchasable","13":"product-type-variable"},"yoast_head":"<!-- This site is optimized with the Yoast SEO plugin v26.0 - https:\/\/yoast.com\/wordpress\/plugins\/seo\/ -->\n<title>Campana HAIER I Link - EVOA<\/title>\n<meta name=\"robots\" content=\"index, follow, max-snippet:-1, max-image-preview:large, max-video-preview:-1\" \/>\n<link rel=\"canonical\" href=\"https:\/\/evoabyinstalacionesfontes.com\/fr\/produit\/campana-haier-i-link\/\" \/>\n<meta property=\"og:locale\" content=\"fr_FR\" \/>\n<meta property=\"og:type\" content=\"article\" \/>\n<meta property=\"og:title\" content=\"Campana HAIER I Link - EVOA\" \/>\n<meta property=\"og:description\" content=\"La experiencia de la campana Haier I-Link va m\u00e1s all\u00e1 de la limpieza silenciosa y potente del aire. Esta campana garantiza unos resultados de cocci\u00f3n profesionales gracias al control remoto a trav\u00e9s del smartphone, para ofrecerte esa precisi\u00f3n extra en tiempo real cuando est\u00e9s elaborando tu receta favorita. Haier I-Link se presenta con un elegante estilo Haier, con dos dise\u00f1os distintos a elegir para adaptarse a cualquier gusto en mobiliario de cocina. Panel de control t\u00e1ctil con pantalla LED. 4 velocidades, WIFI + Bluetooth. Extraplana 90cm - 745 m3\/h - 64db (A) - Clase A+\" \/>\n<meta property=\"og:url\" content=\"https:\/\/evoabyinstalacionesfontes.com\/fr\/produit\/campana-haier-i-link\/\" \/>\n<meta property=\"og:site_name\" content=\"EVOA\" \/>\n<meta property=\"article:modified_time\" content=\"2025-07-14T15:51:21+00:00\" \/>\n<meta property=\"og:image\" content=\"https:\/\/evoabyinstalacionesfontes.com\/wp-content\/uploads\/2025\/07\/CAMPANA-1.webp\" \/>\n\t<meta property=\"og:image:width\" content=\"640\" \/>\n\t<meta property=\"og:image:height\" content=\"640\" \/>\n\t<meta property=\"og:image:type\" content=\"image\/webp\" \/>\n<meta name=\"twitter:card\" content=\"summary_large_image\" \/>\n<script type=\"application\/ld+json\" class=\"yoast-schema-graph\">{\"@context\":\"https:\/\/schema.org\",\"@graph\":[{\"@type\":\"WebPage\",\"@id\":\"https:\/\/evoabyinstalacionesfontes.com\/producto\/campana-haier-i-link\/\",\"url\":\"https:\/\/evoabyinstalacionesfontes.com\/producto\/campana-haier-i-link\/\",\"name\":\"Campana HAIER I Link - EVOA\",\"isPartOf\":{\"@id\":\"https:\/\/evoabyinstalacionesfontes.com\/#website\"},\"primaryImageOfPage\":{\"@id\":\"https:\/\/evoabyinstalacionesfontes.com\/producto\/campana-haier-i-link\/#primaryimage\"},\"image\":{\"@id\":\"https:\/\/evoabyinstalacionesfontes.com\/producto\/campana-haier-i-link\/#primaryimage\"},\"thumbnailUrl\":\"https:\/\/evoabyinstalacionesfontes.com\/wp-content\/uploads\/2025\/07\/CAMPANA-1.webp\",\"datePublished\":\"2025-07-02T12:48:57+00:00\",\"dateModified\":\"2025-07-14T15:51:21+00:00\",\"breadcrumb\":{\"@id\":\"https:\/\/evoabyinstalacionesfontes.com\/producto\/campana-haier-i-link\/#breadcrumb\"},\"inLanguage\":\"fr-FR\",\"potentialAction\":[{\"@type\":\"ReadAction\",\"target\":[\"https:\/\/evoabyinstalacionesfontes.com\/producto\/campana-haier-i-link\/\"]}]},{\"@type\":\"ImageObject\",\"inLanguage\":\"fr-FR\",\"@id\":\"https:\/\/evoabyinstalacionesfontes.com\/producto\/campana-haier-i-link\/#primaryimage\",\"url\":\"https:\/\/evoabyinstalacionesfontes.com\/wp-content\/uploads\/2025\/07\/CAMPANA-1.webp\",\"contentUrl\":\"https:\/\/evoabyinstalacionesfontes.com\/wp-content\/uploads\/2025\/07\/CAMPANA-1.webp\",\"width\":640,\"height\":640},{\"@type\":\"BreadcrumbList\",\"@id\":\"https:\/\/evoabyinstalacionesfontes.com\/producto\/campana-haier-i-link\/#breadcrumb\",\"itemListElement\":[{\"@type\":\"ListItem\",\"position\":1,\"name\":\"Portada\",\"item\":\"https:\/\/evoabyinstalacionesfontes.com\/\"},{\"@type\":\"ListItem\",\"position\":2,\"name\":\"Tienda\",\"item\":\"https:\/\/evoabyinstalacionesfontes.com\/tienda\/\"},{\"@type\":\"ListItem\",\"position\":3,\"name\":\"Campana HAIER I Link\"}]},{\"@type\":\"WebSite\",\"@id\":\"https:\/\/evoabyinstalacionesfontes.com\/#website\",\"url\":\"https:\/\/evoabyinstalacionesfontes.com\/\",\"name\":\"EVOA\",\"description\":\"Tu tienda online de iluminaci\u00f3n y electrodom\u00e9sticos\",\"potentialAction\":[{\"@type\":\"SearchAction\",\"target\":{\"@type\":\"EntryPoint\",\"urlTemplate\":\"https:\/\/evoabyinstalacionesfontes.com\/?s={search_term_string}\"},\"query-input\":{\"@type\":\"PropertyValueSpecification\",\"valueRequired\":true,\"valueName\":\"search_term_string\"}}],\"inLanguage\":\"fr-FR\"}]}<\/script>\n<!-- \/ Yoast SEO plugin. -->","yoast_head_json":{"title":"Campana HAIER I Link - EVOA","robots":{"index":"index","follow":"follow","max-snippet":"max-snippet:-1","max-image-preview":"max-image-preview:large","max-video-preview":"max-video-preview:-1"},"canonical":"https:\/\/evoabyinstalacionesfontes.com\/fr\/produit\/campana-haier-i-link\/","og_locale":"fr_FR","og_type":"article","og_title":"Campana HAIER I Link - EVOA","og_description":"La experiencia de la campana Haier I-Link va m\u00e1s all\u00e1 de la limpieza silenciosa y potente del aire. Esta campana garantiza unos resultados de cocci\u00f3n profesionales gracias al control remoto a trav\u00e9s del smartphone, para ofrecerte esa precisi\u00f3n extra en tiempo real cuando est\u00e9s elaborando tu receta favorita. Haier I-Link se presenta con un elegante estilo Haier, con dos dise\u00f1os distintos a elegir para adaptarse a cualquier gusto en mobiliario de cocina. Panel de control t\u00e1ctil con pantalla LED. 4 velocidades, WIFI + Bluetooth. Extraplana 90cm - 745 m3\/h - 64db (A) - Clase A+","og_url":"https:\/\/evoabyinstalacionesfontes.com\/fr\/produit\/campana-haier-i-link\/","og_site_name":"EVOA","article_modified_time":"2025-07-14T15:51:21+00:00","og_image":[{"width":640,"height":640,"url":"https:\/\/evoabyinstalacionesfontes.com\/wp-content\/uploads\/2025\/07\/CAMPANA-1.webp","type":"image\/webp"}],"twitter_card":"summary_large_image","schema":{"@context":"https:\/\/schema.org","@graph":[{"@type":"WebPage","@id":"https:\/\/evoabyinstalacionesfontes.com\/producto\/campana-haier-i-link\/","url":"https:\/\/evoabyinstalacionesfontes.com\/producto\/campana-haier-i-link\/","name":"Campana HAIER I Link - EVOA","isPartOf":{"@id":"https:\/\/evoabyinstalacionesfontes.com\/#website"},"primaryImageOfPage":{"@id":"https:\/\/evoabyinstalacionesfontes.com\/producto\/campana-haier-i-link\/#primaryimage"},"image":{"@id":"https:\/\/evoabyinstalacionesfontes.com\/producto\/campana-haier-i-link\/#primaryimage"},"thumbnailUrl":"https:\/\/evoabyinstalacionesfontes.com\/wp-content\/uploads\/2025\/07\/CAMPANA-1.webp","datePublished":"2025-07-02T12:48:57+00:00","dateModified":"2025-07-14T15:51:21+00:00","breadcrumb":{"@id":"https:\/\/evoabyinstalacionesfontes.com\/producto\/campana-haier-i-link\/#breadcrumb"},"inLanguage":"fr-FR","potentialAction":[{"@type":"ReadAction","target":["https:\/\/evoabyinstalacionesfontes.com\/producto\/campana-haier-i-link\/"]}]},{"@type":"ImageObject","inLanguage":"fr-FR","@id":"https:\/\/evoabyinstalacionesfontes.com\/producto\/campana-haier-i-link\/#primaryimage","url":"https:\/\/evoabyinstalacionesfontes.com\/wp-content\/uploads\/2025\/07\/CAMPANA-1.webp","contentUrl":"https:\/\/evoabyinstalacionesfontes.com\/wp-content\/uploads\/2025\/07\/CAMPANA-1.webp","width":640,"height":640},{"@type":"BreadcrumbList","@id":"https:\/\/evoabyinstalacionesfontes.com\/producto\/campana-haier-i-link\/#breadcrumb","itemListElement":[{"@type":"ListItem","position":1,"name":"Portada","item":"https:\/\/evoabyinstalacionesfontes.com\/"},{"@type":"ListItem","position":2,"name":"Tienda","item":"https:\/\/evoabyinstalacionesfontes.com\/tienda\/"},{"@type":"ListItem","position":3,"name":"Campana HAIER I Link"}]},{"@type":"WebSite","@id":"https:\/\/evoabyinstalacionesfontes.com\/#website","url":"https:\/\/evoabyinstalacionesfontes.com\/","name":"EVOA","description":"Votre boutique en ligne d&#039;\u00e9clairage et d&#039;\u00e9lectrom\u00e9nager","potentialAction":[{"@type":"SearchAction","target":{"@type":"EntryPoint","urlTemplate":"https:\/\/evoabyinstalacionesfontes.com\/?s={search_term_string}"},"query-input":{"@type":"PropertyValueSpecification","valueRequired":true,"valueName":"search_term_string"}}],"inLanguage":"fr-FR"}]}},"_links":{"self":[{"href":"https:\/\/evoabyinstalacionesfontes.com\/fr\/wp-json\/wp\/v2\/product\/325","targetHints":{"allow":["GET"]}}],"collection":[{"href":"https:\/\/evoabyinstalacionesfontes.com\/fr\/wp-json\/wp\/v2\/product"}],"about":[{"href":"https:\/\/evoabyinstalacionesfontes.com\/fr\/wp-json\/wp\/v2\/types\/product"}],"replies":[{"embeddable":true,"href":"https:\/\/evoabyinstalacionesfontes.com\/fr\/wp-json\/wp\/v2\/comments?post=325"}],"wp:featuredmedia":[{"embeddable":true,"href":"https:\/\/evoabyinstalacionesfontes.com\/fr\/wp-json\/wp\/v2\/media\/903"}],"wp:attachment":[{"href":"https:\/\/evoabyinstalacionesfontes.com\/fr\/wp-json\/wp\/v2\/media?parent=325"}],"wp:term":[{"taxonomy":"product_brand","embeddable":true,"href":"https:\/\/evoabyinstalacionesfontes.com\/fr\/wp-json\/wp\/v2\/product_brand?post=325"},{"taxonomy":"product_cat","embeddable":true,"href":"https:\/\/evoabyinstalacionesfontes.com\/fr\/wp-json\/wp\/v2\/product_cat?post=325"},{"taxonomy":"product_tag","embeddable":true,"href":"https:\/\/evoabyinstalacionesfontes.com\/fr\/wp-json\/wp\/v2\/product_tag?post=325"}],"curies":[{"name":"wp","href":"https:\/\/api.w.org\/{rel}","templated":true}]}}