{"id":326,"date":"2025-07-02T14:48:58","date_gmt":"2025-07-02T12:48:58","guid":{"rendered":"https:\/\/evoabyinstalacionesfontes.com\/producto\/lavavajillas-i-pro-shine-series-5\/"},"modified":"2025-07-14T17:56:10","modified_gmt":"2025-07-14T15:56:10","slug":"lavavajillas-i-pro-shine-series-5","status":"publish","type":"product","link":"https:\/\/evoabyinstalacionesfontes.com\/fr\/produit\/lavavajillas-i-pro-shine-series-5\/","title":{"rendered":"Lave-vaisselle I-Pro Shine S\u00e9rie 5"},"content":{"rendered":"","protected":false},"excerpt":{"rendered":"<p>Un lavavajillas premium de Clase B que sabe c\u00f3mo cautivarte con el brillo de su rendimiento y dise\u00f1o. Porque, por un lado, su avanzada tecnolog\u00eda convierte el lavado y secado en una experiencia verdaderamente a medida. Y por otro, sus innovadores sensores est\u00e1n dise\u00f1ados para optimizar los recursos y convertirse en un valioso aliado en la reducci\u00f3n del consumo. Resultados de limpieza extraordinarios en poco tiempo, incluso con programas r\u00e1pidos. Todo esto es posible gracias al innovador brazo aspersor inferior en forma de \u201cH\u201d, dise\u00f1ado para realizar un doble movimiento y garantizar la mejor cobertura. Una caracter\u00edstica pensada para un rendimiento superior. Ejecuta el ciclo de lavado s\u00f3lo cuando sea necesario. Pulsando el bot\u00f3n del programa dedicado, puedes elegir si activar el spray en la cesta superior o inferior. O en ambos. Un lavado verdaderamente independiente que reduce el desperdicio innecesario de agua y el consumo de energ\u00eda.<\/p>","protected":false},"featured_media":911,"comment_status":"open","ping_status":"closed","template":"","meta":[],"product_brand":[],"product_cat":[42],"product_tag":[],"class_list":{"0":"post-326","1":"product","2":"type-product","3":"status-publish","4":"has-post-thumbnail","6":"product_cat-lavavajillas","8":"first","9":"instock","10":"taxable","11":"shipping-taxable","12":"purchasable","13":"product-type-variable"},"yoast_head":"<!-- This site is optimized with the Yoast SEO plugin v26.0 - https:\/\/yoast.com\/wordpress\/plugins\/seo\/ -->\n<title>Lavavajillas I-Pro Shine Series 5 - EVOA<\/title>\n<meta name=\"robots\" content=\"index, follow, max-snippet:-1, max-image-preview:large, max-video-preview:-1\" \/>\n<link rel=\"canonical\" href=\"https:\/\/evoabyinstalacionesfontes.com\/fr\/produit\/lavavajillas-i-pro-shine-series-5\/\" \/>\n<meta property=\"og:locale\" content=\"fr_FR\" \/>\n<meta property=\"og:type\" content=\"article\" \/>\n<meta property=\"og:title\" content=\"Lavavajillas I-Pro Shine Series 5 - EVOA\" \/>\n<meta property=\"og:description\" content=\"Un lavavajillas premium de Clase B que sabe c\u00f3mo cautivarte con el brillo de su rendimiento y dise\u00f1o. Porque, por un lado, su avanzada tecnolog\u00eda convierte el lavado y secado en una experiencia verdaderamente a medida. Y por otro, sus innovadores sensores est\u00e1n dise\u00f1ados para optimizar los recursos y convertirse en un valioso aliado en la reducci\u00f3n del consumo. Resultados de limpieza extraordinarios en poco tiempo, incluso con programas r\u00e1pidos. Todo esto es posible gracias al innovador brazo aspersor inferior en forma de \u201cH\u201d, dise\u00f1ado para realizar un doble movimiento y garantizar la mejor cobertura. Una caracter\u00edstica pensada para un rendimiento superior. Ejecuta el ciclo de lavado s\u00f3lo cuando sea necesario. Pulsando el bot\u00f3n del programa dedicado, puedes elegir si activar el spray en la cesta superior o inferior. O en ambos. Un lavado verdaderamente independiente que reduce el desperdicio innecesario de agua y el consumo de energ\u00eda.\" \/>\n<meta property=\"og:url\" content=\"https:\/\/evoabyinstalacionesfontes.com\/fr\/produit\/lavavajillas-i-pro-shine-series-5\/\" \/>\n<meta property=\"og:site_name\" content=\"EVOA\" \/>\n<meta property=\"article:modified_time\" content=\"2025-07-14T15:56:10+00:00\" \/>\n<meta property=\"og:image\" content=\"https:\/\/evoabyinstalacionesfontes.com\/wp-content\/uploads\/2025\/07\/LAVAVAJILLAS-1.webp\" \/>\n\t<meta property=\"og:image:width\" content=\"640\" \/>\n\t<meta property=\"og:image:height\" content=\"640\" \/>\n\t<meta property=\"og:image:type\" content=\"image\/webp\" \/>\n<meta name=\"twitter:card\" content=\"summary_large_image\" \/>\n<script type=\"application\/ld+json\" class=\"yoast-schema-graph\">{\"@context\":\"https:\/\/schema.org\",\"@graph\":[{\"@type\":\"WebPage\",\"@id\":\"https:\/\/evoabyinstalacionesfontes.com\/producto\/lavavajillas-i-pro-shine-series-5\/\",\"url\":\"https:\/\/evoabyinstalacionesfontes.com\/producto\/lavavajillas-i-pro-shine-series-5\/\",\"name\":\"Lavavajillas I-Pro Shine Series 5 - EVOA\",\"isPartOf\":{\"@id\":\"https:\/\/evoabyinstalacionesfontes.com\/#website\"},\"primaryImageOfPage\":{\"@id\":\"https:\/\/evoabyinstalacionesfontes.com\/producto\/lavavajillas-i-pro-shine-series-5\/#primaryimage\"},\"image\":{\"@id\":\"https:\/\/evoabyinstalacionesfontes.com\/producto\/lavavajillas-i-pro-shine-series-5\/#primaryimage\"},\"thumbnailUrl\":\"https:\/\/evoabyinstalacionesfontes.com\/wp-content\/uploads\/2025\/07\/LAVAVAJILLAS-1.webp\",\"datePublished\":\"2025-07-02T12:48:58+00:00\",\"dateModified\":\"2025-07-14T15:56:10+00:00\",\"breadcrumb\":{\"@id\":\"https:\/\/evoabyinstalacionesfontes.com\/producto\/lavavajillas-i-pro-shine-series-5\/#breadcrumb\"},\"inLanguage\":\"fr-FR\",\"potentialAction\":[{\"@type\":\"ReadAction\",\"target\":[\"https:\/\/evoabyinstalacionesfontes.com\/producto\/lavavajillas-i-pro-shine-series-5\/\"]}]},{\"@type\":\"ImageObject\",\"inLanguage\":\"fr-FR\",\"@id\":\"https:\/\/evoabyinstalacionesfontes.com\/producto\/lavavajillas-i-pro-shine-series-5\/#primaryimage\",\"url\":\"https:\/\/evoabyinstalacionesfontes.com\/wp-content\/uploads\/2025\/07\/LAVAVAJILLAS-1.webp\",\"contentUrl\":\"https:\/\/evoabyinstalacionesfontes.com\/wp-content\/uploads\/2025\/07\/LAVAVAJILLAS-1.webp\",\"width\":640,\"height\":640},{\"@type\":\"BreadcrumbList\",\"@id\":\"https:\/\/evoabyinstalacionesfontes.com\/producto\/lavavajillas-i-pro-shine-series-5\/#breadcrumb\",\"itemListElement\":[{\"@type\":\"ListItem\",\"position\":1,\"name\":\"Portada\",\"item\":\"https:\/\/evoabyinstalacionesfontes.com\/\"},{\"@type\":\"ListItem\",\"position\":2,\"name\":\"Tienda\",\"item\":\"https:\/\/evoabyinstalacionesfontes.com\/tienda\/\"},{\"@type\":\"ListItem\",\"position\":3,\"name\":\"Lavavajillas I-Pro Shine Series 5\"}]},{\"@type\":\"WebSite\",\"@id\":\"https:\/\/evoabyinstalacionesfontes.com\/#website\",\"url\":\"https:\/\/evoabyinstalacionesfontes.com\/\",\"name\":\"EVOA\",\"description\":\"Tu tienda online de iluminaci\u00f3n y electrodom\u00e9sticos\",\"potentialAction\":[{\"@type\":\"SearchAction\",\"target\":{\"@type\":\"EntryPoint\",\"urlTemplate\":\"https:\/\/evoabyinstalacionesfontes.com\/?s={search_term_string}\"},\"query-input\":{\"@type\":\"PropertyValueSpecification\",\"valueRequired\":true,\"valueName\":\"search_term_string\"}}],\"inLanguage\":\"fr-FR\"}]}<\/script>\n<!-- \/ Yoast SEO plugin. -->","yoast_head_json":{"title":"Lavavajillas I-Pro Shine Series 5 - EVOA","robots":{"index":"index","follow":"follow","max-snippet":"max-snippet:-1","max-image-preview":"max-image-preview:large","max-video-preview":"max-video-preview:-1"},"canonical":"https:\/\/evoabyinstalacionesfontes.com\/fr\/produit\/lavavajillas-i-pro-shine-series-5\/","og_locale":"fr_FR","og_type":"article","og_title":"Lavavajillas I-Pro Shine Series 5 - EVOA","og_description":"Un lavavajillas premium de Clase B que sabe c\u00f3mo cautivarte con el brillo de su rendimiento y dise\u00f1o. Porque, por un lado, su avanzada tecnolog\u00eda convierte el lavado y secado en una experiencia verdaderamente a medida. Y por otro, sus innovadores sensores est\u00e1n dise\u00f1ados para optimizar los recursos y convertirse en un valioso aliado en la reducci\u00f3n del consumo. Resultados de limpieza extraordinarios en poco tiempo, incluso con programas r\u00e1pidos. Todo esto es posible gracias al innovador brazo aspersor inferior en forma de \u201cH\u201d, dise\u00f1ado para realizar un doble movimiento y garantizar la mejor cobertura. Una caracter\u00edstica pensada para un rendimiento superior. Ejecuta el ciclo de lavado s\u00f3lo cuando sea necesario. Pulsando el bot\u00f3n del programa dedicado, puedes elegir si activar el spray en la cesta superior o inferior. O en ambos. Un lavado verdaderamente independiente que reduce el desperdicio innecesario de agua y el consumo de energ\u00eda.","og_url":"https:\/\/evoabyinstalacionesfontes.com\/fr\/produit\/lavavajillas-i-pro-shine-series-5\/","og_site_name":"EVOA","article_modified_time":"2025-07-14T15:56:10+00:00","og_image":[{"width":640,"height":640,"url":"https:\/\/evoabyinstalacionesfontes.com\/wp-content\/uploads\/2025\/07\/LAVAVAJILLAS-1.webp","type":"image\/webp"}],"twitter_card":"summary_large_image","schema":{"@context":"https:\/\/schema.org","@graph":[{"@type":"WebPage","@id":"https:\/\/evoabyinstalacionesfontes.com\/producto\/lavavajillas-i-pro-shine-series-5\/","url":"https:\/\/evoabyinstalacionesfontes.com\/producto\/lavavajillas-i-pro-shine-series-5\/","name":"Lavavajillas I-Pro Shine Series 5 - EVOA","isPartOf":{"@id":"https:\/\/evoabyinstalacionesfontes.com\/#website"},"primaryImageOfPage":{"@id":"https:\/\/evoabyinstalacionesfontes.com\/producto\/lavavajillas-i-pro-shine-series-5\/#primaryimage"},"image":{"@id":"https:\/\/evoabyinstalacionesfontes.com\/producto\/lavavajillas-i-pro-shine-series-5\/#primaryimage"},"thumbnailUrl":"https:\/\/evoabyinstalacionesfontes.com\/wp-content\/uploads\/2025\/07\/LAVAVAJILLAS-1.webp","datePublished":"2025-07-02T12:48:58+00:00","dateModified":"2025-07-14T15:56:10+00:00","breadcrumb":{"@id":"https:\/\/evoabyinstalacionesfontes.com\/producto\/lavavajillas-i-pro-shine-series-5\/#breadcrumb"},"inLanguage":"fr-FR","potentialAction":[{"@type":"ReadAction","target":["https:\/\/evoabyinstalacionesfontes.com\/producto\/lavavajillas-i-pro-shine-series-5\/"]}]},{"@type":"ImageObject","inLanguage":"fr-FR","@id":"https:\/\/evoabyinstalacionesfontes.com\/producto\/lavavajillas-i-pro-shine-series-5\/#primaryimage","url":"https:\/\/evoabyinstalacionesfontes.com\/wp-content\/uploads\/2025\/07\/LAVAVAJILLAS-1.webp","contentUrl":"https:\/\/evoabyinstalacionesfontes.com\/wp-content\/uploads\/2025\/07\/LAVAVAJILLAS-1.webp","width":640,"height":640},{"@type":"BreadcrumbList","@id":"https:\/\/evoabyinstalacionesfontes.com\/producto\/lavavajillas-i-pro-shine-series-5\/#breadcrumb","itemListElement":[{"@type":"ListItem","position":1,"name":"Portada","item":"https:\/\/evoabyinstalacionesfontes.com\/"},{"@type":"ListItem","position":2,"name":"Tienda","item":"https:\/\/evoabyinstalacionesfontes.com\/tienda\/"},{"@type":"ListItem","position":3,"name":"Lavavajillas I-Pro Shine Series 5"}]},{"@type":"WebSite","@id":"https:\/\/evoabyinstalacionesfontes.com\/#website","url":"https:\/\/evoabyinstalacionesfontes.com\/","name":"EVOA","description":"Votre boutique en ligne d&#039;\u00e9clairage et d&#039;\u00e9lectrom\u00e9nager","potentialAction":[{"@type":"SearchAction","target":{"@type":"EntryPoint","urlTemplate":"https:\/\/evoabyinstalacionesfontes.com\/?s={search_term_string}"},"query-input":{"@type":"PropertyValueSpecification","valueRequired":true,"valueName":"search_term_string"}}],"inLanguage":"fr-FR"}]}},"_links":{"self":[{"href":"https:\/\/evoabyinstalacionesfontes.com\/fr\/wp-json\/wp\/v2\/product\/326","targetHints":{"allow":["GET"]}}],"collection":[{"href":"https:\/\/evoabyinstalacionesfontes.com\/fr\/wp-json\/wp\/v2\/product"}],"about":[{"href":"https:\/\/evoabyinstalacionesfontes.com\/fr\/wp-json\/wp\/v2\/types\/product"}],"replies":[{"embeddable":true,"href":"https:\/\/evoabyinstalacionesfontes.com\/fr\/wp-json\/wp\/v2\/comments?post=326"}],"wp:featuredmedia":[{"embeddable":true,"href":"https:\/\/evoabyinstalacionesfontes.com\/fr\/wp-json\/wp\/v2\/media\/911"}],"wp:attachment":[{"href":"https:\/\/evoabyinstalacionesfontes.com\/fr\/wp-json\/wp\/v2\/media?parent=326"}],"wp:term":[{"taxonomy":"product_brand","embeddable":true,"href":"https:\/\/evoabyinstalacionesfontes.com\/fr\/wp-json\/wp\/v2\/product_brand?post=326"},{"taxonomy":"product_cat","embeddable":true,"href":"https:\/\/evoabyinstalacionesfontes.com\/fr\/wp-json\/wp\/v2\/product_cat?post=326"},{"taxonomy":"product_tag","embeddable":true,"href":"https:\/\/evoabyinstalacionesfontes.com\/fr\/wp-json\/wp\/v2\/product_tag?post=326"}],"curies":[{"name":"wp","href":"https:\/\/api.w.org\/{rel}","templated":true}]}}