{"id":790,"date":"2025-07-10T16:30:54","date_gmt":"2025-07-10T14:30:54","guid":{"rendered":"https:\/\/evoabyinstalacionesfontes.com\/?post_type=product&#038;p=790"},"modified":"2025-07-25T18:59:25","modified_gmt":"2025-07-25T16:59:25","slug":"campana-decorativa-cata","status":"publish","type":"product","link":"https:\/\/evoabyinstalacionesfontes.com\/fr\/produit\/campana-decorativa-cata\/","title":{"rendered":"Hotte d\u00e9corative CATA"},"content":{"rendered":"","protected":false},"excerpt":{"rendered":"<p><span data-sheets-root=\"1\">Classe d&#039;efficacit\u00e9 \u00e9nerg\u00e9tique : C Consommation \u00e9nerg\u00e9tique annuelle : 59 kWh \u00c9chelle d&#039;efficacit\u00e9 \u00e9nerg\u00e9tique : A+++ \u00e0 D Puissance absorb\u00e9e : 123 W Puissance du moteur : 120 W Tension d&#039;entr\u00e9e : 220-240 V CA Fr\u00e9quence d&#039;entr\u00e9e : 50 Hz Performances : Capacit\u00e9 d&#039;extraction maximale : 480 m\u00b3\/h Type d&#039;extraction : Conduite\/Recirculation Classe d&#039;efficacit\u00e9 hydrodynamique : E Classe d&#039;efficacit\u00e9 d&#039;\u00e9clairage : A Classe d&#039;efficacit\u00e9 de filtration des graisses : E Nombre de vitesses : 3 Niveau sonore : 64 dB Niveau sonore (basse vitesse) : 52 dB Pression (Pa) : 227 Distance minimale des plaques de cuisson \u00e9lectriques : 65 cm Distance minimale des plaques de cuisson \u00e0 gaz : 65 cm Design : Couleur du produit : Acier inoxydable Puissance de l&#039;ampoule : 3 W Nombre d&#039;ampoules : 1 Type d&#039;ampoule : LED \u00c9clairement : 89 lx Type de commande : Boutons Diam\u00e8tre du raccord d&#039;\u00e9vacuation : 15 cm Filtration : Filtre \u00e0 graisse Type de filtre : M\u00e9tal Nombre de filtres : 3 Poids et dimensions : Largeur\u00a0: 496 mm Profondeur\u00a0: 470 mm Hauteur (min.)\u00a0: 57 cm Hauteur (max.)\u00a0: 87 cm<\/span><\/p>","protected":false},"featured_media":1056,"comment_status":"open","ping_status":"closed","template":"","meta":[],"product_brand":[],"product_cat":[68],"product_tag":[],"class_list":{"0":"post-790","1":"product","2":"type-product","3":"status-publish","4":"has-post-thumbnail","6":"product_cat-campana-decorativa","8":"first","9":"instock","10":"taxable","11":"shipping-taxable","12":"purchasable","13":"product-type-variable"},"yoast_head":"<!-- This site is optimized with the Yoast SEO plugin v26.0 - https:\/\/yoast.com\/wordpress\/plugins\/seo\/ -->\n<title>Campana decorativa CATA - EVOA<\/title>\n<meta name=\"robots\" content=\"index, follow, max-snippet:-1, max-image-preview:large, max-video-preview:-1\" \/>\n<link rel=\"canonical\" href=\"https:\/\/evoabyinstalacionesfontes.com\/fr\/produit\/campana-decorativa-cata\/\" \/>\n<meta property=\"og:locale\" content=\"fr_FR\" \/>\n<meta property=\"og:type\" content=\"article\" \/>\n<meta property=\"og:title\" content=\"Campana decorativa CATA - EVOA\" \/>\n<meta property=\"og:description\" content=\"Control de energ\u00eda Clase de eficiencia de energ\u00eda:C Consumo de energ\u00eda anual:59 kWh Escala de eficiencia energ\u00e9tica:A+++ a D Carga conectada:123 W Potencia del motor:120 W Voltaje de entrada:AC 220 - 240 V Frecuencia de entrada AC:50 Hz Desempe\u00f1o: M\u00e1xima capacidad de extracci\u00f3n:480 m\u00b3\/h Tipo de extracci\u00f3n:Canalizado\/Recirculaci\u00f3n Clasificaci\u00f3n eficiencia din\u00e1mica de fluidos:E Clasificaci\u00f3n de eficiencia lum\u00ednica:A Clasificaci\u00f3n de eficiencia de filtrado de grasas:E N\u00famero de velocidades:3 Nivel de ruido:64 dB Nivel de ruido (baja velocidad):52 dB Presi\u00f3n (Pa):227 Distancia m\u00ednima de placas el\u00e9ctricas:65 cm Distancia m\u00ednima de encimera de gas:65 cm Dise\u00f1o: Color del producto:Acero inoxidable Potencia de bombilla:3 W N\u00famero de bombillas:1 bombilla(s) Tipo de bombilla:LED Iluminancia:89 lx Tipo de control:Botones Di\u00e1metro de la conexi\u00f3n de escape:15 cm Filtraci\u00f3n: Tipo de filtro de grasa :Metal N\u00famero de filtros:3 pieza(s) pieza(s) Peso y dimensione: Ancho:496 mm Profundidad:470 mm Altura (min.):57 cm Altura (m\u00e1x.):87 cm\" \/>\n<meta property=\"og:url\" content=\"https:\/\/evoabyinstalacionesfontes.com\/fr\/produit\/campana-decorativa-cata\/\" \/>\n<meta property=\"og:site_name\" content=\"EVOA\" \/>\n<meta property=\"article:modified_time\" content=\"2025-07-25T16:59:25+00:00\" \/>\n<meta property=\"og:image\" content=\"https:\/\/evoabyinstalacionesfontes.com\/wp-content\/uploads\/2025\/07\/Diseno-sin-titulo.webp\" \/>\n\t<meta property=\"og:image:width\" content=\"1000\" \/>\n\t<meta property=\"og:image:height\" content=\"1000\" \/>\n\t<meta property=\"og:image:type\" content=\"image\/webp\" \/>\n<meta name=\"twitter:card\" content=\"summary_large_image\" \/>\n<script type=\"application\/ld+json\" class=\"yoast-schema-graph\">{\"@context\":\"https:\/\/schema.org\",\"@graph\":[{\"@type\":\"WebPage\",\"@id\":\"https:\/\/evoabyinstalacionesfontes.com\/producto\/campana-decorativa-cata\/\",\"url\":\"https:\/\/evoabyinstalacionesfontes.com\/producto\/campana-decorativa-cata\/\",\"name\":\"Campana decorativa CATA - EVOA\",\"isPartOf\":{\"@id\":\"https:\/\/evoabyinstalacionesfontes.com\/#website\"},\"primaryImageOfPage\":{\"@id\":\"https:\/\/evoabyinstalacionesfontes.com\/producto\/campana-decorativa-cata\/#primaryimage\"},\"image\":{\"@id\":\"https:\/\/evoabyinstalacionesfontes.com\/producto\/campana-decorativa-cata\/#primaryimage\"},\"thumbnailUrl\":\"https:\/\/evoabyinstalacionesfontes.com\/wp-content\/uploads\/2025\/07\/Diseno-sin-titulo.webp\",\"datePublished\":\"2025-07-10T14:30:54+00:00\",\"dateModified\":\"2025-07-25T16:59:25+00:00\",\"breadcrumb\":{\"@id\":\"https:\/\/evoabyinstalacionesfontes.com\/producto\/campana-decorativa-cata\/#breadcrumb\"},\"inLanguage\":\"fr-FR\",\"potentialAction\":[{\"@type\":\"ReadAction\",\"target\":[\"https:\/\/evoabyinstalacionesfontes.com\/producto\/campana-decorativa-cata\/\"]}]},{\"@type\":\"ImageObject\",\"inLanguage\":\"fr-FR\",\"@id\":\"https:\/\/evoabyinstalacionesfontes.com\/producto\/campana-decorativa-cata\/#primaryimage\",\"url\":\"https:\/\/evoabyinstalacionesfontes.com\/wp-content\/uploads\/2025\/07\/Diseno-sin-titulo.webp\",\"contentUrl\":\"https:\/\/evoabyinstalacionesfontes.com\/wp-content\/uploads\/2025\/07\/Diseno-sin-titulo.webp\",\"width\":1000,\"height\":1000},{\"@type\":\"BreadcrumbList\",\"@id\":\"https:\/\/evoabyinstalacionesfontes.com\/producto\/campana-decorativa-cata\/#breadcrumb\",\"itemListElement\":[{\"@type\":\"ListItem\",\"position\":1,\"name\":\"Portada\",\"item\":\"https:\/\/evoabyinstalacionesfontes.com\/\"},{\"@type\":\"ListItem\",\"position\":2,\"name\":\"Tienda\",\"item\":\"https:\/\/evoabyinstalacionesfontes.com\/tienda\/\"},{\"@type\":\"ListItem\",\"position\":3,\"name\":\"Campana decorativa CATA\"}]},{\"@type\":\"WebSite\",\"@id\":\"https:\/\/evoabyinstalacionesfontes.com\/#website\",\"url\":\"https:\/\/evoabyinstalacionesfontes.com\/\",\"name\":\"EVOA\",\"description\":\"Tu tienda online de iluminaci\u00f3n y electrodom\u00e9sticos\",\"potentialAction\":[{\"@type\":\"SearchAction\",\"target\":{\"@type\":\"EntryPoint\",\"urlTemplate\":\"https:\/\/evoabyinstalacionesfontes.com\/?s={search_term_string}\"},\"query-input\":{\"@type\":\"PropertyValueSpecification\",\"valueRequired\":true,\"valueName\":\"search_term_string\"}}],\"inLanguage\":\"fr-FR\"}]}<\/script>\n<!-- \/ Yoast SEO plugin. -->","yoast_head_json":{"title":"Campana decorativa CATA - EVOA","robots":{"index":"index","follow":"follow","max-snippet":"max-snippet:-1","max-image-preview":"max-image-preview:large","max-video-preview":"max-video-preview:-1"},"canonical":"https:\/\/evoabyinstalacionesfontes.com\/fr\/produit\/campana-decorativa-cata\/","og_locale":"fr_FR","og_type":"article","og_title":"Campana decorativa CATA - EVOA","og_description":"Control de energ\u00eda Clase de eficiencia de energ\u00eda:C Consumo de energ\u00eda anual:59 kWh Escala de eficiencia energ\u00e9tica:A+++ a D Carga conectada:123 W Potencia del motor:120 W Voltaje de entrada:AC 220 - 240 V Frecuencia de entrada AC:50 Hz Desempe\u00f1o: M\u00e1xima capacidad de extracci\u00f3n:480 m\u00b3\/h Tipo de extracci\u00f3n:Canalizado\/Recirculaci\u00f3n Clasificaci\u00f3n eficiencia din\u00e1mica de fluidos:E Clasificaci\u00f3n de eficiencia lum\u00ednica:A Clasificaci\u00f3n de eficiencia de filtrado de grasas:E N\u00famero de velocidades:3 Nivel de ruido:64 dB Nivel de ruido (baja velocidad):52 dB Presi\u00f3n (Pa):227 Distancia m\u00ednima de placas el\u00e9ctricas:65 cm Distancia m\u00ednima de encimera de gas:65 cm Dise\u00f1o: Color del producto:Acero inoxidable Potencia de bombilla:3 W N\u00famero de bombillas:1 bombilla(s) Tipo de bombilla:LED Iluminancia:89 lx Tipo de control:Botones Di\u00e1metro de la conexi\u00f3n de escape:15 cm Filtraci\u00f3n: Tipo de filtro de grasa :Metal N\u00famero de filtros:3 pieza(s) pieza(s) Peso y dimensione: Ancho:496 mm Profundidad:470 mm Altura (min.):57 cm Altura (m\u00e1x.):87 cm","og_url":"https:\/\/evoabyinstalacionesfontes.com\/fr\/produit\/campana-decorativa-cata\/","og_site_name":"EVOA","article_modified_time":"2025-07-25T16:59:25+00:00","og_image":[{"width":1000,"height":1000,"url":"https:\/\/evoabyinstalacionesfontes.com\/wp-content\/uploads\/2025\/07\/Diseno-sin-titulo.webp","type":"image\/webp"}],"twitter_card":"summary_large_image","schema":{"@context":"https:\/\/schema.org","@graph":[{"@type":"WebPage","@id":"https:\/\/evoabyinstalacionesfontes.com\/producto\/campana-decorativa-cata\/","url":"https:\/\/evoabyinstalacionesfontes.com\/producto\/campana-decorativa-cata\/","name":"Campana decorativa CATA - EVOA","isPartOf":{"@id":"https:\/\/evoabyinstalacionesfontes.com\/#website"},"primaryImageOfPage":{"@id":"https:\/\/evoabyinstalacionesfontes.com\/producto\/campana-decorativa-cata\/#primaryimage"},"image":{"@id":"https:\/\/evoabyinstalacionesfontes.com\/producto\/campana-decorativa-cata\/#primaryimage"},"thumbnailUrl":"https:\/\/evoabyinstalacionesfontes.com\/wp-content\/uploads\/2025\/07\/Diseno-sin-titulo.webp","datePublished":"2025-07-10T14:30:54+00:00","dateModified":"2025-07-25T16:59:25+00:00","breadcrumb":{"@id":"https:\/\/evoabyinstalacionesfontes.com\/producto\/campana-decorativa-cata\/#breadcrumb"},"inLanguage":"fr-FR","potentialAction":[{"@type":"ReadAction","target":["https:\/\/evoabyinstalacionesfontes.com\/producto\/campana-decorativa-cata\/"]}]},{"@type":"ImageObject","inLanguage":"fr-FR","@id":"https:\/\/evoabyinstalacionesfontes.com\/producto\/campana-decorativa-cata\/#primaryimage","url":"https:\/\/evoabyinstalacionesfontes.com\/wp-content\/uploads\/2025\/07\/Diseno-sin-titulo.webp","contentUrl":"https:\/\/evoabyinstalacionesfontes.com\/wp-content\/uploads\/2025\/07\/Diseno-sin-titulo.webp","width":1000,"height":1000},{"@type":"BreadcrumbList","@id":"https:\/\/evoabyinstalacionesfontes.com\/producto\/campana-decorativa-cata\/#breadcrumb","itemListElement":[{"@type":"ListItem","position":1,"name":"Portada","item":"https:\/\/evoabyinstalacionesfontes.com\/"},{"@type":"ListItem","position":2,"name":"Tienda","item":"https:\/\/evoabyinstalacionesfontes.com\/tienda\/"},{"@type":"ListItem","position":3,"name":"Campana decorativa CATA"}]},{"@type":"WebSite","@id":"https:\/\/evoabyinstalacionesfontes.com\/#website","url":"https:\/\/evoabyinstalacionesfontes.com\/","name":"EVOA","description":"Votre boutique en ligne d&#039;\u00e9clairage et d&#039;\u00e9lectrom\u00e9nager","potentialAction":[{"@type":"SearchAction","target":{"@type":"EntryPoint","urlTemplate":"https:\/\/evoabyinstalacionesfontes.com\/?s={search_term_string}"},"query-input":{"@type":"PropertyValueSpecification","valueRequired":true,"valueName":"search_term_string"}}],"inLanguage":"fr-FR"}]}},"_links":{"self":[{"href":"https:\/\/evoabyinstalacionesfontes.com\/fr\/wp-json\/wp\/v2\/product\/790","targetHints":{"allow":["GET"]}}],"collection":[{"href":"https:\/\/evoabyinstalacionesfontes.com\/fr\/wp-json\/wp\/v2\/product"}],"about":[{"href":"https:\/\/evoabyinstalacionesfontes.com\/fr\/wp-json\/wp\/v2\/types\/product"}],"replies":[{"embeddable":true,"href":"https:\/\/evoabyinstalacionesfontes.com\/fr\/wp-json\/wp\/v2\/comments?post=790"}],"wp:featuredmedia":[{"embeddable":true,"href":"https:\/\/evoabyinstalacionesfontes.com\/fr\/wp-json\/wp\/v2\/media\/1056"}],"wp:attachment":[{"href":"https:\/\/evoabyinstalacionesfontes.com\/fr\/wp-json\/wp\/v2\/media?parent=790"}],"wp:term":[{"taxonomy":"product_brand","embeddable":true,"href":"https:\/\/evoabyinstalacionesfontes.com\/fr\/wp-json\/wp\/v2\/product_brand?post=790"},{"taxonomy":"product_cat","embeddable":true,"href":"https:\/\/evoabyinstalacionesfontes.com\/fr\/wp-json\/wp\/v2\/product_cat?post=790"},{"taxonomy":"product_tag","embeddable":true,"href":"https:\/\/evoabyinstalacionesfontes.com\/fr\/wp-json\/wp\/v2\/product_tag?post=790"}],"curies":[{"name":"wp","href":"https:\/\/api.w.org\/{rel}","templated":true}]}}