{"id":792,"date":"2025-07-10T16:31:54","date_gmt":"2025-07-10T14:31:54","guid":{"rendered":"https:\/\/evoabyinstalacionesfontes.com\/?post_type=product&#038;p=792"},"modified":"2025-07-14T19:31:54","modified_gmt":"2025-07-14T17:31:54","slug":"campana-decorativa-isla-balay","status":"publish","type":"product","link":"https:\/\/evoabyinstalacionesfontes.com\/fr\/produit\/campana-decorativa-isla-balay\/","title":{"rendered":"Hotte \u00eelot d\u00e9corative BALAY"},"content":{"rendered":"","protected":false},"excerpt":{"rendered":"<p><span data-sheets-root=\"1\">Cette hotte aspirante offre quatre vitesses pour s&#039;adapter \u00e0 vos besoins. Fini les fum\u00e9es et les probl\u00e8mes de cuisson\u00a0! Vous verrez comme votre cuisine sera propre et pr\u00eate \u00e0 recevoir vos invit\u00e9s en un rien de temps. Gr\u00e2ce \u00e0 sa capacit\u00e9 d&#039;extraction maximale de 339\u00a0m\u00b3\/h, vous pourrez profiter pleinement de votre cuisine en un clin d&#039;\u0153il. Cette hotte deviendra votre meilleure alli\u00e9e en cuisine et vous permettra de pr\u00e9parer vos plats pr\u00e9f\u00e9r\u00e9s avec plaisir. Elle est \u00e9quip\u00e9e de filtres multicouches en aluminium qui assurent une excellente filtration et une circulation optimale des fum\u00e9es de cuisson. Pratiques et durables, ces filtres feront de votre hotte un appareil indispensable.<\/span><\/p>","protected":false},"featured_media":846,"comment_status":"open","ping_status":"closed","template":"","meta":[],"product_brand":[],"product_cat":[68],"product_tag":[],"class_list":{"0":"post-792","1":"product","2":"type-product","3":"status-publish","4":"has-post-thumbnail","6":"product_cat-campana-decorativa","8":"first","9":"instock","10":"taxable","11":"shipping-taxable","12":"purchasable","13":"product-type-variable"},"yoast_head":"<!-- This site is optimized with the Yoast SEO plugin v26.0 - https:\/\/yoast.com\/wordpress\/plugins\/seo\/ -->\n<title>Campana decorativa isla BALAY - EVOA<\/title>\n<meta name=\"robots\" content=\"index, follow, max-snippet:-1, max-image-preview:large, max-video-preview:-1\" \/>\n<link rel=\"canonical\" href=\"https:\/\/evoabyinstalacionesfontes.com\/fr\/produit\/campana-decorativa-isla-balay\/\" \/>\n<meta property=\"og:locale\" content=\"fr_FR\" \/>\n<meta property=\"og:type\" content=\"article\" \/>\n<meta property=\"og:title\" content=\"Campana decorativa isla BALAY - EVOA\" \/>\n<meta property=\"og:description\" content=\"Esta campana te ofrece 4 velocidades para que la configures seg\u00fan tu necesidad. Olv\u00eddate de problemas e incomodidades por los humos. Ver\u00e1s como r\u00e1pidamente la cocina queda despejada y preparada para las visitas. Gracias a una capacidad de extracci\u00f3n m\u00e1xima de 339 m\u00b3\/h, en un momento podr\u00e1s estar en la cocina con total comodidad. Esta campana ser\u00e1 tu mejor aliada en la cocina, y disfurtar\u00e1s preparando tus mejores platos. Esta campana tiene unos filtros Aluminio multicapa que te asegurar\u00e1n un buen filtrado y circulaci\u00f3n de los humos producidos en la cocina. Pr\u00e1cticos y resistentes, har\u00e1n de tu campana un elemento indispensable.\" \/>\n<meta property=\"og:url\" content=\"https:\/\/evoabyinstalacionesfontes.com\/fr\/produit\/campana-decorativa-isla-balay\/\" \/>\n<meta property=\"og:site_name\" content=\"EVOA\" \/>\n<meta property=\"article:modified_time\" content=\"2025-07-14T17:31:54+00:00\" \/>\n<meta property=\"og:image\" content=\"https:\/\/evoabyinstalacionesfontes.com\/wp-content\/uploads\/2025\/07\/FOTO-1-2-scaled.webp\" \/>\n\t<meta property=\"og:image:width\" content=\"2560\" \/>\n\t<meta property=\"og:image:height\" content=\"1578\" \/>\n\t<meta property=\"og:image:type\" content=\"image\/webp\" \/>\n<meta name=\"twitter:card\" content=\"summary_large_image\" \/>\n<script type=\"application\/ld+json\" class=\"yoast-schema-graph\">{\"@context\":\"https:\/\/schema.org\",\"@graph\":[{\"@type\":\"WebPage\",\"@id\":\"https:\/\/evoabyinstalacionesfontes.com\/producto\/campana-decorativa-isla-balay\/\",\"url\":\"https:\/\/evoabyinstalacionesfontes.com\/producto\/campana-decorativa-isla-balay\/\",\"name\":\"Campana decorativa isla BALAY - EVOA\",\"isPartOf\":{\"@id\":\"https:\/\/evoabyinstalacionesfontes.com\/#website\"},\"primaryImageOfPage\":{\"@id\":\"https:\/\/evoabyinstalacionesfontes.com\/producto\/campana-decorativa-isla-balay\/#primaryimage\"},\"image\":{\"@id\":\"https:\/\/evoabyinstalacionesfontes.com\/producto\/campana-decorativa-isla-balay\/#primaryimage\"},\"thumbnailUrl\":\"https:\/\/evoabyinstalacionesfontes.com\/wp-content\/uploads\/2025\/07\/FOTO-1-2-scaled.webp\",\"datePublished\":\"2025-07-10T14:31:54+00:00\",\"dateModified\":\"2025-07-14T17:31:54+00:00\",\"breadcrumb\":{\"@id\":\"https:\/\/evoabyinstalacionesfontes.com\/producto\/campana-decorativa-isla-balay\/#breadcrumb\"},\"inLanguage\":\"fr-FR\",\"potentialAction\":[{\"@type\":\"ReadAction\",\"target\":[\"https:\/\/evoabyinstalacionesfontes.com\/producto\/campana-decorativa-isla-balay\/\"]}]},{\"@type\":\"ImageObject\",\"inLanguage\":\"fr-FR\",\"@id\":\"https:\/\/evoabyinstalacionesfontes.com\/producto\/campana-decorativa-isla-balay\/#primaryimage\",\"url\":\"https:\/\/evoabyinstalacionesfontes.com\/wp-content\/uploads\/2025\/07\/FOTO-1-2-scaled.webp\",\"contentUrl\":\"https:\/\/evoabyinstalacionesfontes.com\/wp-content\/uploads\/2025\/07\/FOTO-1-2-scaled.webp\",\"width\":2560,\"height\":1578},{\"@type\":\"BreadcrumbList\",\"@id\":\"https:\/\/evoabyinstalacionesfontes.com\/producto\/campana-decorativa-isla-balay\/#breadcrumb\",\"itemListElement\":[{\"@type\":\"ListItem\",\"position\":1,\"name\":\"Portada\",\"item\":\"https:\/\/evoabyinstalacionesfontes.com\/\"},{\"@type\":\"ListItem\",\"position\":2,\"name\":\"Tienda\",\"item\":\"https:\/\/evoabyinstalacionesfontes.com\/tienda\/\"},{\"@type\":\"ListItem\",\"position\":3,\"name\":\"Campana decorativa isla BALAY\"}]},{\"@type\":\"WebSite\",\"@id\":\"https:\/\/evoabyinstalacionesfontes.com\/#website\",\"url\":\"https:\/\/evoabyinstalacionesfontes.com\/\",\"name\":\"EVOA\",\"description\":\"Tu tienda online de iluminaci\u00f3n y electrodom\u00e9sticos\",\"potentialAction\":[{\"@type\":\"SearchAction\",\"target\":{\"@type\":\"EntryPoint\",\"urlTemplate\":\"https:\/\/evoabyinstalacionesfontes.com\/?s={search_term_string}\"},\"query-input\":{\"@type\":\"PropertyValueSpecification\",\"valueRequired\":true,\"valueName\":\"search_term_string\"}}],\"inLanguage\":\"fr-FR\"}]}<\/script>\n<!-- \/ Yoast SEO plugin. -->","yoast_head_json":{"title":"Campana decorativa isla BALAY - EVOA","robots":{"index":"index","follow":"follow","max-snippet":"max-snippet:-1","max-image-preview":"max-image-preview:large","max-video-preview":"max-video-preview:-1"},"canonical":"https:\/\/evoabyinstalacionesfontes.com\/fr\/produit\/campana-decorativa-isla-balay\/","og_locale":"fr_FR","og_type":"article","og_title":"Campana decorativa isla BALAY - EVOA","og_description":"Esta campana te ofrece 4 velocidades para que la configures seg\u00fan tu necesidad. Olv\u00eddate de problemas e incomodidades por los humos. Ver\u00e1s como r\u00e1pidamente la cocina queda despejada y preparada para las visitas. Gracias a una capacidad de extracci\u00f3n m\u00e1xima de 339 m\u00b3\/h, en un momento podr\u00e1s estar en la cocina con total comodidad. Esta campana ser\u00e1 tu mejor aliada en la cocina, y disfurtar\u00e1s preparando tus mejores platos. Esta campana tiene unos filtros Aluminio multicapa que te asegurar\u00e1n un buen filtrado y circulaci\u00f3n de los humos producidos en la cocina. Pr\u00e1cticos y resistentes, har\u00e1n de tu campana un elemento indispensable.","og_url":"https:\/\/evoabyinstalacionesfontes.com\/fr\/produit\/campana-decorativa-isla-balay\/","og_site_name":"EVOA","article_modified_time":"2025-07-14T17:31:54+00:00","og_image":[{"width":2560,"height":1578,"url":"https:\/\/evoabyinstalacionesfontes.com\/wp-content\/uploads\/2025\/07\/FOTO-1-2-scaled.webp","type":"image\/webp"}],"twitter_card":"summary_large_image","schema":{"@context":"https:\/\/schema.org","@graph":[{"@type":"WebPage","@id":"https:\/\/evoabyinstalacionesfontes.com\/producto\/campana-decorativa-isla-balay\/","url":"https:\/\/evoabyinstalacionesfontes.com\/producto\/campana-decorativa-isla-balay\/","name":"Campana decorativa isla BALAY - EVOA","isPartOf":{"@id":"https:\/\/evoabyinstalacionesfontes.com\/#website"},"primaryImageOfPage":{"@id":"https:\/\/evoabyinstalacionesfontes.com\/producto\/campana-decorativa-isla-balay\/#primaryimage"},"image":{"@id":"https:\/\/evoabyinstalacionesfontes.com\/producto\/campana-decorativa-isla-balay\/#primaryimage"},"thumbnailUrl":"https:\/\/evoabyinstalacionesfontes.com\/wp-content\/uploads\/2025\/07\/FOTO-1-2-scaled.webp","datePublished":"2025-07-10T14:31:54+00:00","dateModified":"2025-07-14T17:31:54+00:00","breadcrumb":{"@id":"https:\/\/evoabyinstalacionesfontes.com\/producto\/campana-decorativa-isla-balay\/#breadcrumb"},"inLanguage":"fr-FR","potentialAction":[{"@type":"ReadAction","target":["https:\/\/evoabyinstalacionesfontes.com\/producto\/campana-decorativa-isla-balay\/"]}]},{"@type":"ImageObject","inLanguage":"fr-FR","@id":"https:\/\/evoabyinstalacionesfontes.com\/producto\/campana-decorativa-isla-balay\/#primaryimage","url":"https:\/\/evoabyinstalacionesfontes.com\/wp-content\/uploads\/2025\/07\/FOTO-1-2-scaled.webp","contentUrl":"https:\/\/evoabyinstalacionesfontes.com\/wp-content\/uploads\/2025\/07\/FOTO-1-2-scaled.webp","width":2560,"height":1578},{"@type":"BreadcrumbList","@id":"https:\/\/evoabyinstalacionesfontes.com\/producto\/campana-decorativa-isla-balay\/#breadcrumb","itemListElement":[{"@type":"ListItem","position":1,"name":"Portada","item":"https:\/\/evoabyinstalacionesfontes.com\/"},{"@type":"ListItem","position":2,"name":"Tienda","item":"https:\/\/evoabyinstalacionesfontes.com\/tienda\/"},{"@type":"ListItem","position":3,"name":"Campana decorativa isla BALAY"}]},{"@type":"WebSite","@id":"https:\/\/evoabyinstalacionesfontes.com\/#website","url":"https:\/\/evoabyinstalacionesfontes.com\/","name":"EVOA","description":"Votre boutique en ligne d&#039;\u00e9clairage et d&#039;\u00e9lectrom\u00e9nager","potentialAction":[{"@type":"SearchAction","target":{"@type":"EntryPoint","urlTemplate":"https:\/\/evoabyinstalacionesfontes.com\/?s={search_term_string}"},"query-input":{"@type":"PropertyValueSpecification","valueRequired":true,"valueName":"search_term_string"}}],"inLanguage":"fr-FR"}]}},"_links":{"self":[{"href":"https:\/\/evoabyinstalacionesfontes.com\/fr\/wp-json\/wp\/v2\/product\/792","targetHints":{"allow":["GET"]}}],"collection":[{"href":"https:\/\/evoabyinstalacionesfontes.com\/fr\/wp-json\/wp\/v2\/product"}],"about":[{"href":"https:\/\/evoabyinstalacionesfontes.com\/fr\/wp-json\/wp\/v2\/types\/product"}],"replies":[{"embeddable":true,"href":"https:\/\/evoabyinstalacionesfontes.com\/fr\/wp-json\/wp\/v2\/comments?post=792"}],"wp:featuredmedia":[{"embeddable":true,"href":"https:\/\/evoabyinstalacionesfontes.com\/fr\/wp-json\/wp\/v2\/media\/846"}],"wp:attachment":[{"href":"https:\/\/evoabyinstalacionesfontes.com\/fr\/wp-json\/wp\/v2\/media?parent=792"}],"wp:term":[{"taxonomy":"product_brand","embeddable":true,"href":"https:\/\/evoabyinstalacionesfontes.com\/fr\/wp-json\/wp\/v2\/product_brand?post=792"},{"taxonomy":"product_cat","embeddable":true,"href":"https:\/\/evoabyinstalacionesfontes.com\/fr\/wp-json\/wp\/v2\/product_cat?post=792"},{"taxonomy":"product_tag","embeddable":true,"href":"https:\/\/evoabyinstalacionesfontes.com\/fr\/wp-json\/wp\/v2\/product_tag?post=792"}],"curies":[{"name":"wp","href":"https:\/\/api.w.org\/{rel}","templated":true}]}}