{"id":806,"date":"2025-07-10T16:59:58","date_gmt":"2025-07-10T14:59:58","guid":{"rendered":"https:\/\/evoabyinstalacionesfontes.com\/?post_type=product&#038;p=806"},"modified":"2025-09-02T11:06:16","modified_gmt":"2025-09-02T09:06:16","slug":"horno-haier-60-cm","status":"publish","type":"product","link":"https:\/\/evoabyinstalacionesfontes.com\/fr\/produit\/horno-haier-60-cm\/","title":{"rendered":"FOUR HAIER 60 CM"},"content":{"rendered":"","protected":false},"excerpt":{"rendered":"<p><span data-sheets-root=\"1\">La gamme ID Series 2 arbore un design moderne et intuitif, con\u00e7u \u00e0 partir de mat\u00e9riaux authentiques et durables. Son style minimaliste s&#039;int\u00e8gre harmonieusement \u00e0 tous les int\u00e9rieurs. Chaque four de la gamme ID Series est con\u00e7u pour sublimer votre cr\u00e9ativit\u00e9 culinaire et devenir un v\u00e9ritable assistant qui r\u00e9v\u00e8le tout votre potentiel en cuisine. Cette prouesse est rendue possible gr\u00e2ce \u00e0 Bionicook, une fusion entre technologie de pointe et compr\u00e9hension approfondie des besoins humains. D\u00e9couvrez l&#039;Intelligence Bionic, la puissance de l&#039;int\u00e9gration avanc\u00e9e de l&#039;IA dans nos fours ID Series 2, combin\u00e9e aux possibilit\u00e9s infinies offertes par l&#039;application hOn. Explorez ainsi un large \u00e9ventail de nouvelles recettes, facilement filtrables et enregistrables selon vos go\u00fbts et vos exigences alimentaires.<\/span><\/p>","protected":false},"featured_media":1059,"comment_status":"open","ping_status":"closed","template":"","meta":[],"product_brand":[],"product_cat":[73,71],"product_tag":[],"class_list":{"0":"post-806","1":"product","2":"type-product","3":"status-publish","4":"has-post-thumbnail","6":"product_cat-electrodomesticos","7":"product_cat-horno","9":"first","10":"instock","11":"taxable","12":"shipping-taxable","13":"purchasable","14":"product-type-variable"},"yoast_head":"<!-- This site is optimized with the Yoast SEO plugin v26.0 - https:\/\/yoast.com\/wordpress\/plugins\/seo\/ -->\n<title>HORNO HAIER 60 CM - EVOA<\/title>\n<meta name=\"robots\" content=\"index, follow, max-snippet:-1, max-image-preview:large, max-video-preview:-1\" \/>\n<link rel=\"canonical\" href=\"https:\/\/evoabyinstalacionesfontes.com\/fr\/produit\/horno-haier-60-cm\/\" \/>\n<meta property=\"og:locale\" content=\"fr_FR\" \/>\n<meta property=\"og:type\" content=\"article\" \/>\n<meta property=\"og:title\" content=\"HORNO HAIER 60 CM - EVOA\" \/>\n<meta property=\"og:description\" content=\"ID Series 2 presenta un dise\u00f1o moderno y familiar, elaborado con materiales aut\u00e9nticos que est\u00e1n hechos para perdurar. Su estilo minimalista se integra a la perfecci\u00f3n en cualquier hogar. Todos los hornos ID Series est\u00e1n dise\u00f1ados para realzar tu identidad culinaria \u00fanica, convirti\u00e9ndose en un asistente real que desbloquea tu potencial en la cocina. Esto es posible gracias a Bionicook, una fusi\u00f3n de tecnolog\u00eda de vanguardia y un profundo entendimiento de las caracter\u00edsticas humanas. Experimenta la Inteligencia Bi\u00f3nica, el poder de la avanzada integraci\u00f3n de IA en nuestros hornos de la ID Series 2, combinada con las infinitas posibilidades que ofrece la app hOn. Esto te permite explorar una amplia gama de nuevas recetas, que pueden filtrarse y guardarse f\u00e1cilmente seg\u00fan tus gustos personales y requisitos diet\u00e9ticos.\" \/>\n<meta property=\"og:url\" content=\"https:\/\/evoabyinstalacionesfontes.com\/fr\/produit\/horno-haier-60-cm\/\" \/>\n<meta property=\"og:site_name\" content=\"EVOA\" \/>\n<meta property=\"article:modified_time\" content=\"2025-09-02T09:06:16+00:00\" \/>\n<meta property=\"og:image\" content=\"https:\/\/evoabyinstalacionesfontes.com\/wp-content\/uploads\/2025\/07\/1.webp\" \/>\n\t<meta property=\"og:image:width\" content=\"1000\" \/>\n\t<meta property=\"og:image:height\" content=\"1000\" \/>\n\t<meta property=\"og:image:type\" content=\"image\/webp\" \/>\n<meta name=\"twitter:card\" content=\"summary_large_image\" \/>\n<script type=\"application\/ld+json\" class=\"yoast-schema-graph\">{\"@context\":\"https:\/\/schema.org\",\"@graph\":[{\"@type\":\"WebPage\",\"@id\":\"https:\/\/evoabyinstalacionesfontes.com\/producto\/horno-haier-60-cm\/\",\"url\":\"https:\/\/evoabyinstalacionesfontes.com\/producto\/horno-haier-60-cm\/\",\"name\":\"HORNO HAIER 60 CM - EVOA\",\"isPartOf\":{\"@id\":\"https:\/\/evoabyinstalacionesfontes.com\/#website\"},\"primaryImageOfPage\":{\"@id\":\"https:\/\/evoabyinstalacionesfontes.com\/producto\/horno-haier-60-cm\/#primaryimage\"},\"image\":{\"@id\":\"https:\/\/evoabyinstalacionesfontes.com\/producto\/horno-haier-60-cm\/#primaryimage\"},\"thumbnailUrl\":\"https:\/\/evoabyinstalacionesfontes.com\/wp-content\/uploads\/2025\/07\/1.webp\",\"datePublished\":\"2025-07-10T14:59:58+00:00\",\"dateModified\":\"2025-09-02T09:06:16+00:00\",\"breadcrumb\":{\"@id\":\"https:\/\/evoabyinstalacionesfontes.com\/producto\/horno-haier-60-cm\/#breadcrumb\"},\"inLanguage\":\"fr-FR\",\"potentialAction\":[{\"@type\":\"ReadAction\",\"target\":[\"https:\/\/evoabyinstalacionesfontes.com\/producto\/horno-haier-60-cm\/\"]}]},{\"@type\":\"ImageObject\",\"inLanguage\":\"fr-FR\",\"@id\":\"https:\/\/evoabyinstalacionesfontes.com\/producto\/horno-haier-60-cm\/#primaryimage\",\"url\":\"https:\/\/evoabyinstalacionesfontes.com\/wp-content\/uploads\/2025\/07\/1.webp\",\"contentUrl\":\"https:\/\/evoabyinstalacionesfontes.com\/wp-content\/uploads\/2025\/07\/1.webp\",\"width\":1000,\"height\":1000},{\"@type\":\"BreadcrumbList\",\"@id\":\"https:\/\/evoabyinstalacionesfontes.com\/producto\/horno-haier-60-cm\/#breadcrumb\",\"itemListElement\":[{\"@type\":\"ListItem\",\"position\":1,\"name\":\"Portada\",\"item\":\"https:\/\/evoabyinstalacionesfontes.com\/\"},{\"@type\":\"ListItem\",\"position\":2,\"name\":\"Tienda\",\"item\":\"https:\/\/evoabyinstalacionesfontes.com\/tienda\/\"},{\"@type\":\"ListItem\",\"position\":3,\"name\":\"HORNO HAIER 60 CM\"}]},{\"@type\":\"WebSite\",\"@id\":\"https:\/\/evoabyinstalacionesfontes.com\/#website\",\"url\":\"https:\/\/evoabyinstalacionesfontes.com\/\",\"name\":\"EVOA\",\"description\":\"Tu tienda online de iluminaci\u00f3n y electrodom\u00e9sticos\",\"potentialAction\":[{\"@type\":\"SearchAction\",\"target\":{\"@type\":\"EntryPoint\",\"urlTemplate\":\"https:\/\/evoabyinstalacionesfontes.com\/?s={search_term_string}\"},\"query-input\":{\"@type\":\"PropertyValueSpecification\",\"valueRequired\":true,\"valueName\":\"search_term_string\"}}],\"inLanguage\":\"fr-FR\"}]}<\/script>\n<!-- \/ Yoast SEO plugin. -->","yoast_head_json":{"title":"HORNO HAIER 60 CM - EVOA","robots":{"index":"index","follow":"follow","max-snippet":"max-snippet:-1","max-image-preview":"max-image-preview:large","max-video-preview":"max-video-preview:-1"},"canonical":"https:\/\/evoabyinstalacionesfontes.com\/fr\/produit\/horno-haier-60-cm\/","og_locale":"fr_FR","og_type":"article","og_title":"HORNO HAIER 60 CM - EVOA","og_description":"ID Series 2 presenta un dise\u00f1o moderno y familiar, elaborado con materiales aut\u00e9nticos que est\u00e1n hechos para perdurar. Su estilo minimalista se integra a la perfecci\u00f3n en cualquier hogar. Todos los hornos ID Series est\u00e1n dise\u00f1ados para realzar tu identidad culinaria \u00fanica, convirti\u00e9ndose en un asistente real que desbloquea tu potencial en la cocina. Esto es posible gracias a Bionicook, una fusi\u00f3n de tecnolog\u00eda de vanguardia y un profundo entendimiento de las caracter\u00edsticas humanas. Experimenta la Inteligencia Bi\u00f3nica, el poder de la avanzada integraci\u00f3n de IA en nuestros hornos de la ID Series 2, combinada con las infinitas posibilidades que ofrece la app hOn. Esto te permite explorar una amplia gama de nuevas recetas, que pueden filtrarse y guardarse f\u00e1cilmente seg\u00fan tus gustos personales y requisitos diet\u00e9ticos.","og_url":"https:\/\/evoabyinstalacionesfontes.com\/fr\/produit\/horno-haier-60-cm\/","og_site_name":"EVOA","article_modified_time":"2025-09-02T09:06:16+00:00","og_image":[{"width":1000,"height":1000,"url":"https:\/\/evoabyinstalacionesfontes.com\/wp-content\/uploads\/2025\/07\/1.webp","type":"image\/webp"}],"twitter_card":"summary_large_image","schema":{"@context":"https:\/\/schema.org","@graph":[{"@type":"WebPage","@id":"https:\/\/evoabyinstalacionesfontes.com\/producto\/horno-haier-60-cm\/","url":"https:\/\/evoabyinstalacionesfontes.com\/producto\/horno-haier-60-cm\/","name":"HORNO HAIER 60 CM - EVOA","isPartOf":{"@id":"https:\/\/evoabyinstalacionesfontes.com\/#website"},"primaryImageOfPage":{"@id":"https:\/\/evoabyinstalacionesfontes.com\/producto\/horno-haier-60-cm\/#primaryimage"},"image":{"@id":"https:\/\/evoabyinstalacionesfontes.com\/producto\/horno-haier-60-cm\/#primaryimage"},"thumbnailUrl":"https:\/\/evoabyinstalacionesfontes.com\/wp-content\/uploads\/2025\/07\/1.webp","datePublished":"2025-07-10T14:59:58+00:00","dateModified":"2025-09-02T09:06:16+00:00","breadcrumb":{"@id":"https:\/\/evoabyinstalacionesfontes.com\/producto\/horno-haier-60-cm\/#breadcrumb"},"inLanguage":"fr-FR","potentialAction":[{"@type":"ReadAction","target":["https:\/\/evoabyinstalacionesfontes.com\/producto\/horno-haier-60-cm\/"]}]},{"@type":"ImageObject","inLanguage":"fr-FR","@id":"https:\/\/evoabyinstalacionesfontes.com\/producto\/horno-haier-60-cm\/#primaryimage","url":"https:\/\/evoabyinstalacionesfontes.com\/wp-content\/uploads\/2025\/07\/1.webp","contentUrl":"https:\/\/evoabyinstalacionesfontes.com\/wp-content\/uploads\/2025\/07\/1.webp","width":1000,"height":1000},{"@type":"BreadcrumbList","@id":"https:\/\/evoabyinstalacionesfontes.com\/producto\/horno-haier-60-cm\/#breadcrumb","itemListElement":[{"@type":"ListItem","position":1,"name":"Portada","item":"https:\/\/evoabyinstalacionesfontes.com\/"},{"@type":"ListItem","position":2,"name":"Tienda","item":"https:\/\/evoabyinstalacionesfontes.com\/tienda\/"},{"@type":"ListItem","position":3,"name":"HORNO HAIER 60 CM"}]},{"@type":"WebSite","@id":"https:\/\/evoabyinstalacionesfontes.com\/#website","url":"https:\/\/evoabyinstalacionesfontes.com\/","name":"EVOA","description":"Votre boutique en ligne d&#039;\u00e9clairage et d&#039;\u00e9lectrom\u00e9nager","potentialAction":[{"@type":"SearchAction","target":{"@type":"EntryPoint","urlTemplate":"https:\/\/evoabyinstalacionesfontes.com\/?s={search_term_string}"},"query-input":{"@type":"PropertyValueSpecification","valueRequired":true,"valueName":"search_term_string"}}],"inLanguage":"fr-FR"}]}},"_links":{"self":[{"href":"https:\/\/evoabyinstalacionesfontes.com\/fr\/wp-json\/wp\/v2\/product\/806","targetHints":{"allow":["GET"]}}],"collection":[{"href":"https:\/\/evoabyinstalacionesfontes.com\/fr\/wp-json\/wp\/v2\/product"}],"about":[{"href":"https:\/\/evoabyinstalacionesfontes.com\/fr\/wp-json\/wp\/v2\/types\/product"}],"replies":[{"embeddable":true,"href":"https:\/\/evoabyinstalacionesfontes.com\/fr\/wp-json\/wp\/v2\/comments?post=806"}],"wp:featuredmedia":[{"embeddable":true,"href":"https:\/\/evoabyinstalacionesfontes.com\/fr\/wp-json\/wp\/v2\/media\/1059"}],"wp:attachment":[{"href":"https:\/\/evoabyinstalacionesfontes.com\/fr\/wp-json\/wp\/v2\/media?parent=806"}],"wp:term":[{"taxonomy":"product_brand","embeddable":true,"href":"https:\/\/evoabyinstalacionesfontes.com\/fr\/wp-json\/wp\/v2\/product_brand?post=806"},{"taxonomy":"product_cat","embeddable":true,"href":"https:\/\/evoabyinstalacionesfontes.com\/fr\/wp-json\/wp\/v2\/product_cat?post=806"},{"taxonomy":"product_tag","embeddable":true,"href":"https:\/\/evoabyinstalacionesfontes.com\/fr\/wp-json\/wp\/v2\/product_tag?post=806"}],"curies":[{"name":"wp","href":"https:\/\/api.w.org\/{rel}","templated":true}]}}